{"id":1238,"date":"2021-01-23T15:02:35","date_gmt":"2021-01-23T14:02:35","guid":{"rendered":"https:\/\/www.sonusarts.com\/management\/matvey-demin-copy\/"},"modified":"2022-03-25T22:47:08","modified_gmt":"2022-03-25T21:47:08","slug":"donghwan-yoon","status":"publish","type":"page","link":"https:\/\/www.sonusarts.com\/de\/artists\/donghwan-yoon\/","title":{"rendered":"Donghwan Yoon"},"content":{"rendered":"<p>[et_pb_section fb_built=&#8220;1&#8243; _builder_version=&#8220;4.6.6&#8243; _module_preset=&#8220;default&#8220; global_colors_info=&#8220;{}&#8220;][et_pb_row column_structure=&#8220;1_2,1_2&#8243; _builder_version=&#8220;4.6.6&#8243; _module_preset=&#8220;default&#8220; global_colors_info=&#8220;{}&#8220;][et_pb_column type=&#8220;1_2&#8243; _builder_version=&#8220;4.6.6&#8243; _module_preset=&#8220;default&#8220; global_colors_info=&#8220;{}&#8220;][et_pb_image src=&#8220;https:\/\/www.sonusarts.com\/wp-content\/uploads\/donghwan_yoon_800x1200.jpg&#8220; alt=&#8220;Donghwan Yoon&#8220; title_text=&#8220;Donghwan Yoon&#8220; _builder_version=&#8220;4.8.1&#8243; _module_preset=&#8220;default&#8220; global_colors_info=&#8220;{}&#8220;][\/et_pb_image][\/et_pb_column][et_pb_column type=&#8220;1_2&#8243; _builder_version=&#8220;4.6.6&#8243; _module_preset=&#8220;default&#8220; global_colors_info=&#8220;{}&#8220;][et_pb_text _builder_version=&#8220;4.8.1&#8243; _module_preset=&#8220;default&#8220; global_colors_info=&#8220;{}&#8220;]<\/p>\n<p><strong>SonusArts Artist<\/strong><\/p>\n<h1>Donghwan Yoon<\/h1>\n<p>Der Violinist Donghwan Yoon ist Preistr\u00e4ger des &#8222;Emerging Artists Award&#8220; des Korea Music Journal und wurde 2016 als K\u00fcnstler f\u00fcr die &#8222;Samsung Rising Star&#8220;-Serie ausgew\u00e4hlt.<\/p>\n<p>Als Solist trat er in Firenze (Italien), Apeldoorn (Niederlande), Bonn, K\u00f6ln (Deutschland) und beim &#8222;Klassik Fest 2009&#8220; in der Schweiz auf, und 2011 wurde er zum Klassik Fest und zum Zurich Arts Festival eingeladen. Im darauffolgenden Jahr 2012 wurde er als K\u00fcnstler f\u00fcr das &#8222;Surprise Concert&#8220; in der Tonhalle Z\u00fcrich ausgew\u00e4hlt, und dieser Auftritt wurde live aufgezeichnet.<\/p>\n<p>Donghwan Yoon lie\u00df sich in Seoul, Korea, nieder und startete dort seine Karriere mit seinem hochgelobten Rezital im Seoul Arts Center im Februar 2015. Er tritt aktiv als Mitglied des Koreanischen Kammerorchesters und Gastkonzertmeister des Pohang Symphony Orchestra und des Chungnam Symphony Orchestra sowie als Mitglied der ZHdK Strings auf.<\/p>\n<p>Er arbeitet regelm\u00e4ssig mit renommierten Musikern u.a. Shlomo Mintz, Sarah Chang, Arto Noras, Ilya Gringolts, Rudolf Koelman, Elina V\u00e4h\u00e4l\u00e4 zusammen.<\/p>\n<p>\u00a0Derzeit unterrichtet er an der Yonsei Universit\u00e4t in Korea.<\/p>\n<p>Donghwan Yoon spielt auf einer 1712er Carlo Giuseppe Testore Violine aus Mailand.<\/p>\n<p>&nbsp;<\/p>\n<p>[\/et_pb_text][\/et_pb_column][\/et_pb_row][et_pb_row column_structure=&#8220;1_4,1_4,1_4,1_4&#8243; _builder_version=&#8220;4.14.7&#8243; _module_preset=&#8220;default&#8220; global_colors_info=&#8220;{}&#8220;][et_pb_column type=&#8220;1_4&#8243; _builder_version=&#8220;4.14.7&#8243; _module_preset=&#8220;default&#8220; global_colors_info=&#8220;{}&#8220;][et_pb_image src=&#8220;https:\/\/www.sonusarts.com\/wp-content\/uploads\/Donghwan-Yoon-Poster.jpg&#8220; alt=&#8220;Donghwan Yoon Poster&#8220; title_text=&#8220;Donghwan Yoon Poster&#8220; _builder_version=&#8220;4.14.7&#8243; _module_preset=&#8220;default&#8220; global_colors_info=&#8220;{}&#8220;][\/et_pb_image][\/et_pb_column][et_pb_column type=&#8220;1_4&#8243; _builder_version=&#8220;4.14.7&#8243; _module_preset=&#8220;default&#8220; global_colors_info=&#8220;{}&#8220;][et_pb_image src=&#8220;https:\/\/www.sonusarts.com\/wp-content\/uploads\/IMG_3710.jpg&#8220; alt=&#8220;Donghwan Yoon&#8220; title_text=&#8220;IMG_3710&#8243; _builder_version=&#8220;4.14.7&#8243; _module_preset=&#8220;default&#8220; global_colors_info=&#8220;{}&#8220;][\/et_pb_image][\/et_pb_column][et_pb_column type=&#8220;1_4&#8243; _builder_version=&#8220;4.14.7&#8243; _module_preset=&#8220;default&#8220; global_colors_info=&#8220;{}&#8220;][\/et_pb_column][et_pb_column type=&#8220;1_4&#8243; _builder_version=&#8220;4.14.7&#8243; _module_preset=&#8220;default&#8220; global_colors_info=&#8220;{}&#8220;][\/et_pb_column][\/et_pb_row][\/et_pb_section]<\/p>\n","protected":false},"excerpt":{"rendered":"<p>SonusArts Artist Donghwan Yoon Der Violinist Donghwan Yoon ist Preistr\u00e4ger des &#8222;Emerging Artists Award&#8220; des Korea Music Journal und wurde 2016 als K\u00fcnstler f\u00fcr die &#8222;Samsung Rising Star&#8220;-Serie ausgew\u00e4hlt. Als Solist trat er in Firenze (Italien), Apeldoorn (Niederlande), Bonn, K\u00f6ln (Deutschland) und beim &#8222;Klassik Fest 2009&#8220; in der Schweiz auf, und 2011 wurde er zum [&hellip;]<\/p>\n","protected":false},"author":2,"featured_media":0,"parent":420,"menu_order":0,"comment_status":"closed","ping_status":"closed","template":"","meta":{"_et_pb_use_builder":"on","_et_pb_old_content":"","_et_gb_content_width":"","footnotes":""},"class_list":["post-1238","page","type-page","status-publish","hentry"],"yoast_head":"<!-- This site is optimized with the Yoast SEO plugin v27.1.1 - https:\/\/yoast.com\/product\/yoast-seo-wordpress\/ -->\n<title>Donghwan Yoon - SonusArts<\/title>\n<meta name=\"robots\" content=\"index, follow, max-snippet:-1, max-image-preview:large, max-video-preview:-1\" \/>\n<link rel=\"canonical\" href=\"https:\/\/www.sonusarts.com\/de\/artists\/donghwan-yoon\/\" \/>\n<meta property=\"og:locale\" content=\"de_DE\" \/>\n<meta property=\"og:type\" content=\"article\" \/>\n<meta property=\"og:title\" content=\"Donghwan Yoon - SonusArts\" \/>\n<meta property=\"og:description\" content=\"SonusArts Artist Donghwan Yoon Der Violinist Donghwan Yoon ist Preistr\u00e4ger des &quot;Emerging Artists Award&quot; des Korea Music Journal und wurde 2016 als K\u00fcnstler f\u00fcr die &quot;Samsung Rising Star&quot;-Serie ausgew\u00e4hlt. Als Solist trat er in Firenze (Italien), Apeldoorn (Niederlande), Bonn, K\u00f6ln (Deutschland) und beim &quot;Klassik Fest 2009&quot; in der Schweiz auf, und 2011 wurde er zum [&hellip;]\" \/>\n<meta property=\"og:url\" content=\"https:\/\/www.sonusarts.com\/de\/artists\/donghwan-yoon\/\" \/>\n<meta property=\"og:site_name\" content=\"SonusArts\" \/>\n<meta property=\"article:modified_time\" content=\"2022-03-25T21:47:08+00:00\" \/>\n<meta name=\"twitter:card\" content=\"summary_large_image\" \/>\n<meta name=\"twitter:label1\" content=\"Gesch\u00e4tzte Lesezeit\" \/>\n\t<meta name=\"twitter:data1\" content=\"2\u00a0Minuten\" \/>\n<script type=\"application\/ld+json\" class=\"yoast-schema-graph\">{\"@context\":\"https:\/\/schema.org\",\"@graph\":[{\"@type\":\"WebPage\",\"@id\":\"https:\/\/www.sonusarts.com\/de\/artists\/donghwan-yoon\/\",\"url\":\"https:\/\/www.sonusarts.com\/de\/artists\/donghwan-yoon\/\",\"name\":\"Donghwan Yoon - SonusArts\",\"isPartOf\":{\"@id\":\"https:\/\/www.sonusarts.com\/de\/#website\"},\"datePublished\":\"2021-01-23T14:02:35+00:00\",\"dateModified\":\"2022-03-25T21:47:08+00:00\",\"breadcrumb\":{\"@id\":\"https:\/\/www.sonusarts.com\/de\/artists\/donghwan-yoon\/#breadcrumb\"},\"inLanguage\":\"de\",\"potentialAction\":[{\"@type\":\"ReadAction\",\"target\":[\"https:\/\/www.sonusarts.com\/de\/artists\/donghwan-yoon\/\"]}]},{\"@type\":\"BreadcrumbList\",\"@id\":\"https:\/\/www.sonusarts.com\/de\/artists\/donghwan-yoon\/#breadcrumb\",\"itemListElement\":[{\"@type\":\"ListItem\",\"position\":1,\"name\":\"Home\",\"item\":\"https:\/\/www.sonusarts.com\/de\/\"},{\"@type\":\"ListItem\",\"position\":2,\"name\":\"Artists\",\"item\":\"https:\/\/www.sonusarts.com\/de\/artists\/\"},{\"@type\":\"ListItem\",\"position\":3,\"name\":\"Donghwan Yoon\"}]},{\"@type\":\"WebSite\",\"@id\":\"https:\/\/www.sonusarts.com\/de\/#website\",\"url\":\"https:\/\/www.sonusarts.com\/de\/\",\"name\":\"SonusArts\",\"description\":\"Guiding musicians to their full potential\",\"potentialAction\":[{\"@type\":\"SearchAction\",\"target\":{\"@type\":\"EntryPoint\",\"urlTemplate\":\"https:\/\/www.sonusarts.com\/de\/?s={search_term_string}\"},\"query-input\":{\"@type\":\"PropertyValueSpecification\",\"valueRequired\":true,\"valueName\":\"search_term_string\"}}],\"inLanguage\":\"de\"}]}<\/script>\n<!-- \/ Yoast SEO plugin. -->","yoast_head_json":{"title":"Donghwan Yoon - SonusArts","robots":{"index":"index","follow":"follow","max-snippet":"max-snippet:-1","max-image-preview":"max-image-preview:large","max-video-preview":"max-video-preview:-1"},"canonical":"https:\/\/www.sonusarts.com\/de\/artists\/donghwan-yoon\/","og_locale":"de_DE","og_type":"article","og_title":"Donghwan Yoon - SonusArts","og_description":"SonusArts Artist Donghwan Yoon Der Violinist Donghwan Yoon ist Preistr\u00e4ger des \"Emerging Artists Award\" des Korea Music Journal und wurde 2016 als K\u00fcnstler f\u00fcr die \"Samsung Rising Star\"-Serie ausgew\u00e4hlt. Als Solist trat er in Firenze (Italien), Apeldoorn (Niederlande), Bonn, K\u00f6ln (Deutschland) und beim \"Klassik Fest 2009\" in der Schweiz auf, und 2011 wurde er zum [&hellip;]","og_url":"https:\/\/www.sonusarts.com\/de\/artists\/donghwan-yoon\/","og_site_name":"SonusArts","article_modified_time":"2022-03-25T21:47:08+00:00","twitter_card":"summary_large_image","twitter_misc":{"Gesch\u00e4tzte Lesezeit":"2\u00a0Minuten"},"schema":{"@context":"https:\/\/schema.org","@graph":[{"@type":"WebPage","@id":"https:\/\/www.sonusarts.com\/de\/artists\/donghwan-yoon\/","url":"https:\/\/www.sonusarts.com\/de\/artists\/donghwan-yoon\/","name":"Donghwan Yoon - SonusArts","isPartOf":{"@id":"https:\/\/www.sonusarts.com\/de\/#website"},"datePublished":"2021-01-23T14:02:35+00:00","dateModified":"2022-03-25T21:47:08+00:00","breadcrumb":{"@id":"https:\/\/www.sonusarts.com\/de\/artists\/donghwan-yoon\/#breadcrumb"},"inLanguage":"de","potentialAction":[{"@type":"ReadAction","target":["https:\/\/www.sonusarts.com\/de\/artists\/donghwan-yoon\/"]}]},{"@type":"BreadcrumbList","@id":"https:\/\/www.sonusarts.com\/de\/artists\/donghwan-yoon\/#breadcrumb","itemListElement":[{"@type":"ListItem","position":1,"name":"Home","item":"https:\/\/www.sonusarts.com\/de\/"},{"@type":"ListItem","position":2,"name":"Artists","item":"https:\/\/www.sonusarts.com\/de\/artists\/"},{"@type":"ListItem","position":3,"name":"Donghwan Yoon"}]},{"@type":"WebSite","@id":"https:\/\/www.sonusarts.com\/de\/#website","url":"https:\/\/www.sonusarts.com\/de\/","name":"SonusArts","description":"Guiding musicians to their full potential","potentialAction":[{"@type":"SearchAction","target":{"@type":"EntryPoint","urlTemplate":"https:\/\/www.sonusarts.com\/de\/?s={search_term_string}"},"query-input":{"@type":"PropertyValueSpecification","valueRequired":true,"valueName":"search_term_string"}}],"inLanguage":"de"}]}},"_links":{"self":[{"href":"https:\/\/www.sonusarts.com\/de\/wp-json\/wp\/v2\/pages\/1238","targetHints":{"allow":["GET"]}}],"collection":[{"href":"https:\/\/www.sonusarts.com\/de\/wp-json\/wp\/v2\/pages"}],"about":[{"href":"https:\/\/www.sonusarts.com\/de\/wp-json\/wp\/v2\/types\/page"}],"author":[{"embeddable":true,"href":"https:\/\/www.sonusarts.com\/de\/wp-json\/wp\/v2\/users\/2"}],"replies":[{"embeddable":true,"href":"https:\/\/www.sonusarts.com\/de\/wp-json\/wp\/v2\/comments?post=1238"}],"version-history":[{"count":11,"href":"https:\/\/www.sonusarts.com\/de\/wp-json\/wp\/v2\/pages\/1238\/revisions"}],"predecessor-version":[{"id":2613,"href":"https:\/\/www.sonusarts.com\/de\/wp-json\/wp\/v2\/pages\/1238\/revisions\/2613"}],"up":[{"embeddable":true,"href":"https:\/\/www.sonusarts.com\/de\/wp-json\/wp\/v2\/pages\/420"}],"wp:attachment":[{"href":"https:\/\/www.sonusarts.com\/de\/wp-json\/wp\/v2\/media?parent=1238"}],"curies":[{"name":"wp","href":"https:\/\/api.w.org\/{rel}","templated":true}]}}