{"id":1251,"date":"2021-01-23T15:11:57","date_gmt":"2021-01-23T14:11:57","guid":{"rendered":"https:\/\/www.sonusarts.com\/management\/donghwan-yoon-copy\/"},"modified":"2022-08-04T16:30:31","modified_gmt":"2022-08-04T14:30:31","slug":"aoide-trio","status":"publish","type":"page","link":"https:\/\/www.sonusarts.com\/de\/artists\/aoide-trio\/","title":{"rendered":"AOIDE Trio"},"content":{"rendered":"<p>[et_pb_section fb_built=&#8220;1&#8243; _builder_version=&#8220;4.16&#8243; _module_preset=&#8220;default&#8220; global_colors_info=&#8220;{}&#8220;][et_pb_row column_structure=&#8220;1_2,1_2&#8243; _builder_version=&#8220;4.16&#8243; _module_preset=&#8220;default&#8220; global_colors_info=&#8220;{}&#8220;][et_pb_column type=&#8220;1_2&#8243; _builder_version=&#8220;4.16&#8243; _module_preset=&#8220;default&#8220; global_colors_info=&#8220;{}&#8220;][et_pb_image src=&#8220;https:\/\/www.sonusarts.com\/wp-content\/uploads\/aoide_trio_2022_1920x1080.jpg&#8220; alt=&#8220;AOIDE Trio&#8220; title_text=&#8220;AOIDE Trio&#8220; _builder_version=&#8220;4.17.3&#8243; _module_preset=&#8220;default&#8220; global_colors_info=&#8220;{}&#8220;][\/et_pb_image][et_pb_text _builder_version=&#8220;4.16&#8243; _module_preset=&#8220;default&#8220; global_colors_info=&#8220;{}&#8220;]<\/p>\n<div class=\"\">Klaidi Sahat\u00e7i, Violine<\/div>\n<div class=\"\">Sasha Neustroev, Violoncello<\/div>\n<div class=\"\">Seung-Yeun Huh, Klavier\u00a0<\/div>\n<p>[\/et_pb_text][et_pb_text _builder_version=&#8220;4.16&#8243; _module_preset=&#8220;default&#8220; global_colors_info=&#8220;{}&#8220;]<\/p>\n<p><a href=\"https:\/\/www.aoidetrio.com\/\" target=\"_blank\" rel=\"noopener\">www.aoidetrio.com<\/a><\/p>\n<p>[\/et_pb_text][et_pb_text _builder_version=&#8220;4.17.6&#8243; _module_preset=&#8220;default&#8220; global_colors_info=&#8220;{}&#8220;]<\/p>\n<p><strong>Korea Tournee 2022<\/strong><\/p>\n<p>27. April: IBK Chamber Hall, Seoul Arts Center, Seoul<\/p>\n<p>29. April: Seongnam Art Center, Concert Hall, Seongnam<\/p>\n<p>[\/et_pb_text][\/et_pb_column][et_pb_column type=&#8220;1_2&#8243; _builder_version=&#8220;4.16&#8243; _module_preset=&#8220;default&#8220; global_colors_info=&#8220;{}&#8220;][et_pb_text _builder_version=&#8220;4.16&#8243; _module_preset=&#8220;default&#8220; global_colors_info=&#8220;{}&#8220;]<\/p>\n<p><strong>SonusArts Artists<\/strong><\/p>\n<h1>AOIDE Trio<\/h1>\n<p>Das 2016 gegr\u00fcndete AOIDE Trio begeisterte bereits bei seinem Debut in Z\u00fcrich Presse und Publikum. Die international bekannten Musiker haben sich mit dem AOIDE Trio eine eigene musikalische Heimat geschaffen und f\u00fchlen sich bei ihrer Zusammenarbeit stets aufs Neue inspiriert. Ihre mitreissenden Interpretationen zeigen nicht nur ihr technisch h\u00f6chst ausgefeiltes Niveau, sondern lassen die Zuh\u00f6renden in eine Welt der vielf\u00e4ltigsten Emotionen eintauchen.<\/p>\n<p>Konzertreisen, Kurse und Lehrt\u00e4tigkeiten an verschiedenen Institutionen sind weitere Eckpfeiler der wichtigen T\u00e4tigkeiten der Mitglieder des AOIDE Trios. Der Konzertmeister des Tonhalle-Orchesters Z\u00fcrich, Klaidi Sahat\u00e7i und Sasha Neustroev, stellvertretender Solocellist im selben Orchester, sind langj\u00e4hrige Musikpartner, die mit der Pianistin Seung-Yeun Huh ein im wahrsten Sinne des Wortes internationales Ensemble bilden.<\/p>\n<p>Die drei Musikerpers\u00f6nlichkeiten bringen eine reiche, weltumspannende Erfahrung auf internationalen B\u00fchnen als Solisten und Kammermusiker mit und machen somit das AOIDE Trio zu einem einzigartigen Klangk\u00f6rper.<\/p>\n<p>[\/et_pb_text][\/et_pb_column][\/et_pb_row][et_pb_row column_structure=&#8220;1_3,1_3,1_3&#8243; _builder_version=&#8220;4.16&#8243; _module_preset=&#8220;default&#8220; global_colors_info=&#8220;{}&#8220;][et_pb_column type=&#8220;1_3&#8243; _builder_version=&#8220;4.16&#8243; _module_preset=&#8220;default&#8220; global_colors_info=&#8220;{}&#8220;][et_pb_text _builder_version=&#8220;4.16&#8243; _module_preset=&#8220;default&#8220; global_colors_info=&#8220;{}&#8220;]<\/p>\n<h2>Seung-Yeun Huh<\/h2>\n<p>Seoul, Korea geboren, studierte in Deutschland, England und in den USA. Sie gewann mehrere Preise bei internationalen Wettbewerben und konzertiert seither\u00a0in den USA, in Asien und mehreren verschiedenen europ\u00e4ischen L\u00e4ndern.<\/p>\n<p>Sie arbeitet regelm\u00e4ssig mit Dirigenten wie David Zinman, Adam Fischer, John Curro, Peter Kuhn, Heribert Beissel, Marcus Bosch, Pietari Inkinen<span>\u00a0 <\/span>und Wolfram Christ zusammen, und konzertiert mit Klangk\u00f6rpern wie dem Baltimore Symphony Orchestra, der \u00d6sterreichisch-Ungarischen Haydn-Philharmonie, den Bielefelder Philharmonikern, dem Philhar-monischen Staatsorchester Halle, dem Kurpf\u00e4lzischen Kammerorchester, camerata Z\u00fcrich und Sejong Soloists. Neben der solistischen T\u00e4tigkeit ist Seung-Yeun Huh auch eine gefragte Kammer-musikerin. Das 1996 gegr\u00fcndete &#8222;<em>Huh Trio&#8220;<\/em><span> (mit zwei ihrer Schwestern) feiert 2016 ihr 20 j\u00e4hriges Bestehen. Zudem tritt sie regelm\u00e4ssig in verschiedenen Kammermusikformationen wie Horn Trio und Klavierquintett mit Bl\u00e4sern oder Streichern\u00a0 auf. Zu ihren Kammermusikpartnern z\u00e4hlen u.a. Mischa Greull (Horn), Andreas Janke (Violine), Musiker aus dem Tonhalle-Orchesters Z\u00fcrich und das Stradivari Quartett.\u00a0\u00a0 <\/span><\/p>\n<p><span>2016 gr\u00fcndete Seung-Yeun Huh gemeinsam mit Klaidi Sahat\u00e7i, Violine, und Sasha Neustroev, Violoncello, das AOIDE Trio.<\/span><\/p>\n<p><span>Nach der erfolgreichen Gesamt-einspielung der Klaviersonaten und Klavierst\u00fccken von W. A. Mozart auf f\u00fcnf CDs beim Label ARS MUSICI erschienen die drei B\u00e4nde &#8222;Ann\u00e9es de P\u00e8lerinage&#8220; von Franz Liszt auf zwei CDs in Zusammenarbeit von DLF und ARS MUSICI.\u00a02012 nahm sie die beiden sp\u00e4ten Klaviersonaten c-Moll und B-Dur von Franz Schubert <\/span>bei ACUSTICA RECORDS und im darauffolgenden Jahr die Aufnahme <span>des Huh Trios mit Werken von Dmitri Schostakowitsch und Joseph Haydn<\/span>. 2017 zeichnete Seung-Yeun Huh gemeinsam mit dem Hornisten Mischa Greull und Andreas Janke, Violine, Kammermusikwerke u.a. das bekannte Brahms Horntrio beim Schweizer Radio auf.<\/p>\n<p>2017 wurde die Gesamteinspielung der Mozarts Werken durch das chinesische Label \u201eEnsign Culture\u201c erneut auf den Markt gebracht. Eine CD-Einspielung mit Solo-Werken von Schumann in Zusammenarbeit von SRF und Solo Musica in Planung im Dezember 2020.<\/p>\n<p>Neben der Konzertt\u00e4tigkeit ist Seung-Yeun Huh ausgebildete Kultur-managerin und Prorektorin an der Musikschule Konservatorium Z\u00fcrich.<\/p>\n<p>[\/et_pb_text][\/et_pb_column][et_pb_column type=&#8220;1_3&#8243; _builder_version=&#8220;4.16&#8243; _module_preset=&#8220;default&#8220; global_colors_info=&#8220;{}&#8220;][et_pb_text _builder_version=&#8220;4.16&#8243; _module_preset=&#8220;default&#8220; global_colors_info=&#8220;{}&#8220;]<\/p>\n<h2>Klaidi Sahat\u00e7i<\/h2>\n<p>In Tirana geboren, studierte am Konservatorium G. Verdi in Mailand, wo er 1994 mit h\u00f6chster Auszeichnung und ehrenvoller Erw\u00e4hnung das Solistendiplom unter der Leitung von Gigino Maestri erlangte. Weitere Stationen waren Meisterklassen bei Salvatore Accardo an der Accademia W. Stauffer in Cremona und bei Boris Garlitzky in Lyon.<\/p>\n<p>Klaidi Sahat\u00e7i gab sein viel beachtetes Solistendeb\u00fct in Mailand mit dem Sinfonieorchester der Radio Televisione Italiana und dem \u201cGuido Cantelli\u201d Orchester. Es folgten Soloauftritte mit dem Orchestra della Svizzera Italiana, den Virtuosi Italiani, den Cameristi della Scala, dem Z\u00fcrcher Kammer-orchester, Orchestre National de Lyon und dem Orquesta Nacional de Chile. Klaidi Sahat\u00e7i arbeitet regelm\u00e4ssig mit weltber\u00fchmten Musikern wie Rafael Oleg, Julian Rachlin, Bruno Canino, Bruno Giuranna, Dmitry Sitkovetsky, Fran\u00e7ois-Frederic Guy, Yuja Wang zusammen. In vielen bedeutenden S\u00e4len wie im Grossen Saal der Tonhalle Z\u00fcrich, im Teatro alla Scala Milano, in der Salle Gaveau in Paris tritt er regelm\u00e4ssig auf und ist Gast an renommierten Festivals. CD- und Rundfunkaufnahmen erg\u00e4nzen seine k\u00fcnstlerische T\u00e4tigkeit. Von 2004 bis 2008 war er erster Konzertmeister beim Z\u00fcrcher Kammerorchester, von 2007 bis 2009 erster Konzertmeister am Orchester des Teatro alla Scala in Mailand, und seit 2009 ist er erster Konzertmeister beim Tonhalle Orchester Z\u00fcrich.<\/p>\n<p>Klaidi Sahat\u00e7i ist Professor am <span>Conservatorio della Svizzera Italiana in Lugano und<\/span> spielt eine Violine \u201cWieniawski, Bower\u201c von Antonio Stradivari aus dem Jahre 1719, zur Verf\u00fcgung gestellt von der Mercedes-Benz Automobil AG, Z\u00fcrich.<\/p>\n<p>[\/et_pb_text][\/et_pb_column][et_pb_column type=&#8220;1_3&#8243; _builder_version=&#8220;4.16&#8243; _module_preset=&#8220;default&#8220; global_colors_info=&#8220;{}&#8220;][et_pb_text _builder_version=&#8220;4.16&#8243; _module_preset=&#8220;default&#8220; global_colors_info=&#8220;{}&#8220;]<\/p>\n<h2>Sasha Neustroev<\/h2>\n<p>In Russland geboren, studierte beim international renommierten Cellisten David Geringas. 1997 wurde er beim Rostropowitsch-Wettbewerb in Paris als \u201eBester Russischer Cellist\u201c ausgezeichnet. Ein Jahr sp\u00e4ter erhielt er ein Diplom beim Tschaikowsky-Wettbewerb. 2001 gewann Sasha Neustroev beim \u201e4th International Australasian Adam Cello Festival &amp; Competition\u201d in Neuseeland den ersten Preis sowie einen Spezialpreis f\u00fcr die beste Interpretation von Piazzollas \u201eLe Grand Tango\u201c.<\/p>\n<p><span>Im M\u00e4rz 2002 trat Sasha Neustroev als Solist mit dem Tonhalle-Orchester Z\u00fcrich unter der Leitung Lorin Maazel auf und machte 2003 eine Konzert-tournee mit dem New Zealand Symphony Orchestra.<\/span> Weitere Konzerte f\u00fchrten ihn durch ganz Europa und Asien wo er solistisch und kammermusikalisch brillierte. Seine CD-Aufnahmen sowie, Fernseh- und Rundfunkaufnahmen dokumentieren seine Leidenschaft zur Musik.<\/p>\n<p>Seit September 1999 ist Sasha Neustroev stellvertretender Solo-Cellist beim Tonhalle-Orchester Z\u00fcrich.<\/p>\n<p>&nbsp;<\/p>\n<p>&nbsp;<\/p>\n<p>&nbsp;<\/p>\n<p>&nbsp;<\/p>\n<p>&nbsp;<\/p>\n<p><span>\u00a0<\/span><\/p>\n<p>[\/et_pb_text][\/et_pb_column][\/et_pb_row][\/et_pb_section]<\/p>\n","protected":false},"excerpt":{"rendered":"<p>Klaidi Sahat\u00e7i, Violine Sasha Neustroev, Violoncello Seung-Yeun Huh, Klavier\u00a0www.aoidetrio.comKorea Tournee 2022 27. April: IBK Chamber Hall, Seoul Arts Center, Seoul 29. April: Seongnam Art Center, Concert Hall, SeongnamSonusArts Artists AOIDE Trio Das 2016 gegr\u00fcndete AOIDE Trio begeisterte bereits bei seinem Debut in Z\u00fcrich Presse und Publikum. Die international bekannten Musiker haben sich mit dem AOIDE [&hellip;]<\/p>\n","protected":false},"author":2,"featured_media":0,"parent":420,"menu_order":0,"comment_status":"closed","ping_status":"closed","template":"","meta":{"_et_pb_use_builder":"on","_et_pb_old_content":"","_et_gb_content_width":"","footnotes":""},"class_list":["post-1251","page","type-page","status-publish","hentry"],"yoast_head":"<!-- This site is optimized with the Yoast SEO plugin v27.1.1 - https:\/\/yoast.com\/product\/yoast-seo-wordpress\/ -->\n<title>AOIDE Trio - SonusArts<\/title>\n<meta name=\"robots\" content=\"index, follow, max-snippet:-1, max-image-preview:large, max-video-preview:-1\" \/>\n<link rel=\"canonical\" href=\"https:\/\/www.sonusarts.com\/de\/artists\/aoide-trio\/\" \/>\n<meta property=\"og:locale\" content=\"de_DE\" \/>\n<meta property=\"og:type\" content=\"article\" \/>\n<meta property=\"og:title\" content=\"AOIDE Trio - SonusArts\" \/>\n<meta property=\"og:description\" content=\"Klaidi Sahat\u00e7i, Violine Sasha Neustroev, Violoncello Seung-Yeun Huh, Klavier\u00a0www.aoidetrio.comKorea Tournee 2022 27. April: IBK Chamber Hall, Seoul Arts Center, Seoul 29. April: Seongnam Art Center, Concert Hall, SeongnamSonusArts Artists AOIDE Trio Das 2016 gegr\u00fcndete AOIDE Trio begeisterte bereits bei seinem Debut in Z\u00fcrich Presse und Publikum. Die international bekannten Musiker haben sich mit dem AOIDE [&hellip;]\" \/>\n<meta property=\"og:url\" content=\"https:\/\/www.sonusarts.com\/de\/artists\/aoide-trio\/\" \/>\n<meta property=\"og:site_name\" content=\"SonusArts\" \/>\n<meta property=\"article:modified_time\" content=\"2022-08-04T14:30:31+00:00\" \/>\n<meta name=\"twitter:card\" content=\"summary_large_image\" \/>\n<meta name=\"twitter:label1\" content=\"Gesch\u00e4tzte Lesezeit\" \/>\n\t<meta name=\"twitter:data1\" content=\"6\u00a0Minuten\" \/>\n<script type=\"application\/ld+json\" class=\"yoast-schema-graph\">{\"@context\":\"https:\/\/schema.org\",\"@graph\":[{\"@type\":\"WebPage\",\"@id\":\"https:\/\/www.sonusarts.com\/de\/artists\/aoide-trio\/\",\"url\":\"https:\/\/www.sonusarts.com\/de\/artists\/aoide-trio\/\",\"name\":\"AOIDE Trio - SonusArts\",\"isPartOf\":{\"@id\":\"https:\/\/www.sonusarts.com\/de\/#website\"},\"datePublished\":\"2021-01-23T14:11:57+00:00\",\"dateModified\":\"2022-08-04T14:30:31+00:00\",\"breadcrumb\":{\"@id\":\"https:\/\/www.sonusarts.com\/de\/artists\/aoide-trio\/#breadcrumb\"},\"inLanguage\":\"de\",\"potentialAction\":[{\"@type\":\"ReadAction\",\"target\":[\"https:\/\/www.sonusarts.com\/de\/artists\/aoide-trio\/\"]}]},{\"@type\":\"BreadcrumbList\",\"@id\":\"https:\/\/www.sonusarts.com\/de\/artists\/aoide-trio\/#breadcrumb\",\"itemListElement\":[{\"@type\":\"ListItem\",\"position\":1,\"name\":\"Home\",\"item\":\"https:\/\/www.sonusarts.com\/de\/\"},{\"@type\":\"ListItem\",\"position\":2,\"name\":\"Artists\",\"item\":\"https:\/\/www.sonusarts.com\/de\/artists\/\"},{\"@type\":\"ListItem\",\"position\":3,\"name\":\"AOIDE Trio\"}]},{\"@type\":\"WebSite\",\"@id\":\"https:\/\/www.sonusarts.com\/de\/#website\",\"url\":\"https:\/\/www.sonusarts.com\/de\/\",\"name\":\"SonusArts\",\"description\":\"Guiding musicians to their full potential\",\"potentialAction\":[{\"@type\":\"SearchAction\",\"target\":{\"@type\":\"EntryPoint\",\"urlTemplate\":\"https:\/\/www.sonusarts.com\/de\/?s={search_term_string}\"},\"query-input\":{\"@type\":\"PropertyValueSpecification\",\"valueRequired\":true,\"valueName\":\"search_term_string\"}}],\"inLanguage\":\"de\"}]}<\/script>\n<!-- \/ Yoast SEO plugin. -->","yoast_head_json":{"title":"AOIDE Trio - SonusArts","robots":{"index":"index","follow":"follow","max-snippet":"max-snippet:-1","max-image-preview":"max-image-preview:large","max-video-preview":"max-video-preview:-1"},"canonical":"https:\/\/www.sonusarts.com\/de\/artists\/aoide-trio\/","og_locale":"de_DE","og_type":"article","og_title":"AOIDE Trio - SonusArts","og_description":"Klaidi Sahat\u00e7i, Violine Sasha Neustroev, Violoncello Seung-Yeun Huh, Klavier\u00a0www.aoidetrio.comKorea Tournee 2022 27. April: IBK Chamber Hall, Seoul Arts Center, Seoul 29. April: Seongnam Art Center, Concert Hall, SeongnamSonusArts Artists AOIDE Trio Das 2016 gegr\u00fcndete AOIDE Trio begeisterte bereits bei seinem Debut in Z\u00fcrich Presse und Publikum. Die international bekannten Musiker haben sich mit dem AOIDE [&hellip;]","og_url":"https:\/\/www.sonusarts.com\/de\/artists\/aoide-trio\/","og_site_name":"SonusArts","article_modified_time":"2022-08-04T14:30:31+00:00","twitter_card":"summary_large_image","twitter_misc":{"Gesch\u00e4tzte Lesezeit":"6\u00a0Minuten"},"schema":{"@context":"https:\/\/schema.org","@graph":[{"@type":"WebPage","@id":"https:\/\/www.sonusarts.com\/de\/artists\/aoide-trio\/","url":"https:\/\/www.sonusarts.com\/de\/artists\/aoide-trio\/","name":"AOIDE Trio - SonusArts","isPartOf":{"@id":"https:\/\/www.sonusarts.com\/de\/#website"},"datePublished":"2021-01-23T14:11:57+00:00","dateModified":"2022-08-04T14:30:31+00:00","breadcrumb":{"@id":"https:\/\/www.sonusarts.com\/de\/artists\/aoide-trio\/#breadcrumb"},"inLanguage":"de","potentialAction":[{"@type":"ReadAction","target":["https:\/\/www.sonusarts.com\/de\/artists\/aoide-trio\/"]}]},{"@type":"BreadcrumbList","@id":"https:\/\/www.sonusarts.com\/de\/artists\/aoide-trio\/#breadcrumb","itemListElement":[{"@type":"ListItem","position":1,"name":"Home","item":"https:\/\/www.sonusarts.com\/de\/"},{"@type":"ListItem","position":2,"name":"Artists","item":"https:\/\/www.sonusarts.com\/de\/artists\/"},{"@type":"ListItem","position":3,"name":"AOIDE Trio"}]},{"@type":"WebSite","@id":"https:\/\/www.sonusarts.com\/de\/#website","url":"https:\/\/www.sonusarts.com\/de\/","name":"SonusArts","description":"Guiding musicians to their full potential","potentialAction":[{"@type":"SearchAction","target":{"@type":"EntryPoint","urlTemplate":"https:\/\/www.sonusarts.com\/de\/?s={search_term_string}"},"query-input":{"@type":"PropertyValueSpecification","valueRequired":true,"valueName":"search_term_string"}}],"inLanguage":"de"}]}},"_links":{"self":[{"href":"https:\/\/www.sonusarts.com\/de\/wp-json\/wp\/v2\/pages\/1251","targetHints":{"allow":["GET"]}}],"collection":[{"href":"https:\/\/www.sonusarts.com\/de\/wp-json\/wp\/v2\/pages"}],"about":[{"href":"https:\/\/www.sonusarts.com\/de\/wp-json\/wp\/v2\/types\/page"}],"author":[{"embeddable":true,"href":"https:\/\/www.sonusarts.com\/de\/wp-json\/wp\/v2\/users\/2"}],"replies":[{"embeddable":true,"href":"https:\/\/www.sonusarts.com\/de\/wp-json\/wp\/v2\/comments?post=1251"}],"version-history":[{"count":13,"href":"https:\/\/www.sonusarts.com\/de\/wp-json\/wp\/v2\/pages\/1251\/revisions"}],"predecessor-version":[{"id":2796,"href":"https:\/\/www.sonusarts.com\/de\/wp-json\/wp\/v2\/pages\/1251\/revisions\/2796"}],"up":[{"embeddable":true,"href":"https:\/\/www.sonusarts.com\/de\/wp-json\/wp\/v2\/pages\/420"}],"wp:attachment":[{"href":"https:\/\/www.sonusarts.com\/de\/wp-json\/wp\/v2\/media?parent=1251"}],"curies":[{"name":"wp","href":"https:\/\/api.w.org\/{rel}","templated":true}]}}