{"id":1291,"date":"2021-01-24T19:25:49","date_gmt":"2021-01-24T18:25:49","guid":{"rendered":"https:\/\/www.sonusarts.com\/management-copy\/"},"modified":"2022-04-23T07:18:07","modified_gmt":"2022-04-23T05:18:07","slug":"management","status":"publish","type":"page","link":"https:\/\/www.sonusarts.com\/de\/management\/","title":{"rendered":"Management"},"content":{"rendered":"<p>[et_pb_section fb_built=&#8220;1&#8243; fullwidth=&#8220;on&#8220; disabled_on=&#8220;off|off|off&#8220; admin_label=&#8220;Hero&#8220; _builder_version=&#8220;4.16&#8243; background_color=&#8220;#1f1f1f&#8220; parallax=&#8220;on&#8220; custom_padding=&#8220;|||&#8220; transparent_background=&#8220;on&#8220; global_colors_info=&#8220;{}&#8220;][et_pb_fullwidth_header title=&#8220;Management&#8220; text_orientation=&#8220;center&#8220; button_one_url=&#8220;#sa_offer&#8220; button_two_url=&#8220;#sa_contact&#8220; background_overlay_color=&#8220;rgba(50,50,50,0.45)&#8220; subhead_font_color=&#8220;#bebebe&#8220; _builder_version=&#8220;4.16&#8243; title_font=&#8220;Playfair Display||||&#8220; title_text_color=&#8220;#ffffff&#8220; title_font_size=&#8220;72px&#8220; title_line_height=&#8220;1.3em&#8220; content_font=&#8220;Montserrat||||&#8220; content_text_color=&#8220;#ffffff&#8220; content_font_size=&#8220;24px&#8220; content_line_height=&#8220;1.8em&#8220; subhead_font=&#8220;Montserrat||||&#8220; subhead_text_color=&#8220;#bebebe&#8220; subhead_line_height=&#8220;1.8em&#8220; background_color=&#8220;#0C71C3&#8243; background_enable_image=&#8220;off&#8220; custom_button_one=&#8220;on&#8220; button_one_text_size=&#8220;18px&#8220; button_one_text_color=&#8220;#ffffff&#8220; button_one_border_width=&#8220;2px&#8220; button_one_border_color=&#8220;#ffffff&#8220; button_one_border_radius=&#8220;0px&#8220; button_one_letter_spacing=&#8220;1px&#8220; button_one_font=&#8220;Montserrat|||on|&#8220; button_one_use_icon=&#8220;off&#8220; custom_button_two=&#8220;on&#8220; button_two_text_size=&#8220;18px&#8220; button_two_text_color=&#8220;#ffffff&#8220; button_two_border_width=&#8220;2px&#8220; button_two_border_color=&#8220;#ffffff&#8220; button_two_border_radius=&#8220;0px&#8220; button_two_letter_spacing=&#8220;1px&#8220; button_two_font=&#8220;Montserrat|||on|&#8220; button_two_use_icon=&#8220;off&#8220; animation_style=&#8220;zoom&#8220; animation_duration=&#8220;1500ms&#8220; animation_intensity_zoom=&#8220;4%&#8220; title_font_size_tablet=&#8220;&#8220; title_font_size_phone=&#8220;56px&#8220; title_font_size_last_edited=&#8220;on|phone&#8220; title_line_height_last_edited=&#8220;off|desktop&#8220; button_one_border_radius_hover=&#8220;0px&#8220; button_one_letter_spacing_hover=&#8220;1px&#8220; button_two_letter_spacing_hover=&#8220;1px&#8220; global_colors_info=&#8220;{}&#8220; button_one_text_size__hover_enabled=&#8220;off&#8220; button_two_text_size__hover_enabled=&#8220;off&#8220; button_one_text_color__hover_enabled=&#8220;off&#8220; button_two_text_color__hover_enabled=&#8220;off&#8220; button_one_border_width__hover_enabled=&#8220;off&#8220; button_two_border_width__hover_enabled=&#8220;off&#8220; button_one_border_color__hover_enabled=&#8220;off&#8220; button_two_border_color__hover_enabled=&#8220;off&#8220; button_one_border_radius__hover_enabled=&#8220;on&#8220; button_one_border_radius__hover=&#8220;0px&#8220; button_two_border_radius__hover_enabled=&#8220;off&#8220; button_one_letter_spacing__hover_enabled=&#8220;on&#8220; button_one_letter_spacing__hover=&#8220;1px&#8220; button_two_letter_spacing__hover_enabled=&#8220;on&#8220; button_two_letter_spacing__hover=&#8220;1px&#8220; button_one_bg_color__hover_enabled=&#8220;off&#8220; button_two_bg_color__hover_enabled=&#8220;off&#8220;][\/et_pb_fullwidth_header][\/et_pb_section][et_pb_section fb_built=&#8220;1&#8243; admin_label=&#8220;Welcome To Royal&#8220; module_id=&#8220;sa_offer&#8220; _builder_version=&#8220;4.16&#8243; background_color=&#8220;#ffffff&#8220; background_position=&#8220;top_left&#8220; custom_padding=&#8220;0px||||false|false&#8220; collapsed=&#8220;off&#8220; global_colors_info=&#8220;{}&#8220;][et_pb_row _builder_version=&#8220;4.16&#8243; global_colors_info=&#8220;{}&#8220;][et_pb_column type=&#8220;4_4&#8243; _builder_version=&#8220;4.16&#8243; global_colors_info=&#8220;{}&#8220;][et_pb_text _builder_version=&#8220;4.16&#8243; header_2_line_height=&#8220;1.3em&#8220; global_colors_info=&#8220;{}&#8220;]<\/p>\n<h2 style=\"text-align: center;\">SonusArts organisiert Konzerte f\u00fcr Musiker, Ensembles und Orchester.<\/h2>\n<p>[\/et_pb_text][\/et_pb_column][\/et_pb_row][et_pb_row _builder_version=&#8220;4.16&#8243; global_colors_info=&#8220;{}&#8220;][et_pb_column type=&#8220;4_4&#8243; _builder_version=&#8220;4.16&#8243; global_colors_info=&#8220;{}&#8220;][et_pb_text _builder_version=&#8220;4.16&#8243; global_colors_info=&#8220;{}&#8220;]<\/p>\n<h2 style=\"text-align: center;\">Konzert-Management<\/h2>\n<p style=\"text-align: center;\">SonusArts plant, organisiert und begleitet Sie bei der Durchf\u00fchrung Ihrer Konzerte.\u00a0Unsere internationalen Erfahrungen in der Klassik-Musiklandschaft erm\u00f6glichen uns Veranstaltungen professionell bis ins Details zu planen und durchzuf\u00fchren.<\/p>\n<p style=\"text-align: center;\">SonusArts nimmt Ihre W\u00fcnsche auf und schafft gemeinsam mit Ihnen die richtigen Voraussetzungen f\u00fcr ein erfolgreiches Konzert.<\/p>\n<p style=\"text-align: center;\">SonusArts ist spezialisiert auf eine individuell zugeschnittene Konzertplanung. Mehr Informationen erhalten Sie \u00fcber das Kontaktformular.<\/p>\n<p>[\/et_pb_text][et_pb_text _builder_version=&#8220;4.16&#8243; _module_preset=&#8220;default&#8220; global_colors_info=&#8220;{}&#8220;]<\/p>\n<h2 style=\"text-align: center;\">Konzerte<\/h2>\n<p>[\/et_pb_text][et_pb_blog fullwidth=&#8220;off&#8220; include_categories=&#8220;40&#8243; show_content=&#8220;on&#8220; show_author=&#8220;off&#8220; show_date=&#8220;off&#8220; show_categories=&#8220;off&#8220; _builder_version=&#8220;4.16&#8243; _module_preset=&#8220;default&#8220; global_colors_info=&#8220;{}&#8220;][\/et_pb_blog][\/et_pb_column][\/et_pb_row][\/et_pb_section]<\/p>\n","protected":false},"excerpt":{"rendered":"<p>SonusArts organisiert Konzerte f\u00fcr Musiker, Ensembles und Orchester.Konzert-Management SonusArts plant, organisiert und begleitet Sie bei der Durchf\u00fchrung Ihrer Konzerte.\u00a0Unsere internationalen Erfahrungen in der Klassik-Musiklandschaft erm\u00f6glichen uns Veranstaltungen professionell bis ins Details zu planen und durchzuf\u00fchren. SonusArts nimmt Ihre W\u00fcnsche auf und schafft gemeinsam mit Ihnen die richtigen Voraussetzungen f\u00fcr ein erfolgreiches Konzert. SonusArts ist spezialisiert [&hellip;]<\/p>\n","protected":false},"author":2,"featured_media":0,"parent":0,"menu_order":0,"comment_status":"closed","ping_status":"open","template":"","meta":{"_et_pb_use_builder":"on","_et_pb_old_content":"","_et_gb_content_width":"","footnotes":""},"class_list":["post-1291","page","type-page","status-publish","hentry"],"yoast_head":"<!-- This site is optimized with the Yoast SEO plugin v27.1.1 - https:\/\/yoast.com\/product\/yoast-seo-wordpress\/ -->\n<title>SonusArts \u2013 Individuelles Coaching f\u00fcr Musikstudenten und Berufsmusiker<\/title>\n<meta name=\"description\" content=\"Seung-Yeun Huh und Mischa Greull \u2013 selbst erfahrene und erfolgreiche Musiker \u2013 coachen angehende und etablierte Berufsmusiker in einem individuellen Rahmen.\" \/>\n<meta name=\"robots\" content=\"index, follow, max-snippet:-1, max-image-preview:large, max-video-preview:-1\" \/>\n<link rel=\"canonical\" href=\"https:\/\/www.sonusarts.com\/de\/management\/\" \/>\n<meta property=\"og:locale\" content=\"de_DE\" \/>\n<meta property=\"og:type\" content=\"article\" \/>\n<meta property=\"og:title\" content=\"SonusArts \u2013 Individuelles Coaching f\u00fcr Musikstudenten und Berufsmusiker\" \/>\n<meta property=\"og:description\" content=\"Seung-Yeun Huh und Mischa Greull \u2013 selbst erfahrene und erfolgreiche Musiker \u2013 coachen angehende und etablierte Berufsmusiker in einem individuellen Rahmen.\" \/>\n<meta property=\"og:url\" content=\"https:\/\/www.sonusarts.com\/de\/management\/\" \/>\n<meta property=\"og:site_name\" content=\"SonusArts\" \/>\n<meta property=\"article:modified_time\" content=\"2022-04-23T05:18:07+00:00\" \/>\n<meta name=\"twitter:card\" content=\"summary_large_image\" \/>\n<meta name=\"twitter:label1\" content=\"Gesch\u00e4tzte Lesezeit\" \/>\n\t<meta name=\"twitter:data1\" content=\"3\u00a0Minuten\" \/>\n<script type=\"application\/ld+json\" class=\"yoast-schema-graph\">{\"@context\":\"https:\/\/schema.org\",\"@graph\":[{\"@type\":\"WebPage\",\"@id\":\"https:\/\/www.sonusarts.com\/de\/management\/\",\"url\":\"https:\/\/www.sonusarts.com\/de\/management\/\",\"name\":\"SonusArts \u2013 Individuelles Coaching f\u00fcr Musikstudenten und Berufsmusiker\",\"isPartOf\":{\"@id\":\"https:\/\/www.sonusarts.com\/de\/#website\"},\"datePublished\":\"2021-01-24T18:25:49+00:00\",\"dateModified\":\"2022-04-23T05:18:07+00:00\",\"description\":\"Seung-Yeun Huh und Mischa Greull \u2013 selbst erfahrene und erfolgreiche Musiker \u2013 coachen angehende und etablierte Berufsmusiker in einem individuellen Rahmen.\",\"breadcrumb\":{\"@id\":\"https:\/\/www.sonusarts.com\/de\/management\/#breadcrumb\"},\"inLanguage\":\"de\",\"potentialAction\":[{\"@type\":\"ReadAction\",\"target\":[\"https:\/\/www.sonusarts.com\/de\/management\/\"]}]},{\"@type\":\"BreadcrumbList\",\"@id\":\"https:\/\/www.sonusarts.com\/de\/management\/#breadcrumb\",\"itemListElement\":[{\"@type\":\"ListItem\",\"position\":1,\"name\":\"Home\",\"item\":\"https:\/\/www.sonusarts.com\/de\/\"},{\"@type\":\"ListItem\",\"position\":2,\"name\":\"Management\"}]},{\"@type\":\"WebSite\",\"@id\":\"https:\/\/www.sonusarts.com\/de\/#website\",\"url\":\"https:\/\/www.sonusarts.com\/de\/\",\"name\":\"SonusArts\",\"description\":\"Guiding musicians to their full potential\",\"potentialAction\":[{\"@type\":\"SearchAction\",\"target\":{\"@type\":\"EntryPoint\",\"urlTemplate\":\"https:\/\/www.sonusarts.com\/de\/?s={search_term_string}\"},\"query-input\":{\"@type\":\"PropertyValueSpecification\",\"valueRequired\":true,\"valueName\":\"search_term_string\"}}],\"inLanguage\":\"de\"}]}<\/script>\n<!-- \/ Yoast SEO plugin. -->","yoast_head_json":{"title":"SonusArts \u2013 Individuelles Coaching f\u00fcr Musikstudenten und Berufsmusiker","description":"Seung-Yeun Huh und Mischa Greull \u2013 selbst erfahrene und erfolgreiche Musiker \u2013 coachen angehende und etablierte Berufsmusiker in einem individuellen Rahmen.","robots":{"index":"index","follow":"follow","max-snippet":"max-snippet:-1","max-image-preview":"max-image-preview:large","max-video-preview":"max-video-preview:-1"},"canonical":"https:\/\/www.sonusarts.com\/de\/management\/","og_locale":"de_DE","og_type":"article","og_title":"SonusArts \u2013 Individuelles Coaching f\u00fcr Musikstudenten und Berufsmusiker","og_description":"Seung-Yeun Huh und Mischa Greull \u2013 selbst erfahrene und erfolgreiche Musiker \u2013 coachen angehende und etablierte Berufsmusiker in einem individuellen Rahmen.","og_url":"https:\/\/www.sonusarts.com\/de\/management\/","og_site_name":"SonusArts","article_modified_time":"2022-04-23T05:18:07+00:00","twitter_card":"summary_large_image","twitter_misc":{"Gesch\u00e4tzte Lesezeit":"3\u00a0Minuten"},"schema":{"@context":"https:\/\/schema.org","@graph":[{"@type":"WebPage","@id":"https:\/\/www.sonusarts.com\/de\/management\/","url":"https:\/\/www.sonusarts.com\/de\/management\/","name":"SonusArts \u2013 Individuelles Coaching f\u00fcr Musikstudenten und Berufsmusiker","isPartOf":{"@id":"https:\/\/www.sonusarts.com\/de\/#website"},"datePublished":"2021-01-24T18:25:49+00:00","dateModified":"2022-04-23T05:18:07+00:00","description":"Seung-Yeun Huh und Mischa Greull \u2013 selbst erfahrene und erfolgreiche Musiker \u2013 coachen angehende und etablierte Berufsmusiker in einem individuellen Rahmen.","breadcrumb":{"@id":"https:\/\/www.sonusarts.com\/de\/management\/#breadcrumb"},"inLanguage":"de","potentialAction":[{"@type":"ReadAction","target":["https:\/\/www.sonusarts.com\/de\/management\/"]}]},{"@type":"BreadcrumbList","@id":"https:\/\/www.sonusarts.com\/de\/management\/#breadcrumb","itemListElement":[{"@type":"ListItem","position":1,"name":"Home","item":"https:\/\/www.sonusarts.com\/de\/"},{"@type":"ListItem","position":2,"name":"Management"}]},{"@type":"WebSite","@id":"https:\/\/www.sonusarts.com\/de\/#website","url":"https:\/\/www.sonusarts.com\/de\/","name":"SonusArts","description":"Guiding musicians to their full potential","potentialAction":[{"@type":"SearchAction","target":{"@type":"EntryPoint","urlTemplate":"https:\/\/www.sonusarts.com\/de\/?s={search_term_string}"},"query-input":{"@type":"PropertyValueSpecification","valueRequired":true,"valueName":"search_term_string"}}],"inLanguage":"de"}]}},"_links":{"self":[{"href":"https:\/\/www.sonusarts.com\/de\/wp-json\/wp\/v2\/pages\/1291","targetHints":{"allow":["GET"]}}],"collection":[{"href":"https:\/\/www.sonusarts.com\/de\/wp-json\/wp\/v2\/pages"}],"about":[{"href":"https:\/\/www.sonusarts.com\/de\/wp-json\/wp\/v2\/types\/page"}],"author":[{"embeddable":true,"href":"https:\/\/www.sonusarts.com\/de\/wp-json\/wp\/v2\/users\/2"}],"replies":[{"embeddable":true,"href":"https:\/\/www.sonusarts.com\/de\/wp-json\/wp\/v2\/comments?post=1291"}],"version-history":[{"count":11,"href":"https:\/\/www.sonusarts.com\/de\/wp-json\/wp\/v2\/pages\/1291\/revisions"}],"predecessor-version":[{"id":2683,"href":"https:\/\/www.sonusarts.com\/de\/wp-json\/wp\/v2\/pages\/1291\/revisions\/2683"}],"wp:attachment":[{"href":"https:\/\/www.sonusarts.com\/de\/wp-json\/wp\/v2\/media?parent=1291"}],"curies":[{"name":"wp","href":"https:\/\/api.w.org\/{rel}","templated":true}]}}