{"id":2345,"date":"2022-01-18T19:37:15","date_gmt":"2022-01-18T18:37:15","guid":{"rendered":"https:\/\/www.sonusarts.com\/artists\/colores-trio-copy\/"},"modified":"2022-08-04T16:05:10","modified_gmt":"2022-08-04T14:05:10","slug":"colores-trio","status":"publish","type":"page","link":"https:\/\/www.sonusarts.com\/de\/artists\/colores-trio\/","title":{"rendered":"Colores Trio"},"content":{"rendered":"<p>[et_pb_section fb_built=&#8220;1&#8243; _builder_version=&#8220;4.16&#8243; _module_preset=&#8220;default&#8220; global_colors_info=&#8220;{}&#8220;][et_pb_row column_structure=&#8220;1_2,1_2&#8243; _builder_version=&#8220;4.16&#8243; _module_preset=&#8220;default&#8220; global_colors_info=&#8220;{}&#8220;][et_pb_column type=&#8220;1_2&#8243; _builder_version=&#8220;4.16&#8243; _module_preset=&#8220;default&#8220; global_colors_info=&#8220;{}&#8220;][et_pb_image src=&#8220;https:\/\/www.sonusarts.com\/wp-content\/uploads\/colores-trio.jpg&#8220; alt=&#8220;Colores Trio&#8220; title_text=&#8220;Colores Trio&#8220; _builder_version=&#8220;4.16&#8243; _module_preset=&#8220;default&#8220; global_colors_info=&#8220;{}&#8220;][\/et_pb_image][et_pb_text _builder_version=&#8220;4.16&#8243; _module_preset=&#8220;default&#8220; global_colors_info=&#8220;{}&#8220;]<\/p>\n<div class=\"\">Fabian Ziegler<\/div>\n<div class=\"\">Luca Staffelbach<\/div>\n<div class=\"\">Matthias Kessler<\/div>\n<p>[\/et_pb_text][et_pb_text _builder_version=&#8220;4.16&#8243; _module_preset=&#8220;default&#8220; global_colors_info=&#8220;{}&#8220;]<\/p>\n<p><a href=\"https:\/\/colorestrio.ch\/\" target=\"_blank\" rel=\"noopener\">www.colorestrio.ch<\/a><\/p>\n<p>[\/et_pb_text][et_pb_text _builder_version=&#8220;4.17.6&#8243; _module_preset=&#8220;default&#8220; hover_enabled=&#8220;0&#8243; global_colors_info=&#8220;{}&#8220; sticky_enabled=&#8220;0&#8243;]<\/p>\n<p><strong>Wettbewerbe und Auszeichnungen<\/strong><\/p>\n<p>2019<\/p>\n<p>Jury- und Publikumspreis des Kammermusik-Wettbewerbs des Migros-Kulturprozent<\/p>\n<p>2019<\/p>\n<p>Preistr\u00e4ger beim &#8222;Internationaler Anton Rubinstein Wettbewerb&#8220;<\/p>\n<p>2019<\/p>\n<p>Silber Medaille &#8222;Berliner International Music Competition&#8220;<\/p>\n<p>2022<\/p>\n<div class=\"info-section__item\">\n<div class=\"info-section__item-title\"><span>Lerman Gold Preis and Audience Choice Award des Internationaler Chesapeake Kammermusik Wettbewerb<\/span><\/div>\n<\/div>\n<div class=\"info-section__item\">\n<div class=\"info-section__item-year\"><\/div>\n<div class=\"info-section__item-title\"><\/div>\n<\/div>\n<p>[\/et_pb_text][et_pb_text _builder_version=&#8220;4.17.6&#8243; _module_preset=&#8220;default&#8220; hover_enabled=&#8220;0&#8243; global_colors_info=&#8220;{}&#8220; sticky_enabled=&#8220;0&#8243;]<\/p>\n<div class=\"info-section__item\">\n<div class=\"info-section__item-year\"><strong>Korea Tournee 2022\u00a0<\/strong><\/div>\n<div class=\"info-section__item-year\">12. Juli: Inshin Art Hall, Seoul<\/div>\n<div class=\"info-section__item-year\">13. Juli: Shinsegae Culture Hall, Daegu<\/div>\n<div class=\"info-section__item-year\">14. Juli: Shinsegae Academy Hall, Busan<\/div>\n<div class=\"info-section__item-year\">16. Juli: Sureul Art Hall, Yeoncheon<\/div>\n<div class=\"info-section__item-year\">20. Juli: Sejong Chamber Hall, Seoul<\/div>\n<div class=\"info-section__item-year\">Masterkurse an Seoul National University<\/div>\n<div class=\"info-section__item-title\"><\/div>\n<\/div>\n<p>[\/et_pb_text][\/et_pb_column][et_pb_column type=&#8220;1_2&#8243; _builder_version=&#8220;4.16&#8243; _module_preset=&#8220;default&#8220; global_colors_info=&#8220;{}&#8220;][et_pb_text _builder_version=&#8220;4.17.6&#8243; _module_preset=&#8220;default&#8220; hover_enabled=&#8220;0&#8243; global_colors_info=&#8220;{}&#8220; sticky_enabled=&#8220;0&#8243;]<\/p>\n<p><strong>SonusArts Artists<\/strong><\/p>\n<h1>Trio\u00a0Colores<\/h1>\n<p>Energiegeladen, facettenreich, innovativ. So pr\u00e4sentiert sich das Trio Colores, besthend aus Matthias Kessler (*1997), Luca Staffelbach (*1996) und Fabian Ziegler (*1995).<\/p>\n<p>Die jungen, preisgekr\u00f6nten Musiker aus der Schweiz und aus \u00d6sterreich verbinden eine langj\u00e4hrige, ungebrochene Leidenschaft f\u00fcr das Schlagwerk und eine unendliche Spielfreude. Diese Eigenschaften kombinieren sie im virtuos aufspielenden Trio Colores. Kessler, Staffelbach und Ziegler pflegen ein breites Spektrum der perkussiven Literatur. Ihr Wissen \u00fcber klassische und zeitgen\u00f6ssische Musik verbunden mit ihrer Kreativit\u00e4t und ihrem Interesse an Neuem resultiert in anspruchsvollen und einzigartig konzipierten Konzerten.<\/p>\n<p>Mit klassischen und zeitgen\u00f6ssischen Werken vermitteln sie als Trio Colore dem Publikum den Facettenreichtum der Schlaginstrumente und begeistern stets mit neuen Klangfarben. Das Trio Colore konzentriert sich momentan stark auf klassische Werke, welche mit neuen Arrangements jung und frisch klingen. Auch das Entstehen neuer Werke ist dem Trio Colore ein grosses Anliegen, weshalb es sich mit Herzblut f\u00fcr deren Beauftragung einsetzt. Sie arbeiten unter anderem mit Komponisten wie Avner Dorman, John Psathas und weiteren.<\/p>\n<p>Gef\u00f6rdert werden das Trio Colore und die bereits preisgekr\u00f6nten Musiker Matthias Kessler, Luca Staffelbach und Fabian Ziegler von Klaus Schw\u00e4rzler (Soloschlagzeuger im Tonhalle Orchester Z\u00fcrich), Benjamin Forster (Solopauker der Berliner Philharmoniker) und Raphael Christen (Yamaha Marimba Artist und Solist), allesamt Dozenten an der Z\u00fcrcher Hochschule der K\u00fcnste.<\/p>\n<p>[\/et_pb_text][\/et_pb_column][\/et_pb_row][\/et_pb_section]<\/p>\n","protected":false},"excerpt":{"rendered":"<p>Fabian Ziegler Luca Staffelbach Matthias Kesslerwww.colorestrio.chWettbewerbe und Auszeichnungen 2019 Jury- und Publikumspreis des Kammermusik-Wettbewerbs des Migros-Kulturprozent 2019 Preistr\u00e4ger beim &#8222;Internationaler Anton Rubinstein Wettbewerb&#8220; 2019 Silber Medaille &#8222;Berliner International Music Competition&#8220; 2022 Lerman Gold Preis and Audience Choice Award des Internationaler Chesapeake Kammermusik Wettbewerb Korea Tournee 2022\u00a0 12. Juli: Inshin Art Hall, Seoul 13. Juli: Shinsegae [&hellip;]<\/p>\n","protected":false},"author":2,"featured_media":0,"parent":420,"menu_order":0,"comment_status":"closed","ping_status":"closed","template":"","meta":{"_et_pb_use_builder":"on","_et_pb_old_content":"","_et_gb_content_width":"","footnotes":""},"class_list":["post-2345","page","type-page","status-publish","hentry"],"yoast_head":"<!-- This site is optimized with the Yoast SEO plugin v27.1.1 - https:\/\/yoast.com\/product\/yoast-seo-wordpress\/ -->\n<title>Colores Trio - SonusArts<\/title>\n<meta name=\"robots\" content=\"index, follow, max-snippet:-1, max-image-preview:large, max-video-preview:-1\" \/>\n<link rel=\"canonical\" href=\"https:\/\/www.sonusarts.com\/de\/artists\/colores-trio\/\" \/>\n<meta property=\"og:locale\" content=\"de_DE\" \/>\n<meta property=\"og:type\" content=\"article\" \/>\n<meta property=\"og:title\" content=\"Colores Trio - SonusArts\" \/>\n<meta property=\"og:description\" content=\"Fabian Ziegler Luca Staffelbach Matthias Kesslerwww.colorestrio.chWettbewerbe und Auszeichnungen 2019 Jury- und Publikumspreis des Kammermusik-Wettbewerbs des Migros-Kulturprozent 2019 Preistr\u00e4ger beim &quot;Internationaler Anton Rubinstein Wettbewerb&quot; 2019 Silber Medaille &quot;Berliner International Music Competition&quot; 2022 Lerman Gold Preis and Audience Choice Award des Internationaler Chesapeake Kammermusik Wettbewerb Korea Tournee 2022\u00a0 12. Juli: Inshin Art Hall, Seoul 13. Juli: Shinsegae [&hellip;]\" \/>\n<meta property=\"og:url\" content=\"https:\/\/www.sonusarts.com\/de\/artists\/colores-trio\/\" \/>\n<meta property=\"og:site_name\" content=\"SonusArts\" \/>\n<meta property=\"article:modified_time\" content=\"2022-08-04T14:05:10+00:00\" \/>\n<meta name=\"twitter:card\" content=\"summary_large_image\" \/>\n<meta name=\"twitter:label1\" content=\"Gesch\u00e4tzte Lesezeit\" \/>\n\t<meta name=\"twitter:data1\" content=\"2\u00a0Minuten\" \/>\n<script type=\"application\/ld+json\" class=\"yoast-schema-graph\">{\"@context\":\"https:\/\/schema.org\",\"@graph\":[{\"@type\":\"WebPage\",\"@id\":\"https:\/\/www.sonusarts.com\/de\/artists\/colores-trio\/\",\"url\":\"https:\/\/www.sonusarts.com\/de\/artists\/colores-trio\/\",\"name\":\"Colores Trio - SonusArts\",\"isPartOf\":{\"@id\":\"https:\/\/www.sonusarts.com\/de\/#website\"},\"datePublished\":\"2022-01-18T18:37:15+00:00\",\"dateModified\":\"2022-08-04T14:05:10+00:00\",\"breadcrumb\":{\"@id\":\"https:\/\/www.sonusarts.com\/de\/artists\/colores-trio\/#breadcrumb\"},\"inLanguage\":\"de\",\"potentialAction\":[{\"@type\":\"ReadAction\",\"target\":[\"https:\/\/www.sonusarts.com\/de\/artists\/colores-trio\/\"]}]},{\"@type\":\"BreadcrumbList\",\"@id\":\"https:\/\/www.sonusarts.com\/de\/artists\/colores-trio\/#breadcrumb\",\"itemListElement\":[{\"@type\":\"ListItem\",\"position\":1,\"name\":\"Home\",\"item\":\"https:\/\/www.sonusarts.com\/de\/\"},{\"@type\":\"ListItem\",\"position\":2,\"name\":\"Artists\",\"item\":\"https:\/\/www.sonusarts.com\/de\/artists\/\"},{\"@type\":\"ListItem\",\"position\":3,\"name\":\"Colores Trio\"}]},{\"@type\":\"WebSite\",\"@id\":\"https:\/\/www.sonusarts.com\/de\/#website\",\"url\":\"https:\/\/www.sonusarts.com\/de\/\",\"name\":\"SonusArts\",\"description\":\"Guiding musicians to their full potential\",\"potentialAction\":[{\"@type\":\"SearchAction\",\"target\":{\"@type\":\"EntryPoint\",\"urlTemplate\":\"https:\/\/www.sonusarts.com\/de\/?s={search_term_string}\"},\"query-input\":{\"@type\":\"PropertyValueSpecification\",\"valueRequired\":true,\"valueName\":\"search_term_string\"}}],\"inLanguage\":\"de\"}]}<\/script>\n<!-- \/ Yoast SEO plugin. -->","yoast_head_json":{"title":"Colores Trio - SonusArts","robots":{"index":"index","follow":"follow","max-snippet":"max-snippet:-1","max-image-preview":"max-image-preview:large","max-video-preview":"max-video-preview:-1"},"canonical":"https:\/\/www.sonusarts.com\/de\/artists\/colores-trio\/","og_locale":"de_DE","og_type":"article","og_title":"Colores Trio - SonusArts","og_description":"Fabian Ziegler Luca Staffelbach Matthias Kesslerwww.colorestrio.chWettbewerbe und Auszeichnungen 2019 Jury- und Publikumspreis des Kammermusik-Wettbewerbs des Migros-Kulturprozent 2019 Preistr\u00e4ger beim \"Internationaler Anton Rubinstein Wettbewerb\" 2019 Silber Medaille \"Berliner International Music Competition\" 2022 Lerman Gold Preis and Audience Choice Award des Internationaler Chesapeake Kammermusik Wettbewerb Korea Tournee 2022\u00a0 12. Juli: Inshin Art Hall, Seoul 13. Juli: Shinsegae [&hellip;]","og_url":"https:\/\/www.sonusarts.com\/de\/artists\/colores-trio\/","og_site_name":"SonusArts","article_modified_time":"2022-08-04T14:05:10+00:00","twitter_card":"summary_large_image","twitter_misc":{"Gesch\u00e4tzte Lesezeit":"2\u00a0Minuten"},"schema":{"@context":"https:\/\/schema.org","@graph":[{"@type":"WebPage","@id":"https:\/\/www.sonusarts.com\/de\/artists\/colores-trio\/","url":"https:\/\/www.sonusarts.com\/de\/artists\/colores-trio\/","name":"Colores Trio - SonusArts","isPartOf":{"@id":"https:\/\/www.sonusarts.com\/de\/#website"},"datePublished":"2022-01-18T18:37:15+00:00","dateModified":"2022-08-04T14:05:10+00:00","breadcrumb":{"@id":"https:\/\/www.sonusarts.com\/de\/artists\/colores-trio\/#breadcrumb"},"inLanguage":"de","potentialAction":[{"@type":"ReadAction","target":["https:\/\/www.sonusarts.com\/de\/artists\/colores-trio\/"]}]},{"@type":"BreadcrumbList","@id":"https:\/\/www.sonusarts.com\/de\/artists\/colores-trio\/#breadcrumb","itemListElement":[{"@type":"ListItem","position":1,"name":"Home","item":"https:\/\/www.sonusarts.com\/de\/"},{"@type":"ListItem","position":2,"name":"Artists","item":"https:\/\/www.sonusarts.com\/de\/artists\/"},{"@type":"ListItem","position":3,"name":"Colores Trio"}]},{"@type":"WebSite","@id":"https:\/\/www.sonusarts.com\/de\/#website","url":"https:\/\/www.sonusarts.com\/de\/","name":"SonusArts","description":"Guiding musicians to their full potential","potentialAction":[{"@type":"SearchAction","target":{"@type":"EntryPoint","urlTemplate":"https:\/\/www.sonusarts.com\/de\/?s={search_term_string}"},"query-input":{"@type":"PropertyValueSpecification","valueRequired":true,"valueName":"search_term_string"}}],"inLanguage":"de"}]}},"_links":{"self":[{"href":"https:\/\/www.sonusarts.com\/de\/wp-json\/wp\/v2\/pages\/2345","targetHints":{"allow":["GET"]}}],"collection":[{"href":"https:\/\/www.sonusarts.com\/de\/wp-json\/wp\/v2\/pages"}],"about":[{"href":"https:\/\/www.sonusarts.com\/de\/wp-json\/wp\/v2\/types\/page"}],"author":[{"embeddable":true,"href":"https:\/\/www.sonusarts.com\/de\/wp-json\/wp\/v2\/users\/2"}],"replies":[{"embeddable":true,"href":"https:\/\/www.sonusarts.com\/de\/wp-json\/wp\/v2\/comments?post=2345"}],"version-history":[{"count":6,"href":"https:\/\/www.sonusarts.com\/de\/wp-json\/wp\/v2\/pages\/2345\/revisions"}],"predecessor-version":[{"id":2779,"href":"https:\/\/www.sonusarts.com\/de\/wp-json\/wp\/v2\/pages\/2345\/revisions\/2779"}],"up":[{"embeddable":true,"href":"https:\/\/www.sonusarts.com\/de\/wp-json\/wp\/v2\/pages\/420"}],"wp:attachment":[{"href":"https:\/\/www.sonusarts.com\/de\/wp-json\/wp\/v2\/media?parent=2345"}],"curies":[{"name":"wp","href":"https:\/\/api.w.org\/{rel}","templated":true}]}}