{"id":2436,"date":"2022-02-06T16:09:23","date_gmt":"2022-02-06T15:09:23","guid":{"rendered":"https:\/\/www.sonusarts.com\/artists\/jaemin-shin-copy\/"},"modified":"2022-02-08T08:06:19","modified_gmt":"2022-02-08T07:06:19","slug":"chae-won-hong","status":"publish","type":"page","link":"https:\/\/www.sonusarts.com\/de\/artists\/chae-won-hong\/","title":{"rendered":"Chae-won Hong"},"content":{"rendered":"<p>[et_pb_section fb_built=&#8220;1&#8243; _builder_version=&#8220;4.6.6&#8243; _module_preset=&#8220;default&#8220; global_colors_info=&#8220;{}&#8220;][et_pb_row column_structure=&#8220;1_2,1_2&#8243; _builder_version=&#8220;4.6.6&#8243; _module_preset=&#8220;default&#8220; global_colors_info=&#8220;{}&#8220;][et_pb_column type=&#8220;1_2&#8243; _builder_version=&#8220;4.6.6&#8243; _module_preset=&#8220;default&#8220; global_colors_info=&#8220;{}&#8220;][et_pb_image src=&#8220;https:\/\/www.sonusarts.com\/wp-content\/uploads\/chae-won_hong_800x800.jpg&#8220; alt=&#8220;Chae-won Hong&#8220; title_text=&#8220;Chae-won Hong&#8220; _builder_version=&#8220;4.14.7&#8243; _module_preset=&#8220;default&#8220; hover_enabled=&#8220;0&#8243; global_colors_info=&#8220;{}&#8220; sticky_enabled=&#8220;0&#8243;][\/et_pb_image][et_pb_text _builder_version=&#8220;4.14.7&#8243; _module_preset=&#8220;default&#8220; global_colors_info=&#8220;{}&#8220;]<\/p>\n<p><a href=\"https:\/\/cwstephaniehong.com\" target=\"_blank\" rel=\"noopener\">www.cwstephaniehong.com<\/a><\/p>\n<p>[\/et_pb_text][\/et_pb_column][et_pb_column type=&#8220;1_2&#8243; _builder_version=&#8220;4.6.6&#8243; _module_preset=&#8220;default&#8220; global_colors_info=&#8220;{}&#8220;][et_pb_text _builder_version=&#8220;4.14.7&#8243; _module_preset=&#8220;default&#8220; global_colors_info=&#8220;{}&#8220;]<\/p>\n<p><strong>SonusArts Artist<\/strong><\/p>\n<h1>Chae-won Hong<\/h1>\n<p>Die koreanische Cellistin Chae-won Hong ist Preistr\u00e4gerin des Internationalen Aram Chatschaturjan-Wettbewerbs 2018. Zudem erhielt sie den Publikumspreis und den Beethoven-Preis, der von Krzysztof Penderecki verliehen wurde, sowie mehrere vielversprechende Engagements beim Ludwig van Beethoven Osterfestival Warschau in Polen.<\/p>\n<p>Chae-won Hong trat mit Orchestern wie den N\u00fcrnberger Symphonikern, dem San Remo Symphony Orchestra, dem Springfield Symphony Orchestra, dem Armenian State Symphony Orchestra, dem Korean Symphony Orchestra, dem Seoul Baroque Chamber Orchestra, der Camerata Michigan und Les Violons de France auf. Auch konzertiert sie in prominenten Konzerts\u00e4len wie dem Seoul Art Center in S\u00fcdkorea, dem Rudolfinum in Prag, der Carnegie Hall in New York, der Juanita K. Hammons Hall in Missouri, der L&#8217;eglise Madeline und der Politema garibaldi in Sizilien. Sie trat als Solistin beim Neujahrskonzert in der Dvorak-Hall in der Tschechischen Republik auf, und vor kurzem konzertierte Chae-won Hong unter der Leitung von Sergey Smbatyan in der Khachaturian Grand Concert Hall in Eriwan, Armenien.<\/p>\n<p>Ihr Interesse an musikalischem Engagement hat sie zur Teilnahme an zahlreichen Musikfestivals gef\u00fchrt.<\/p>\n<p>Sie nahm am Great Mountain Festival in Seoul und am Kronberger Meisterkurs in Deutschland teil und arbeitete mit legend\u00e4ren Mentoren wie Bernard Greenhouse, Miklos Perenyi, Frans Helmerson, Jens Peter Maintz und Gary Hoffman zusammen.<\/p>\n<p>Au\u00dferdem wirkte sie bei vielen internationalen Musikfestivals wie dem Water Island Music Festival in St. Thomas und Cura\u00e7ao in der Dominikanischen Republik, dem Gegen den Strom Piano Festival in Frankfurt, Bad Ems in Deutschland, Barbizon, Bordeaux und Gargilesse in Frankreich als Gastcellistin mit. Au\u00dferdem wird sie regelm\u00e4\u00dfig als Solistin zum Jeanne d&#8217;Arc Festival in Paris und Orleans eingeladen und tritt regelm\u00e4ssig beim Festival international decordes in Frankreich auf.<\/p>\n<p>Chae-won studierte an der Korea National University of Art bei Myung-Hwa Chung und Kang Ho Lee, an der Jacobs School, der Indiana University und an der Michigan State University bei Suren Bagratuni, wo sie w\u00e4hrend ihrer gesamten Studienzeit ein Vollstipendium erhielt.<\/p>\n<p>Als begeisterte Kammermusikerin ist Chae-won Hong Programmdirektorin der Kammermusikgesellschaft Friends of Music in Seoul. Seit 2021 leitet sie als k\u00fcnstlerische Leiterin das Mostly Cello Festival in Seoul.<\/p>\n<p>Sie hat bei mehreren nationalen und internationalen Wettbewerben triumphiert und den Gro\u00dfen Preis beim Carnegie-Hall-Wettbewerb in New York und beim MAK-Musikwettbewerb in Korea sowie beim Hellam International Young Artist Competition in Missouri gewonnen.<\/p>\n<p>Neben ihren j\u00fcngsten musikalischen Erfolgen ist sie Preistr\u00e4gerin des Haydn International Music Competition (Hauptpreis), des Japan-Osaka International Music Competition, des Music Journal Competition, des Hanjun Music Competition (ehemals KBS Music Competition), des Baroque Chamber Orchestra Music Competition, des Busan MBC Music Competition und des Ewha Music Competition als zweite Preistr\u00e4gerin.<\/p>\n<p>Chae-won Hong spielt auf 1865 Jean-Baptiste Vuillaume.<\/p>\n<p>&nbsp;<\/p>\n<p>[\/et_pb_text][\/et_pb_column][\/et_pb_row][\/et_pb_section]<\/p>\n","protected":false},"excerpt":{"rendered":"<p>www.cwstephaniehong.comSonusArts Artist Chae-won Hong Die koreanische Cellistin Chae-won Hong ist Preistr\u00e4gerin des Internationalen Aram Chatschaturjan-Wettbewerbs 2018. Zudem erhielt sie den Publikumspreis und den Beethoven-Preis, der von Krzysztof Penderecki verliehen wurde, sowie mehrere vielversprechende Engagements beim Ludwig van Beethoven Osterfestival Warschau in Polen. Chae-won Hong trat mit Orchestern wie den N\u00fcrnberger Symphonikern, dem San Remo Symphony [&hellip;]<\/p>\n","protected":false},"author":2,"featured_media":0,"parent":420,"menu_order":0,"comment_status":"closed","ping_status":"closed","template":"","meta":{"_et_pb_use_builder":"on","_et_pb_old_content":"","_et_gb_content_width":"","footnotes":""},"class_list":["post-2436","page","type-page","status-publish","hentry"],"yoast_head":"<!-- This site is optimized with the Yoast SEO plugin v27.1.1 - https:\/\/yoast.com\/product\/yoast-seo-wordpress\/ -->\n<title>Chae-won Hong - SonusArts<\/title>\n<meta name=\"robots\" content=\"index, follow, max-snippet:-1, max-image-preview:large, max-video-preview:-1\" \/>\n<link rel=\"canonical\" href=\"https:\/\/www.sonusarts.com\/de\/artists\/chae-won-hong\/\" \/>\n<meta property=\"og:locale\" content=\"de_DE\" \/>\n<meta property=\"og:type\" content=\"article\" \/>\n<meta property=\"og:title\" content=\"Chae-won Hong - SonusArts\" \/>\n<meta property=\"og:description\" content=\"www.cwstephaniehong.comSonusArts Artist Chae-won Hong Die koreanische Cellistin Chae-won Hong ist Preistr\u00e4gerin des Internationalen Aram Chatschaturjan-Wettbewerbs 2018. Zudem erhielt sie den Publikumspreis und den Beethoven-Preis, der von Krzysztof Penderecki verliehen wurde, sowie mehrere vielversprechende Engagements beim Ludwig van Beethoven Osterfestival Warschau in Polen. Chae-won Hong trat mit Orchestern wie den N\u00fcrnberger Symphonikern, dem San Remo Symphony [&hellip;]\" \/>\n<meta property=\"og:url\" content=\"https:\/\/www.sonusarts.com\/de\/artists\/chae-won-hong\/\" \/>\n<meta property=\"og:site_name\" content=\"SonusArts\" \/>\n<meta property=\"article:modified_time\" content=\"2022-02-08T07:06:19+00:00\" \/>\n<meta name=\"twitter:card\" content=\"summary_large_image\" \/>\n<meta name=\"twitter:label1\" content=\"Gesch\u00e4tzte Lesezeit\" \/>\n\t<meta name=\"twitter:data1\" content=\"3\u00a0Minuten\" \/>\n<script type=\"application\/ld+json\" class=\"yoast-schema-graph\">{\"@context\":\"https:\/\/schema.org\",\"@graph\":[{\"@type\":\"WebPage\",\"@id\":\"https:\/\/www.sonusarts.com\/de\/artists\/chae-won-hong\/\",\"url\":\"https:\/\/www.sonusarts.com\/de\/artists\/chae-won-hong\/\",\"name\":\"Chae-won Hong - SonusArts\",\"isPartOf\":{\"@id\":\"https:\/\/www.sonusarts.com\/de\/#website\"},\"datePublished\":\"2022-02-06T15:09:23+00:00\",\"dateModified\":\"2022-02-08T07:06:19+00:00\",\"breadcrumb\":{\"@id\":\"https:\/\/www.sonusarts.com\/de\/artists\/chae-won-hong\/#breadcrumb\"},\"inLanguage\":\"de\",\"potentialAction\":[{\"@type\":\"ReadAction\",\"target\":[\"https:\/\/www.sonusarts.com\/de\/artists\/chae-won-hong\/\"]}]},{\"@type\":\"BreadcrumbList\",\"@id\":\"https:\/\/www.sonusarts.com\/de\/artists\/chae-won-hong\/#breadcrumb\",\"itemListElement\":[{\"@type\":\"ListItem\",\"position\":1,\"name\":\"Home\",\"item\":\"https:\/\/www.sonusarts.com\/de\/\"},{\"@type\":\"ListItem\",\"position\":2,\"name\":\"Artists\",\"item\":\"https:\/\/www.sonusarts.com\/de\/artists\/\"},{\"@type\":\"ListItem\",\"position\":3,\"name\":\"Chae-won Hong\"}]},{\"@type\":\"WebSite\",\"@id\":\"https:\/\/www.sonusarts.com\/de\/#website\",\"url\":\"https:\/\/www.sonusarts.com\/de\/\",\"name\":\"SonusArts\",\"description\":\"Guiding musicians to their full potential\",\"potentialAction\":[{\"@type\":\"SearchAction\",\"target\":{\"@type\":\"EntryPoint\",\"urlTemplate\":\"https:\/\/www.sonusarts.com\/de\/?s={search_term_string}\"},\"query-input\":{\"@type\":\"PropertyValueSpecification\",\"valueRequired\":true,\"valueName\":\"search_term_string\"}}],\"inLanguage\":\"de\"}]}<\/script>\n<!-- \/ Yoast SEO plugin. -->","yoast_head_json":{"title":"Chae-won Hong - SonusArts","robots":{"index":"index","follow":"follow","max-snippet":"max-snippet:-1","max-image-preview":"max-image-preview:large","max-video-preview":"max-video-preview:-1"},"canonical":"https:\/\/www.sonusarts.com\/de\/artists\/chae-won-hong\/","og_locale":"de_DE","og_type":"article","og_title":"Chae-won Hong - SonusArts","og_description":"www.cwstephaniehong.comSonusArts Artist Chae-won Hong Die koreanische Cellistin Chae-won Hong ist Preistr\u00e4gerin des Internationalen Aram Chatschaturjan-Wettbewerbs 2018. Zudem erhielt sie den Publikumspreis und den Beethoven-Preis, der von Krzysztof Penderecki verliehen wurde, sowie mehrere vielversprechende Engagements beim Ludwig van Beethoven Osterfestival Warschau in Polen. Chae-won Hong trat mit Orchestern wie den N\u00fcrnberger Symphonikern, dem San Remo Symphony [&hellip;]","og_url":"https:\/\/www.sonusarts.com\/de\/artists\/chae-won-hong\/","og_site_name":"SonusArts","article_modified_time":"2022-02-08T07:06:19+00:00","twitter_card":"summary_large_image","twitter_misc":{"Gesch\u00e4tzte Lesezeit":"3\u00a0Minuten"},"schema":{"@context":"https:\/\/schema.org","@graph":[{"@type":"WebPage","@id":"https:\/\/www.sonusarts.com\/de\/artists\/chae-won-hong\/","url":"https:\/\/www.sonusarts.com\/de\/artists\/chae-won-hong\/","name":"Chae-won Hong - SonusArts","isPartOf":{"@id":"https:\/\/www.sonusarts.com\/de\/#website"},"datePublished":"2022-02-06T15:09:23+00:00","dateModified":"2022-02-08T07:06:19+00:00","breadcrumb":{"@id":"https:\/\/www.sonusarts.com\/de\/artists\/chae-won-hong\/#breadcrumb"},"inLanguage":"de","potentialAction":[{"@type":"ReadAction","target":["https:\/\/www.sonusarts.com\/de\/artists\/chae-won-hong\/"]}]},{"@type":"BreadcrumbList","@id":"https:\/\/www.sonusarts.com\/de\/artists\/chae-won-hong\/#breadcrumb","itemListElement":[{"@type":"ListItem","position":1,"name":"Home","item":"https:\/\/www.sonusarts.com\/de\/"},{"@type":"ListItem","position":2,"name":"Artists","item":"https:\/\/www.sonusarts.com\/de\/artists\/"},{"@type":"ListItem","position":3,"name":"Chae-won Hong"}]},{"@type":"WebSite","@id":"https:\/\/www.sonusarts.com\/de\/#website","url":"https:\/\/www.sonusarts.com\/de\/","name":"SonusArts","description":"Guiding musicians to their full potential","potentialAction":[{"@type":"SearchAction","target":{"@type":"EntryPoint","urlTemplate":"https:\/\/www.sonusarts.com\/de\/?s={search_term_string}"},"query-input":{"@type":"PropertyValueSpecification","valueRequired":true,"valueName":"search_term_string"}}],"inLanguage":"de"}]}},"_links":{"self":[{"href":"https:\/\/www.sonusarts.com\/de\/wp-json\/wp\/v2\/pages\/2436","targetHints":{"allow":["GET"]}}],"collection":[{"href":"https:\/\/www.sonusarts.com\/de\/wp-json\/wp\/v2\/pages"}],"about":[{"href":"https:\/\/www.sonusarts.com\/de\/wp-json\/wp\/v2\/types\/page"}],"author":[{"embeddable":true,"href":"https:\/\/www.sonusarts.com\/de\/wp-json\/wp\/v2\/users\/2"}],"replies":[{"embeddable":true,"href":"https:\/\/www.sonusarts.com\/de\/wp-json\/wp\/v2\/comments?post=2436"}],"version-history":[{"count":7,"href":"https:\/\/www.sonusarts.com\/de\/wp-json\/wp\/v2\/pages\/2436\/revisions"}],"predecessor-version":[{"id":2511,"href":"https:\/\/www.sonusarts.com\/de\/wp-json\/wp\/v2\/pages\/2436\/revisions\/2511"}],"up":[{"embeddable":true,"href":"https:\/\/www.sonusarts.com\/de\/wp-json\/wp\/v2\/pages\/420"}],"wp:attachment":[{"href":"https:\/\/www.sonusarts.com\/de\/wp-json\/wp\/v2\/media?parent=2436"}],"curies":[{"name":"wp","href":"https:\/\/api.w.org\/{rel}","templated":true}]}}