{"id":3006,"date":"2023-01-05T13:54:08","date_gmt":"2023-01-05T12:54:08","guid":{"rendered":"https:\/\/www.sonusarts.com\/artists\/donghwan-yoon-copy\/"},"modified":"2023-01-05T14:09:10","modified_gmt":"2023-01-05T13:09:10","slug":"minju-kim","status":"publish","type":"page","link":"https:\/\/www.sonusarts.com\/de\/artists\/minju-kim\/","title":{"rendered":"Minju Kim"},"content":{"rendered":"<p>[et_pb_section fb_built=&#8220;1&#8243; _builder_version=&#8220;4.16&#8243; _module_preset=&#8220;default&#8220; global_colors_info=&#8220;{}&#8220;][et_pb_row column_structure=&#8220;1_2,1_2&#8243; _builder_version=&#8220;4.16&#8243; _module_preset=&#8220;default&#8220; global_colors_info=&#8220;{}&#8220;][et_pb_column type=&#8220;1_2&#8243; _builder_version=&#8220;4.16&#8243; _module_preset=&#8220;default&#8220; global_colors_info=&#8220;{}&#8220;][et_pb_image src=&#8220;https:\/\/www.sonusarts.com\/wp-content\/uploads\/minju-kim-800&#215;1200-1.jpg&#8220; alt=&#8220;Minju Kim&#8220; title_text=&#8220;Minju Kim&#8220; _builder_version=&#8220;4.19.4&#8243; _module_preset=&#8220;default&#8220; hover_enabled=&#8220;0&#8243; global_colors_info=&#8220;{}&#8220; sticky_enabled=&#8220;0&#8243;][\/et_pb_image][\/et_pb_column][et_pb_column type=&#8220;1_2&#8243; _builder_version=&#8220;4.16&#8243; _module_preset=&#8220;default&#8220; global_colors_info=&#8220;{}&#8220;][et_pb_text _builder_version=&#8220;4.19.4&#8243; _module_preset=&#8220;default&#8220; hover_enabled=&#8220;0&#8243; global_colors_info=&#8220;{}&#8220; sticky_enabled=&#8220;0&#8243;]<\/p>\n<p><strong>SonusArts Artist<\/strong><\/p>\n<h1>Minju Kim<\/h1>\n<p>Die Fagottistin Minju Kim gewann beim 73. Internationalen Musikwettbewerbs Prag Fr\u00fchling nicht nur den ersten Preis, aber auch f\u00fcnf Sonderpreise (Preis des Tschechischen Rundfunks, Preis der Stiftung des Tschechischen Musikfonds, Preis der Hauptstadt Prag, B\u00e4renreiter Verlag Preis, und Janos Meszaros Memoriam-Preis). Sie war ebenfalls die erste koreanische Preistr\u00e4gerin beim The Muri Competition f\u00fcr Fagott, wo sie auch mit dem Publikumspreis geehrte wurde. Dies verlieh ihr den Ruf als eine vielversprechende Fagottistin der n\u00e4chsten Generation.<\/p>\n<p>Schon fr\u00fch wurde sie mit zahlreichen ersten Preisen bei prominenten Wettbewerben in Korea ausgezeichnet, wie z.B. den ersten Preis beim Musikwettbewerb der Zeitung Dong-a Ilbo, den ersten Preis und den Oberb\u00fcrgermeisterpreis beim Musikwettbewerb des Fernsehsenders Busan MBC, den ersten Preis beim Musikwettbewerb der \u00dcbersee-Depesche, den ersten Preis beim Alumni-Wettbewerb der Fakult\u00e4t f\u00fcr Blasinstrumente der Seoul National Universit\u00e4t, den ersten Preis beim internationalen Studentenwettbewerb der Music Association of Korea usw. Sie tat sich auch mit ihren Auftritten bei Kumho Young Artist Concert Series und dem 82. Cho-sun Ilbo Debut Concert hervor.<\/p>\n<p>Aktiv im Orchester und in Kammermusik war sie die Solo-Fagottistin beim Jungen Philharmonischen Orchester Yong-in von 2009 bis 2015. Vor kurzem hat sie als Aushilfe beim Tonhalle Orchesters Z\u00fcrich, der M\u00fcnchner Philharmoniker und der Z\u00fcrcher Symphoniker gespielt. W\u00e4hrend ihres Praktikums beim Berner Symphonieorchester hat sie ebenfalls ihre Orchestererfahrung vertiefen k\u00f6nnen. Sie hat bei zahlreichen Gelegenheiten mit weltber\u00fchmten K\u00fcnstlern zusammengearbeitet, wie beim Gstaad Menuhin Festival, das vom legend\u00e4ren Geiger und Dirigent Yehudi Menuhin gegr\u00fcndet wurde, an dem sie als Leitung f\u00fcr Holzblasinstrument f\u00fcr das Amateur-Projektorchester teilnahm. Sie war auch bei Santander Encounter Music Festival in Spanien als K\u00fcnstlerin eingeladen. Sie beteiligt sich aktiv in Holzbl\u00e4serquintett-Kammermusik, wobei sie zweimal auf der Kumho Yung Kammer Konzert Series konzertierte, und bei einer renommierten koreanischen Kammermusik-Wettbewerb der Artsylvia Audition den Young-Sylvia-Preis erhielt. Sie war auf der Tour durch Korea als Gastmitglied von SWISS5 dabei, das beste Holzbl\u00e4serquintett der Schweiz, was ihre Position als Kammermusikerin verst\u00e4rkt hat.<\/p>\n<p>Nach ihrer Ausbildung an den Mittel- und Oberschulen Sunhwa f\u00fcr Kunst, studierte sie Instrumentalmusik an der Seoul National University. Danach schloss sie mit hohen Noten ihren MA (Music Performance- Konzert) an der Z\u00fcrcher Hochschule der K\u00fcnste ab, wo sie sich gerade bei Matthias R\u00e1cz im Studiengang MA Specialized Music Performance &#8211; Solistin\/Solist befindet. Seit Oktober 2022 ist Minju Kim die Solo-Fagottistin des Philharmonisches Staatsorchester Hamburg und erreicht damit ein gro\u00dfes Publikum als Teil des Orchesters und auf verschiedenen B\u00fchnen.<\/p>\n<p>[\/et_pb_text][\/et_pb_column][\/et_pb_row][\/et_pb_section]<\/p>\n","protected":false},"excerpt":{"rendered":"<p>SonusArts Artist Minju Kim Die Fagottistin Minju Kim gewann beim 73. Internationalen Musikwettbewerbs Prag Fr\u00fchling nicht nur den ersten Preis, aber auch f\u00fcnf Sonderpreise (Preis des Tschechischen Rundfunks, Preis der Stiftung des Tschechischen Musikfonds, Preis der Hauptstadt Prag, B\u00e4renreiter Verlag Preis, und Janos Meszaros Memoriam-Preis). Sie war ebenfalls die erste koreanische Preistr\u00e4gerin beim The Muri [&hellip;]<\/p>\n","protected":false},"author":2,"featured_media":0,"parent":420,"menu_order":0,"comment_status":"closed","ping_status":"closed","template":"","meta":{"_et_pb_use_builder":"on","_et_pb_old_content":"","_et_gb_content_width":"","footnotes":""},"class_list":["post-3006","page","type-page","status-publish","hentry"],"yoast_head":"<!-- This site is optimized with the Yoast SEO plugin v27.1.1 - https:\/\/yoast.com\/product\/yoast-seo-wordpress\/ -->\n<title>Minju Kim - SonusArts<\/title>\n<meta name=\"robots\" content=\"index, follow, max-snippet:-1, max-image-preview:large, max-video-preview:-1\" \/>\n<link rel=\"canonical\" href=\"https:\/\/www.sonusarts.com\/de\/artists\/minju-kim\/\" \/>\n<meta property=\"og:locale\" content=\"de_DE\" \/>\n<meta property=\"og:type\" content=\"article\" \/>\n<meta property=\"og:title\" content=\"Minju Kim - SonusArts\" \/>\n<meta property=\"og:description\" content=\"SonusArts Artist Minju Kim Die Fagottistin Minju Kim gewann beim 73. Internationalen Musikwettbewerbs Prag Fr\u00fchling nicht nur den ersten Preis, aber auch f\u00fcnf Sonderpreise (Preis des Tschechischen Rundfunks, Preis der Stiftung des Tschechischen Musikfonds, Preis der Hauptstadt Prag, B\u00e4renreiter Verlag Preis, und Janos Meszaros Memoriam-Preis). Sie war ebenfalls die erste koreanische Preistr\u00e4gerin beim The Muri [&hellip;]\" \/>\n<meta property=\"og:url\" content=\"https:\/\/www.sonusarts.com\/de\/artists\/minju-kim\/\" \/>\n<meta property=\"og:site_name\" content=\"SonusArts\" \/>\n<meta property=\"article:modified_time\" content=\"2023-01-05T13:09:10+00:00\" \/>\n<meta name=\"twitter:card\" content=\"summary_large_image\" \/>\n<meta name=\"twitter:label1\" content=\"Gesch\u00e4tzte Lesezeit\" \/>\n\t<meta name=\"twitter:data1\" content=\"2\u00a0Minuten\" \/>\n<script type=\"application\/ld+json\" class=\"yoast-schema-graph\">{\"@context\":\"https:\/\/schema.org\",\"@graph\":[{\"@type\":\"WebPage\",\"@id\":\"https:\/\/www.sonusarts.com\/de\/artists\/minju-kim\/\",\"url\":\"https:\/\/www.sonusarts.com\/de\/artists\/minju-kim\/\",\"name\":\"Minju Kim - SonusArts\",\"isPartOf\":{\"@id\":\"https:\/\/www.sonusarts.com\/de\/#website\"},\"datePublished\":\"2023-01-05T12:54:08+00:00\",\"dateModified\":\"2023-01-05T13:09:10+00:00\",\"breadcrumb\":{\"@id\":\"https:\/\/www.sonusarts.com\/de\/artists\/minju-kim\/#breadcrumb\"},\"inLanguage\":\"de\",\"potentialAction\":[{\"@type\":\"ReadAction\",\"target\":[\"https:\/\/www.sonusarts.com\/de\/artists\/minju-kim\/\"]}]},{\"@type\":\"BreadcrumbList\",\"@id\":\"https:\/\/www.sonusarts.com\/de\/artists\/minju-kim\/#breadcrumb\",\"itemListElement\":[{\"@type\":\"ListItem\",\"position\":1,\"name\":\"Home\",\"item\":\"https:\/\/www.sonusarts.com\/de\/\"},{\"@type\":\"ListItem\",\"position\":2,\"name\":\"Artists\",\"item\":\"https:\/\/www.sonusarts.com\/de\/artists\/\"},{\"@type\":\"ListItem\",\"position\":3,\"name\":\"Minju Kim\"}]},{\"@type\":\"WebSite\",\"@id\":\"https:\/\/www.sonusarts.com\/de\/#website\",\"url\":\"https:\/\/www.sonusarts.com\/de\/\",\"name\":\"SonusArts\",\"description\":\"Guiding musicians to their full potential\",\"potentialAction\":[{\"@type\":\"SearchAction\",\"target\":{\"@type\":\"EntryPoint\",\"urlTemplate\":\"https:\/\/www.sonusarts.com\/de\/?s={search_term_string}\"},\"query-input\":{\"@type\":\"PropertyValueSpecification\",\"valueRequired\":true,\"valueName\":\"search_term_string\"}}],\"inLanguage\":\"de\"}]}<\/script>\n<!-- \/ Yoast SEO plugin. -->","yoast_head_json":{"title":"Minju Kim - SonusArts","robots":{"index":"index","follow":"follow","max-snippet":"max-snippet:-1","max-image-preview":"max-image-preview:large","max-video-preview":"max-video-preview:-1"},"canonical":"https:\/\/www.sonusarts.com\/de\/artists\/minju-kim\/","og_locale":"de_DE","og_type":"article","og_title":"Minju Kim - SonusArts","og_description":"SonusArts Artist Minju Kim Die Fagottistin Minju Kim gewann beim 73. Internationalen Musikwettbewerbs Prag Fr\u00fchling nicht nur den ersten Preis, aber auch f\u00fcnf Sonderpreise (Preis des Tschechischen Rundfunks, Preis der Stiftung des Tschechischen Musikfonds, Preis der Hauptstadt Prag, B\u00e4renreiter Verlag Preis, und Janos Meszaros Memoriam-Preis). Sie war ebenfalls die erste koreanische Preistr\u00e4gerin beim The Muri [&hellip;]","og_url":"https:\/\/www.sonusarts.com\/de\/artists\/minju-kim\/","og_site_name":"SonusArts","article_modified_time":"2023-01-05T13:09:10+00:00","twitter_card":"summary_large_image","twitter_misc":{"Gesch\u00e4tzte Lesezeit":"2\u00a0Minuten"},"schema":{"@context":"https:\/\/schema.org","@graph":[{"@type":"WebPage","@id":"https:\/\/www.sonusarts.com\/de\/artists\/minju-kim\/","url":"https:\/\/www.sonusarts.com\/de\/artists\/minju-kim\/","name":"Minju Kim - SonusArts","isPartOf":{"@id":"https:\/\/www.sonusarts.com\/de\/#website"},"datePublished":"2023-01-05T12:54:08+00:00","dateModified":"2023-01-05T13:09:10+00:00","breadcrumb":{"@id":"https:\/\/www.sonusarts.com\/de\/artists\/minju-kim\/#breadcrumb"},"inLanguage":"de","potentialAction":[{"@type":"ReadAction","target":["https:\/\/www.sonusarts.com\/de\/artists\/minju-kim\/"]}]},{"@type":"BreadcrumbList","@id":"https:\/\/www.sonusarts.com\/de\/artists\/minju-kim\/#breadcrumb","itemListElement":[{"@type":"ListItem","position":1,"name":"Home","item":"https:\/\/www.sonusarts.com\/de\/"},{"@type":"ListItem","position":2,"name":"Artists","item":"https:\/\/www.sonusarts.com\/de\/artists\/"},{"@type":"ListItem","position":3,"name":"Minju Kim"}]},{"@type":"WebSite","@id":"https:\/\/www.sonusarts.com\/de\/#website","url":"https:\/\/www.sonusarts.com\/de\/","name":"SonusArts","description":"Guiding musicians to their full potential","potentialAction":[{"@type":"SearchAction","target":{"@type":"EntryPoint","urlTemplate":"https:\/\/www.sonusarts.com\/de\/?s={search_term_string}"},"query-input":{"@type":"PropertyValueSpecification","valueRequired":true,"valueName":"search_term_string"}}],"inLanguage":"de"}]}},"_links":{"self":[{"href":"https:\/\/www.sonusarts.com\/de\/wp-json\/wp\/v2\/pages\/3006","targetHints":{"allow":["GET"]}}],"collection":[{"href":"https:\/\/www.sonusarts.com\/de\/wp-json\/wp\/v2\/pages"}],"about":[{"href":"https:\/\/www.sonusarts.com\/de\/wp-json\/wp\/v2\/types\/page"}],"author":[{"embeddable":true,"href":"https:\/\/www.sonusarts.com\/de\/wp-json\/wp\/v2\/users\/2"}],"replies":[{"embeddable":true,"href":"https:\/\/www.sonusarts.com\/de\/wp-json\/wp\/v2\/comments?post=3006"}],"version-history":[{"count":3,"href":"https:\/\/www.sonusarts.com\/de\/wp-json\/wp\/v2\/pages\/3006\/revisions"}],"predecessor-version":[{"id":3012,"href":"https:\/\/www.sonusarts.com\/de\/wp-json\/wp\/v2\/pages\/3006\/revisions\/3012"}],"up":[{"embeddable":true,"href":"https:\/\/www.sonusarts.com\/de\/wp-json\/wp\/v2\/pages\/420"}],"wp:attachment":[{"href":"https:\/\/www.sonusarts.com\/de\/wp-json\/wp\/v2\/media?parent=3006"}],"curies":[{"name":"wp","href":"https:\/\/api.w.org\/{rel}","templated":true}]}}