{"id":3185,"date":"2023-06-01T14:18:39","date_gmt":"2023-06-01T12:18:39","guid":{"rendered":"https:\/\/www.sonusarts.com\/artists\/matvey-demin-copy\/"},"modified":"2023-06-01T14:24:15","modified_gmt":"2023-06-01T12:24:15","slug":"giorgi-iuldashevi","status":"publish","type":"page","link":"https:\/\/www.sonusarts.com\/de\/artists\/giorgi-iuldashevi\/","title":{"rendered":"Giorgi Iuldashevi"},"content":{"rendered":"<p>[et_pb_section fb_built=&#8220;1&#8243; _builder_version=&#8220;4.16&#8243; _module_preset=&#8220;default&#8220; global_colors_info=&#8220;{}&#8220;][et_pb_row column_structure=&#8220;1_2,1_2&#8243; _builder_version=&#8220;4.16&#8243; _module_preset=&#8220;default&#8220; global_colors_info=&#8220;{}&#8220;][et_pb_column type=&#8220;1_2&#8243; _builder_version=&#8220;4.16&#8243; _module_preset=&#8220;default&#8220; global_colors_info=&#8220;{}&#8220;][et_pb_image src=&#8220;https:\/\/www.sonusarts.com\/wp-content\/uploads\/giorgi-iuldashevi-800&#215;800-1.jpg&#8220; alt=&#8220;Giorgi Iuldashevi&#8220; title_text=&#8220;Giorgi Iuldashevi&#8220; _builder_version=&#8220;4.21.0&#8243; _module_preset=&#8220;default&#8220; hover_enabled=&#8220;0&#8243; global_colors_info=&#8220;{}&#8220; sticky_enabled=&#8220;0&#8243;][\/et_pb_image][et_pb_text _builder_version=&#8220;4.21.0&#8243; _module_preset=&#8220;default&#8220; hover_enabled=&#8220;0&#8243; global_colors_info=&#8220;{}&#8220; sticky_enabled=&#8220;0&#8243;]<\/p>\n<p><em>\u00abDas Spiel von Giorgi Iuldashevi ist magisch und emotional. Seine Gef\u00fchle zur Musik und seine Art zu spielen ber\u00fchrt das Herz eines jeden. Ich war gl\u00fccklich, mit ihm auf der gleichen B\u00fchne im grossen Saal der Tonhalle in Z\u00fcrich zu sein. Ich werde immer froh sein, ihn zu treffen und das Spiel dieses besonderen K\u00fcnstlers zu h\u00f6ren.\u00bb<\/em><br \/>Maria Jo\u00e3o Pires<\/p>\n<p>[\/et_pb_text][et_pb_text _builder_version=&#8220;4.21.0&#8243; _module_preset=&#8220;default&#8220; hover_enabled=&#8220;0&#8243; global_colors_info=&#8220;{}&#8220; sticky_enabled=&#8220;0&#8243;]<\/p>\n<p><em>\u00abGiorgi Iuldashevi ist ein \u00e4u\u00dferst talentierter Musiker. Er hat eine sehr sensible Musikalit\u00e4t, erstaunliche Technik, Kunstfertigkeit, umwerfenden Charme und Temperament. Es ist besonders, Giorgis Spiel zu erleben.\u00bb<\/em><br \/>Khatia Buniatishvili<\/p>\n<p>[\/et_pb_text][\/et_pb_column][et_pb_column type=&#8220;1_2&#8243; _builder_version=&#8220;4.16&#8243; _module_preset=&#8220;default&#8220; global_colors_info=&#8220;{}&#8220;][et_pb_text _builder_version=&#8220;4.21.0&#8243; _module_preset=&#8220;default&#8220; hover_enabled=&#8220;0&#8243; global_colors_info=&#8220;{}&#8220; sticky_enabled=&#8220;0&#8243;]<\/p>\n<p><strong>SonusArts Artist<\/strong><\/p>\n<h1>Giorgi Iuldashevi<\/h1>\n<p>Giorgi Iuldashevi, geboren 1995 in Georgien, deb\u00fctierte bereits im Alter von 12 Jahren mit dem Staatsorchester von Tbilisi. Anschliessend gewann er mehrere Preise an nationalen und internationalen Wettbewerben in Georgien, Deutschland und Frankreich, wo er seither regelm\u00e4ssig auftritt.<\/p>\n<p>Giorgi Iuldashevi absolvierte an der Zu\u0308rcher Hochschule der Ku\u0308nste sein Studium und schloss seine beiden Master in P\u00e4dagogik und Performance mit Auszeichnung ab. Weitere Impulse erhielt er von Christian Zacharias und von Khatia Buniatishvili, die ihm \u00absensible Musikalit\u00e4t, erstaunliche technische F\u00e4higkeiten, Charme und Temperament\u00bb attestierte. Er wurde zweimal mit dem Migros Kulturpreis Z\u00fcrich ausgezeichnet und erhielt den Preis der Friedel-Wald Stiftung in Basel. 2023 gewinnt er den Kiefer Hablitzel Music Prize &amp; Prix Collard in Bern, Schweiz.<\/p>\n<p>Weitere H\u00f6hepunkte waren die Einladungen der Orpheum Stiftung zu zwei Meisterkurse bei Maria Jo\u00e3o Pires und die anschliessenden Konzerte in der Tonhalle Maag Zu\u0308rich und in Portugal. Als Solist tritt Giorgi Iuldashevi mit verschiedenen Orchestern auf und ist ein regelm\u00e4\u00dfiger Gast an internationalen Festivals.<\/p>\n<p>Seine Debut CD \u00abSimplicity\u00bb bei \u00abGramola\u00bb, Wien, erscheint 2023.<\/p>\n<p>Giorgi Iuldashevi spricht 5 Sprachen und lebt in der Schweiz.<\/p>\n<p>&nbsp;<\/p>\n<p>[\/et_pb_text][\/et_pb_column][\/et_pb_row][\/et_pb_section]<\/p>\n","protected":false},"excerpt":{"rendered":"<p>\u00abDas Spiel von Giorgi Iuldashevi ist magisch und emotional. Seine Gef\u00fchle zur Musik und seine Art zu spielen ber\u00fchrt das Herz eines jeden. Ich war gl\u00fccklich, mit ihm auf der gleichen B\u00fchne im grossen Saal der Tonhalle in Z\u00fcrich zu sein. Ich werde immer froh sein, ihn zu treffen und das Spiel dieses besonderen K\u00fcnstlers [&hellip;]<\/p>\n","protected":false},"author":2,"featured_media":0,"parent":420,"menu_order":0,"comment_status":"closed","ping_status":"closed","template":"","meta":{"_et_pb_use_builder":"on","_et_pb_old_content":"","_et_gb_content_width":"","footnotes":""},"class_list":["post-3185","page","type-page","status-publish","hentry"],"yoast_head":"<!-- This site is optimized with the Yoast SEO plugin v27.1.1 - https:\/\/yoast.com\/product\/yoast-seo-wordpress\/ -->\n<title>Giorgi Iuldashevi - SonusArts<\/title>\n<meta name=\"robots\" content=\"index, follow, max-snippet:-1, max-image-preview:large, max-video-preview:-1\" \/>\n<link rel=\"canonical\" href=\"https:\/\/www.sonusarts.com\/de\/artists\/giorgi-iuldashevi\/\" \/>\n<meta property=\"og:locale\" content=\"de_DE\" \/>\n<meta property=\"og:type\" content=\"article\" \/>\n<meta property=\"og:title\" content=\"Giorgi Iuldashevi - SonusArts\" \/>\n<meta property=\"og:description\" content=\"\u00abDas Spiel von Giorgi Iuldashevi ist magisch und emotional. Seine Gef\u00fchle zur Musik und seine Art zu spielen ber\u00fchrt das Herz eines jeden. Ich war gl\u00fccklich, mit ihm auf der gleichen B\u00fchne im grossen Saal der Tonhalle in Z\u00fcrich zu sein. Ich werde immer froh sein, ihn zu treffen und das Spiel dieses besonderen K\u00fcnstlers [&hellip;]\" \/>\n<meta property=\"og:url\" content=\"https:\/\/www.sonusarts.com\/de\/artists\/giorgi-iuldashevi\/\" \/>\n<meta property=\"og:site_name\" content=\"SonusArts\" \/>\n<meta property=\"article:modified_time\" content=\"2023-06-01T12:24:15+00:00\" \/>\n<meta name=\"twitter:card\" content=\"summary_large_image\" \/>\n<meta name=\"twitter:label1\" content=\"Gesch\u00e4tzte Lesezeit\" \/>\n\t<meta name=\"twitter:data1\" content=\"2\u00a0Minuten\" \/>\n<script type=\"application\/ld+json\" class=\"yoast-schema-graph\">{\"@context\":\"https:\/\/schema.org\",\"@graph\":[{\"@type\":\"WebPage\",\"@id\":\"https:\/\/www.sonusarts.com\/de\/artists\/giorgi-iuldashevi\/\",\"url\":\"https:\/\/www.sonusarts.com\/de\/artists\/giorgi-iuldashevi\/\",\"name\":\"Giorgi Iuldashevi - SonusArts\",\"isPartOf\":{\"@id\":\"https:\/\/www.sonusarts.com\/de\/#website\"},\"datePublished\":\"2023-06-01T12:18:39+00:00\",\"dateModified\":\"2023-06-01T12:24:15+00:00\",\"breadcrumb\":{\"@id\":\"https:\/\/www.sonusarts.com\/de\/artists\/giorgi-iuldashevi\/#breadcrumb\"},\"inLanguage\":\"de\",\"potentialAction\":[{\"@type\":\"ReadAction\",\"target\":[\"https:\/\/www.sonusarts.com\/de\/artists\/giorgi-iuldashevi\/\"]}]},{\"@type\":\"BreadcrumbList\",\"@id\":\"https:\/\/www.sonusarts.com\/de\/artists\/giorgi-iuldashevi\/#breadcrumb\",\"itemListElement\":[{\"@type\":\"ListItem\",\"position\":1,\"name\":\"Home\",\"item\":\"https:\/\/www.sonusarts.com\/de\/\"},{\"@type\":\"ListItem\",\"position\":2,\"name\":\"Artists\",\"item\":\"https:\/\/www.sonusarts.com\/de\/artists\/\"},{\"@type\":\"ListItem\",\"position\":3,\"name\":\"Giorgi Iuldashevi\"}]},{\"@type\":\"WebSite\",\"@id\":\"https:\/\/www.sonusarts.com\/de\/#website\",\"url\":\"https:\/\/www.sonusarts.com\/de\/\",\"name\":\"SonusArts\",\"description\":\"Guiding musicians to their full potential\",\"potentialAction\":[{\"@type\":\"SearchAction\",\"target\":{\"@type\":\"EntryPoint\",\"urlTemplate\":\"https:\/\/www.sonusarts.com\/de\/?s={search_term_string}\"},\"query-input\":{\"@type\":\"PropertyValueSpecification\",\"valueRequired\":true,\"valueName\":\"search_term_string\"}}],\"inLanguage\":\"de\"}]}<\/script>\n<!-- \/ Yoast SEO plugin. -->","yoast_head_json":{"title":"Giorgi Iuldashevi - SonusArts","robots":{"index":"index","follow":"follow","max-snippet":"max-snippet:-1","max-image-preview":"max-image-preview:large","max-video-preview":"max-video-preview:-1"},"canonical":"https:\/\/www.sonusarts.com\/de\/artists\/giorgi-iuldashevi\/","og_locale":"de_DE","og_type":"article","og_title":"Giorgi Iuldashevi - SonusArts","og_description":"\u00abDas Spiel von Giorgi Iuldashevi ist magisch und emotional. Seine Gef\u00fchle zur Musik und seine Art zu spielen ber\u00fchrt das Herz eines jeden. Ich war gl\u00fccklich, mit ihm auf der gleichen B\u00fchne im grossen Saal der Tonhalle in Z\u00fcrich zu sein. Ich werde immer froh sein, ihn zu treffen und das Spiel dieses besonderen K\u00fcnstlers [&hellip;]","og_url":"https:\/\/www.sonusarts.com\/de\/artists\/giorgi-iuldashevi\/","og_site_name":"SonusArts","article_modified_time":"2023-06-01T12:24:15+00:00","twitter_card":"summary_large_image","twitter_misc":{"Gesch\u00e4tzte Lesezeit":"2\u00a0Minuten"},"schema":{"@context":"https:\/\/schema.org","@graph":[{"@type":"WebPage","@id":"https:\/\/www.sonusarts.com\/de\/artists\/giorgi-iuldashevi\/","url":"https:\/\/www.sonusarts.com\/de\/artists\/giorgi-iuldashevi\/","name":"Giorgi Iuldashevi - SonusArts","isPartOf":{"@id":"https:\/\/www.sonusarts.com\/de\/#website"},"datePublished":"2023-06-01T12:18:39+00:00","dateModified":"2023-06-01T12:24:15+00:00","breadcrumb":{"@id":"https:\/\/www.sonusarts.com\/de\/artists\/giorgi-iuldashevi\/#breadcrumb"},"inLanguage":"de","potentialAction":[{"@type":"ReadAction","target":["https:\/\/www.sonusarts.com\/de\/artists\/giorgi-iuldashevi\/"]}]},{"@type":"BreadcrumbList","@id":"https:\/\/www.sonusarts.com\/de\/artists\/giorgi-iuldashevi\/#breadcrumb","itemListElement":[{"@type":"ListItem","position":1,"name":"Home","item":"https:\/\/www.sonusarts.com\/de\/"},{"@type":"ListItem","position":2,"name":"Artists","item":"https:\/\/www.sonusarts.com\/de\/artists\/"},{"@type":"ListItem","position":3,"name":"Giorgi Iuldashevi"}]},{"@type":"WebSite","@id":"https:\/\/www.sonusarts.com\/de\/#website","url":"https:\/\/www.sonusarts.com\/de\/","name":"SonusArts","description":"Guiding musicians to their full potential","potentialAction":[{"@type":"SearchAction","target":{"@type":"EntryPoint","urlTemplate":"https:\/\/www.sonusarts.com\/de\/?s={search_term_string}"},"query-input":{"@type":"PropertyValueSpecification","valueRequired":true,"valueName":"search_term_string"}}],"inLanguage":"de"}]}},"_links":{"self":[{"href":"https:\/\/www.sonusarts.com\/de\/wp-json\/wp\/v2\/pages\/3185","targetHints":{"allow":["GET"]}}],"collection":[{"href":"https:\/\/www.sonusarts.com\/de\/wp-json\/wp\/v2\/pages"}],"about":[{"href":"https:\/\/www.sonusarts.com\/de\/wp-json\/wp\/v2\/types\/page"}],"author":[{"embeddable":true,"href":"https:\/\/www.sonusarts.com\/de\/wp-json\/wp\/v2\/users\/2"}],"replies":[{"embeddable":true,"href":"https:\/\/www.sonusarts.com\/de\/wp-json\/wp\/v2\/comments?post=3185"}],"version-history":[{"count":3,"href":"https:\/\/www.sonusarts.com\/de\/wp-json\/wp\/v2\/pages\/3185\/revisions"}],"predecessor-version":[{"id":3191,"href":"https:\/\/www.sonusarts.com\/de\/wp-json\/wp\/v2\/pages\/3185\/revisions\/3191"}],"up":[{"embeddable":true,"href":"https:\/\/www.sonusarts.com\/de\/wp-json\/wp\/v2\/pages\/420"}],"wp:attachment":[{"href":"https:\/\/www.sonusarts.com\/de\/wp-json\/wp\/v2\/media?parent=3185"}],"curies":[{"name":"wp","href":"https:\/\/api.w.org\/{rel}","templated":true}]}}