{"id":370,"date":"2020-02-23T12:51:50","date_gmt":"2020-02-23T11:51:50","guid":{"rendered":"https:\/\/www.sonusarts.com\/home-copy\/"},"modified":"2025-01-03T12:16:57","modified_gmt":"2025-01-03T11:16:57","slug":"home","status":"publish","type":"page","link":"https:\/\/www.sonusarts.com\/de\/","title":{"rendered":"Willkommen"},"content":{"rendered":"<p>[et_pb_section fb_built=&#8220;1&#8243; fullwidth=&#8220;on&#8220; _builder_version=&#8220;4.16&#8243; global_colors_info=&#8220;{}&#8220;][et_pb_fullwidth_slider _builder_version=&#8220;4.22.1&#8243; auto=&#8220;on&#8220; auto_speed=&#8220;5000&#8243; auto_ignore_hover=&#8220;on&#8220; global_colors_info=&#8220;{}&#8220;][et_pb_slide heading=&#8220;Matvey Demin&#8220; button_text=&#8220;Mehr erfahren&#8220; button_link=&#8220;@ET-DC@eyJkeW5hbWljIjp0cnVlLCJjb250ZW50IjoicG9zdF9saW5rX3VybF9wYWdlIiwic2V0dGluZ3MiOnsicG9zdF9pZCI6IjYxMSJ9fQ==@&#8220; _builder_version=&#8220;4.16&#8243; _dynamic_attributes=&#8220;button_link&#8220; background_enable_color=&#8220;off&#8220; background_image=&#8220;https:\/\/www.sonusarts.com\/wp-content\/uploads\/matvey_demin_1920x1080.jpg&#8220; background_enable_image=&#8220;on&#8220; global_colors_info=&#8220;{}&#8220; sticky_transition=&#8220;on&#8220;][\/et_pb_slide][et_pb_slide heading=&#8220;Colores Trio&#8220; button_text=&#8220;Mehr erfahren&#8220; button_link=&#8220;@ET-DC@eyJkeW5hbWljIjp0cnVlLCJjb250ZW50IjoicG9zdF9saW5rX3VybF9wYWdlIiwic2V0dGluZ3MiOnsicG9zdF9pZCI6IjIzNDUifX0=@&#8220; _builder_version=&#8220;4.16&#8243; _dynamic_attributes=&#8220;button_link&#8220; background_enable_color=&#8220;off&#8220; background_image=&#8220;https:\/\/www.sonusarts.com\/wp-content\/uploads\/colores_trio_1920x1080.jpg&#8220; background_enable_image=&#8220;on&#8220; global_colors_info=&#8220;{}&#8220; sticky_transition=&#8220;on&#8220;][\/et_pb_slide][et_pb_slide heading=&#8220;AOIDE Trio&#8220; button_text=&#8220;Mehr erfahren&#8220; button_link=&#8220;@ET-DC@eyJkeW5hbWljIjp0cnVlLCJjb250ZW50IjoicG9zdF9saW5rX3VybF9wYWdlIiwic2V0dGluZ3MiOnsicG9zdF9pZCI6IjEyNTEifX0=@&#8220; _builder_version=&#8220;4.17.3&#8243; _dynamic_attributes=&#8220;button_link&#8220; background_enable_color=&#8220;off&#8220; background_image=&#8220;https:\/\/www.sonusarts.com\/wp-content\/uploads\/aoide_trio_2022_1920x1080.jpg&#8220; background_enable_image=&#8220;on&#8220; global_colors_info=&#8220;{}&#8220; sticky_transition=&#8220;on&#8220;][\/et_pb_slide][et_pb_slide heading=&#8220;Swiss 5&#8243; button_text=&#8220;Mehr erfahren&#8220; button_link=&#8220;@ET-DC@eyJkeW5hbWljIjp0cnVlLCJjb250ZW50IjoicG9zdF9saW5rX3VybF9wYWdlIiwic2V0dGluZ3MiOnsicG9zdF9pZCI6IjEyNjUifX0=@&#8220; _builder_version=&#8220;4.16&#8243; _dynamic_attributes=&#8220;button_link&#8220; background_enable_color=&#8220;off&#8220; background_image=&#8220;https:\/\/www.sonusarts.com\/wp-content\/uploads\/swiss_five_1920x1080_neu.jpg&#8220; background_enable_image=&#8220;on&#8220; global_colors_info=&#8220;{}&#8220; sticky_transition=&#8220;on&#8220;][\/et_pb_slide][et_pb_slide heading=&#8220;Giorgi Iuldashevi&#8220; button_text=&#8220;Mehr erfahren&#8220; button_link=&#8220;@ET-DC@eyJkeW5hbWljIjp0cnVlLCJjb250ZW50IjoicG9zdF9saW5rX3VybF9wYWdlIiwic2V0dGluZ3MiOnsicG9zdF9pZCI6IjMxODUifX0=@&#8220; _builder_version=&#8220;4.21.0&#8243; _dynamic_attributes=&#8220;button_link&#8220; background_enable_color=&#8220;off&#8220; background_image=&#8220;https:\/\/www.sonusarts.com\/wp-content\/uploads\/giorgi-iuldashevi-1920&#215;1080-1.jpg&#8220; background_enable_image=&#8220;on&#8220; global_colors_info=&#8220;{}&#8220; sticky_transition=&#8220;on&#8220;][\/et_pb_slide][et_pb_slide heading=&#8220;Donghwan Yoon&#8220; button_text=&#8220;Mehr erfahren&#8220; button_link=&#8220;@ET-DC@eyJkeW5hbWljIjp0cnVlLCJjb250ZW50IjoicG9zdF9saW5rX3VybF9wYWdlIiwic2V0dGluZ3MiOnsicG9zdF9pZCI6IjEyMzgifX0=@&#8220; _builder_version=&#8220;4.16&#8243; _dynamic_attributes=&#8220;button_link&#8220; background_enable_color=&#8220;off&#8220; background_image=&#8220;https:\/\/www.sonusarts.com\/wp-content\/uploads\/Donghwan-Yoon_1920x1080.jpg&#8220; background_enable_image=&#8220;on&#8220; global_colors_info=&#8220;{}&#8220; sticky_transition=&#8220;on&#8220;][\/et_pb_slide][et_pb_slide heading=&#8220;Chae-won Hong&#8220; button_text=&#8220;Mehr erfahren&#8220; button_link=&#8220;@ET-DC@eyJkeW5hbWljIjp0cnVlLCJjb250ZW50IjoicG9zdF9saW5rX3VybF9wYWdlIiwic2V0dGluZ3MiOnsicG9zdF9pZCI6IjI0MzYifX0=@&#8220; admin_title=&#8220;Chae-won Hong&#8220; _builder_version=&#8220;4.16&#8243; _dynamic_attributes=&#8220;button_link&#8220; background_enable_color=&#8220;off&#8220; background_image=&#8220;https:\/\/www.sonusarts.com\/wp-content\/uploads\/chae-won_hong_1920x1080.jpg&#8220; background_enable_image=&#8220;on&#8220; global_colors_info=&#8220;{}&#8220; sticky_transition=&#8220;on&#8220;][\/et_pb_slide][et_pb_slide heading=&#8220;Minju Kim&#8220; button_text=&#8220;Mehr erfahren&#8220; button_link=&#8220;@ET-DC@eyJkeW5hbWljIjp0cnVlLCJjb250ZW50IjoicG9zdF9saW5rX3VybF9wYWdlIiwic2V0dGluZ3MiOnsicG9zdF9pZCI6IjMwMDYifX0=@&#8220; admin_title=&#8220;Minju Kim&#8220; _builder_version=&#8220;4.19.4&#8243; _dynamic_attributes=&#8220;button_link&#8220; background_enable_color=&#8220;off&#8220; background_image=&#8220;https:\/\/www.sonusarts.com\/wp-content\/uploads\/minju-kim-1920&#215;1080-1.jpg&#8220; background_enable_image=&#8220;on&#8220; global_colors_info=&#8220;{}&#8220; sticky_transition=&#8220;on&#8220;][\/et_pb_slide][\/et_pb_fullwidth_slider][\/et_pb_section][et_pb_section fb_built=&#8220;1&#8243; admin_label=&#8220;\u00dcber uns&#8220; module_id=&#8220;sa_offer&#8220; _builder_version=&#8220;4.16&#8243; background_color=&#8220;#ffffff&#8220; background_position=&#8220;top_left&#8220; collapsed=&#8220;off&#8220; global_colors_info=&#8220;{}&#8220;][et_pb_row _builder_version=&#8220;4.16&#8243; global_colors_info=&#8220;{}&#8220;][et_pb_column type=&#8220;4_4&#8243; _builder_version=&#8220;4.16&#8243; global_colors_info=&#8220;{}&#8220;][et_pb_text _builder_version=&#8220;4.16&#8243; global_colors_info=&#8220;{}&#8220;]<\/p>\n<h1 style=\"text-align: center;\">Guiding musicians to their full potential<\/h1>\n<p>[\/et_pb_text][et_pb_text _builder_version=&#8220;4.16&#8243; text_font_size=&#8220;20px&#8220; text_line_height=&#8220;1.8em&#8220; global_colors_info=&#8220;{}&#8220;]<\/p>\n<p style=\"text-align: center;\">SonusArts begleitet Berufsmusiker mit individuellem Coaching und organisiert Konzerte f\u00fcr Solisten und Ensembles.<\/p>\n<p>[\/et_pb_text][\/et_pb_column][\/et_pb_row][et_pb_row _builder_version=&#8220;4.27.4&#8243; _module_preset=&#8220;default&#8220; column_structure=&#8220;1_2,1_2&#8243; hover_enabled=&#8220;0&#8243; sticky_enabled=&#8220;0&#8243;][et_pb_column _builder_version=&#8220;4.27.4&#8243; _module_preset=&#8220;default&#8220; type=&#8220;1_2&#8243;][et_pb_video src=&#8220;https:\/\/youtu.be\/_hylFlBmgvM&#8220; _builder_version=&#8220;4.27.4&#8243; _module_preset=&#8220;default&#8220; hover_enabled=&#8220;0&#8243; sticky_enabled=&#8220;0&#8243;][\/et_pb_video][\/et_pb_column][et_pb_column _builder_version=&#8220;4.27.4&#8243; _module_preset=&#8220;default&#8220; type=&#8220;1_2&#8243;][et_pb_text _builder_version=&#8220;4.27.4&#8243; _module_preset=&#8220;default&#8220; hover_enabled=&#8220;0&#8243; sticky_enabled=&#8220;0&#8243;]<\/p>\n<p><strong>K-CLASSICS<\/strong><\/p>\n<p><strong>Jong Hai Park<\/strong> hat zahlreiche internationale Wettbewerbe gewonnen, darunter den 2. Preis beim Concours G\u00e9za Anda 2018 in Z\u00fcrich.<\/p>\n<p style=\"font-weight: 400;\">Konzert in Z\u00fcrich<\/p>\n<p style=\"font-weight: 400;\">Dienstag, 28. Januar 2025 um 19.30 Uhr<\/p>\n<p style=\"font-weight: 400;\">Grosser Saal, Musikzentrum Florhof MKZ<\/p>\n<p style=\"font-weight: 400;\"><a href=\"https:\/\/eventfrog.ch\/de\/p\/klassik-opern\/klassik\/k-classics-winner-s-concert-jong-hai-park-klavier-7241021421635176950.html\" title=\"Programm und Ticket\"><\/a><a href=\"https:\/\/eventfrog.ch\/de\/p\/klassik-opern\/klassik\/k-classics-winner-s-concert-jong-hai-park-klavier-7241021421635176950.html\">Programm und Ticket<\/a><\/p>\n<p>[\/et_pb_text][\/et_pb_column][\/et_pb_row][et_pb_row column_structure=&#8220;1_2,1_2&#8243; _builder_version=&#8220;4.27.0&#8243; _module_preset=&#8220;default&#8220; global_colors_info=&#8220;{}&#8220;][et_pb_column type=&#8220;1_2&#8243; _builder_version=&#8220;4.27.0&#8243; _module_preset=&#8220;default&#8220; global_colors_info=&#8220;{}&#8220;][et_pb_video src=&#8220;https:\/\/youtu.be\/30pxVoTHgDo&#8220; _builder_version=&#8220;4.27.0&#8243; _module_preset=&#8220;default&#8220; global_colors_info=&#8220;{}&#8220;][\/et_pb_video][\/et_pb_column][et_pb_column type=&#8220;1_2&#8243; _builder_version=&#8220;4.27.0&#8243; _module_preset=&#8220;default&#8220; global_colors_info=&#8220;{}&#8220;][et_pb_text _builder_version=&#8220;4.27.0&#8243; _module_preset=&#8220;default&#8220; link_option_url=&#8220;https:\/\/eventfrog.ch\/de\/p\/klassik-opern\/klassik\/k-classics-winner-s-concert-seohyun-kim-violine-7176311924891537432.html&#8220; global_colors_info=&#8220;{}&#8220;]<\/p>\n<p>Neue Konzertreihe <strong>K-CLASSICS<\/strong> in der Schweiz!<\/p>\n<p>Wir freuen uns, <strong>Seohyun Kim<\/strong>, die j\u00fcngste Gewinnerin des internationalen Tibor Varga Violinwettbewerbs 2023, vorzustellen.<\/p>\n<p><strong>Konzert in Z\u00fcrich<\/strong><\/p>\n<p>Montag, 26. August 2024 um 19.30 Uhr<\/p>\n<p>Grosser Saal, Musikzentrum Florhof MKZ<\/p>\n<p><a href=\"https:\/\/eventfrog.ch\/de\/p\/klassik-opern\/klassik\/k-classics-winner-s-concert-seohyun-kim-violine-7176311924891537432.html\">Programm und Tickets<\/a><\/p>\n<p>&nbsp;<\/p>\n<p>[\/et_pb_text][\/et_pb_column][\/et_pb_row][et_pb_row column_structure=&#8220;1_2,1_2&#8243; _builder_version=&#8220;4.27.0&#8243; _module_preset=&#8220;default&#8220; global_colors_info=&#8220;{}&#8220;][et_pb_column type=&#8220;1_2&#8243; _builder_version=&#8220;4.27.0&#8243; _module_preset=&#8220;default&#8220; global_colors_info=&#8220;{}&#8220;][et_pb_video src=&#8220;https:\/\/youtu.be\/0o2JHdh9vQM?si=Urd_gMs_t7tLOoma&#8220; _builder_version=&#8220;4.27.0&#8243; _module_preset=&#8220;default&#8220; global_colors_info=&#8220;{}&#8220;][\/et_pb_video][\/et_pb_column][et_pb_column type=&#8220;1_2&#8243; _builder_version=&#8220;4.27.0&#8243; _module_preset=&#8220;default&#8220; global_colors_info=&#8220;{}&#8220;][et_pb_text _builder_version=&#8220;4.27.0&#8243; _module_preset=&#8220;default&#8220; global_colors_info=&#8220;{}&#8220;]<\/p>\n<p><strong>TrioColores Korea Tournee &#8211; 21. &#8211; 31. Oktober 2024<\/strong><\/p>\n<p><strong>Musical Color Box\u00a0<\/strong><\/p>\n<ol start=\"24\">\n<li style=\"font-weight: 400;\">Oktober 2024 \u2013 Seoul Arts Center, Seoul<\/li>\n<li style=\"font-weight: 400;\">Oktober 2024 \u2013 Andong Culture and Art Center, Andong<\/li>\n<li style=\"font-weight: 400;\">Oktober 2024 \u2013 Daegu Arts Center, Daegu<\/li>\n<li style=\"font-weight: 400;\">Oktober 2024 \u2013 Seogypo Arts Center, Jeju Island<\/li>\n<\/ol>\n<p><strong><a href=\"https:\/\/tickets.interpark.com\/goods\/24011051?app_tapbar_state=hide\">Programm<\/a><\/strong><\/p>\n<p>&nbsp;<\/p>\n<p>[\/et_pb_text][\/et_pb_column][\/et_pb_row][et_pb_row column_structure=&#8220;1_2,1_2&#8243; _builder_version=&#8220;4.22.2&#8243; _module_preset=&#8220;default&#8220; global_colors_info=&#8220;{}&#8220;][et_pb_column type=&#8220;1_2&#8243; _builder_version=&#8220;4.22.2&#8243; _module_preset=&#8220;default&#8220; global_colors_info=&#8220;{}&#8220;][et_pb_image src=&#8220;https:\/\/www.sonusarts.com\/wp-content\/uploads\/\uc11c\uc6b8\ud3ec\uc2a4\ud130_klein.jpg&#8220; title_text=&#8220;\uc11c\uc6b8\ud3ec\uc2a4\ud130_klein&#8220; _builder_version=&#8220;4.27.4&#8243; _module_preset=&#8220;default&#8220; global_colors_info=&#8220;{}&#8220;][\/et_pb_image][\/et_pb_column][et_pb_column type=&#8220;1_2&#8243; _builder_version=&#8220;4.22.2&#8243; _module_preset=&#8220;default&#8220; global_colors_info=&#8220;{}&#8220;][et_pb_text _builder_version=&#8220;4.27.4&#8243; _module_preset=&#8220;default&#8220; custom_padding=&#8220;2px|||0px||&#8220; custom_css_free_form=&#8220;selector h2 {||  padding-top: 0;||}&#8220; global_colors_info=&#8220;{}&#8220;]<\/p>\n<h2 style=\"text-align: left;\"><\/h2>\n<h2 style=\"text-align: left;\"><\/h2>\n<h2 style=\"text-align: left;\"><\/h2>\n<h2 style=\"text-align: left;\">Ilya Shmukler<\/h2>\n<p style=\"text-align: left;\"><strong>Gewinner des <a href=\"https:\/\/geza-anda.ch\/concours-2024\/\">Concours G\u00e9za Anda 2024<\/a><\/strong><\/p>\n<p>SonusArts freut sich, eine offizielle Zusammenarbeit mit Concours G\u00e9za Anda 2024 bekannt zu geben und Ilya Shmukler bereits im November 2024 f\u00fcr eine Konzerttournee nach S\u00fcd-Korea einzuladen!<\/p>\n<p style=\"font-weight: 400;\"><strong>Konzerte Korea 2024<\/strong><\/p>\n<p style=\"font-weight: 400;\"><span style=\"color: #000000;\"><strong><span style=\"text-decoration: underline;\">1.-8. Novemer 2024<\/span><\/strong><\/span><\/p>\n<p style=\"font-weight: 400;\">Chamber Music Concerts at Musicfestival Pohang<\/p>\n<p style=\"font-weight: 400;\"><span style=\"text-decoration: underline; color: #000000;\"><strong>9. November 2024, 17.00 Uhr<\/strong><\/span><\/p>\n<div><span lang=\"EN-US\">Solo Rezital, GMC Chamber Series in Busan<\/span><\/div>\n<p><strong><span style=\"text-decoration: underline; color: #000000;\">13. November 2024, 19.30 Uhr<\/span><\/strong><\/p>\n<p>Solo Rezital, Concert Hall in Seoul Arts Center<\/p>\n<p><strong><span style=\"text-decoration: underline; color: #000000;\">14. November 2024, 15:00 Uhr<\/span><\/strong><\/p>\n<p>Solo Rezital, Shinsegae Art Hall, Daegu<\/p>\n<p>[\/et_pb_text][\/et_pb_column][\/et_pb_row][et_pb_row _builder_version=&#8220;4.16&#8243; global_colors_info=&#8220;{}&#8220;][et_pb_column type=&#8220;4_4&#8243; _builder_version=&#8220;4.16&#8243; global_colors_info=&#8220;{}&#8220;][et_pb_text _builder_version=&#8220;4.16&#8243; global_colors_info=&#8220;{}&#8220;]<\/p>\n<h2 style=\"text-align: center;\">News<\/h2>\n<p>[\/et_pb_text][\/et_pb_column][\/et_pb_row][et_pb_row _builder_version=&#8220;4.16&#8243; global_colors_info=&#8220;{}&#8220;][et_pb_column type=&#8220;4_4&#8243; _builder_version=&#8220;4.16&#8243; global_colors_info=&#8220;{}&#8220;][et_pb_blog fullwidth=&#8220;off&#8220; include_categories=&#8220;1,46&#8243; show_content=&#8220;on&#8220; show_author=&#8220;off&#8220; show_date=&#8220;off&#8220; show_categories=&#8220;off&#8220; _builder_version=&#8220;4.19.4&#8243; global_colors_info=&#8220;{}&#8220;][\/et_pb_blog][\/et_pb_column][\/et_pb_row][\/et_pb_section]<\/p>\n","protected":false},"excerpt":{"rendered":"<p>Guiding musicians to their full potentialSonusArts begleitet Berufsmusiker mit individuellem Coaching und organisiert Konzerte f\u00fcr Solisten und Ensembles.K-CLASSICS Jong Hai Park hat zahlreiche internationale Wettbewerbe gewonnen, darunter den 2. Preis beim Concours G\u00e9za Anda 2018 in Z\u00fcrich. Konzert in Z\u00fcrich Dienstag, 28. Januar 2025 um 19.30 Uhr Grosser Saal, Musikzentrum Florhof MKZ Programm und TicketNeue [&hellip;]<\/p>\n","protected":false},"author":2,"featured_media":0,"parent":0,"menu_order":0,"comment_status":"closed","ping_status":"closed","template":"","meta":{"_et_pb_use_builder":"on","_et_pb_old_content":"","_et_gb_content_width":"","footnotes":""},"class_list":["post-370","page","type-page","status-publish","hentry"],"yoast_head":"<!-- This site is optimized with the Yoast SEO plugin v27.1.1 - https:\/\/yoast.com\/product\/yoast-seo-wordpress\/ -->\n<title>SonusArts \u2013 Coaching &amp; Management<\/title>\n<meta name=\"description\" content=\"Seung-Yeun Huh und Mischa Greull \u2013 SonusArts begleitet Berufsmusiker mit individuellem Coaching und organisiert Konzerte f\u00fcr Solisten und Ensembles.\" \/>\n<meta name=\"robots\" content=\"index, follow, max-snippet:-1, max-image-preview:large, max-video-preview:-1\" \/>\n<link rel=\"canonical\" href=\"https:\/\/www.sonusarts.com\/de\/\" \/>\n<meta property=\"og:locale\" content=\"de_DE\" \/>\n<meta property=\"og:type\" content=\"article\" \/>\n<meta property=\"og:title\" content=\"SonusArts \u2013 Coaching &amp; Management\" \/>\n<meta property=\"og:description\" content=\"Seung-Yeun Huh und Mischa Greull \u2013 SonusArts begleitet Berufsmusiker mit individuellem Coaching und organisiert Konzerte f\u00fcr Solisten und Ensembles.\" \/>\n<meta property=\"og:url\" content=\"https:\/\/www.sonusarts.com\/de\/\" \/>\n<meta property=\"og:site_name\" content=\"SonusArts\" \/>\n<meta property=\"article:modified_time\" content=\"2025-01-03T11:16:57+00:00\" \/>\n<meta name=\"twitter:card\" content=\"summary_large_image\" \/>\n<meta name=\"twitter:label1\" content=\"Gesch\u00e4tzte Lesezeit\" \/>\n\t<meta name=\"twitter:data1\" content=\"2\u00a0Minuten\" \/>\n<script type=\"application\/ld+json\" class=\"yoast-schema-graph\">{\"@context\":\"https:\/\/schema.org\",\"@graph\":[{\"@type\":\"WebPage\",\"@id\":\"https:\/\/www.sonusarts.com\/de\/\",\"url\":\"https:\/\/www.sonusarts.com\/de\/\",\"name\":\"SonusArts \u2013 Coaching & Management\",\"isPartOf\":{\"@id\":\"https:\/\/www.sonusarts.com\/de\/#website\"},\"datePublished\":\"2020-02-23T11:51:50+00:00\",\"dateModified\":\"2025-01-03T11:16:57+00:00\",\"description\":\"Seung-Yeun Huh und Mischa Greull \u2013 SonusArts begleitet Berufsmusiker mit individuellem Coaching und organisiert Konzerte f\u00fcr Solisten und Ensembles.\",\"breadcrumb\":{\"@id\":\"https:\/\/www.sonusarts.com\/de\/#breadcrumb\"},\"inLanguage\":\"de\",\"potentialAction\":[{\"@type\":\"ReadAction\",\"target\":[\"https:\/\/www.sonusarts.com\/de\/\"]}]},{\"@type\":\"BreadcrumbList\",\"@id\":\"https:\/\/www.sonusarts.com\/de\/#breadcrumb\",\"itemListElement\":[{\"@type\":\"ListItem\",\"position\":1,\"name\":\"Home\",\"item\":\"https:\/\/www.sonusarts.com\/de\/\"},{\"@type\":\"ListItem\",\"position\":2,\"name\":\"Willkommen\"}]},{\"@type\":\"WebSite\",\"@id\":\"https:\/\/www.sonusarts.com\/de\/#website\",\"url\":\"https:\/\/www.sonusarts.com\/de\/\",\"name\":\"SonusArts\",\"description\":\"Guiding musicians to their full potential\",\"potentialAction\":[{\"@type\":\"SearchAction\",\"target\":{\"@type\":\"EntryPoint\",\"urlTemplate\":\"https:\/\/www.sonusarts.com\/de\/?s={search_term_string}\"},\"query-input\":{\"@type\":\"PropertyValueSpecification\",\"valueRequired\":true,\"valueName\":\"search_term_string\"}}],\"inLanguage\":\"de\"}]}<\/script>\n<!-- \/ Yoast SEO plugin. -->","yoast_head_json":{"title":"SonusArts \u2013 Coaching & Management","description":"Seung-Yeun Huh und Mischa Greull \u2013 SonusArts begleitet Berufsmusiker mit individuellem Coaching und organisiert Konzerte f\u00fcr Solisten und Ensembles.","robots":{"index":"index","follow":"follow","max-snippet":"max-snippet:-1","max-image-preview":"max-image-preview:large","max-video-preview":"max-video-preview:-1"},"canonical":"https:\/\/www.sonusarts.com\/de\/","og_locale":"de_DE","og_type":"article","og_title":"SonusArts \u2013 Coaching & Management","og_description":"Seung-Yeun Huh und Mischa Greull \u2013 SonusArts begleitet Berufsmusiker mit individuellem Coaching und organisiert Konzerte f\u00fcr Solisten und Ensembles.","og_url":"https:\/\/www.sonusarts.com\/de\/","og_site_name":"SonusArts","article_modified_time":"2025-01-03T11:16:57+00:00","twitter_card":"summary_large_image","twitter_misc":{"Gesch\u00e4tzte Lesezeit":"2\u00a0Minuten"},"schema":{"@context":"https:\/\/schema.org","@graph":[{"@type":"WebPage","@id":"https:\/\/www.sonusarts.com\/de\/","url":"https:\/\/www.sonusarts.com\/de\/","name":"SonusArts \u2013 Coaching & Management","isPartOf":{"@id":"https:\/\/www.sonusarts.com\/de\/#website"},"datePublished":"2020-02-23T11:51:50+00:00","dateModified":"2025-01-03T11:16:57+00:00","description":"Seung-Yeun Huh und Mischa Greull \u2013 SonusArts begleitet Berufsmusiker mit individuellem Coaching und organisiert Konzerte f\u00fcr Solisten und Ensembles.","breadcrumb":{"@id":"https:\/\/www.sonusarts.com\/de\/#breadcrumb"},"inLanguage":"de","potentialAction":[{"@type":"ReadAction","target":["https:\/\/www.sonusarts.com\/de\/"]}]},{"@type":"BreadcrumbList","@id":"https:\/\/www.sonusarts.com\/de\/#breadcrumb","itemListElement":[{"@type":"ListItem","position":1,"name":"Home","item":"https:\/\/www.sonusarts.com\/de\/"},{"@type":"ListItem","position":2,"name":"Willkommen"}]},{"@type":"WebSite","@id":"https:\/\/www.sonusarts.com\/de\/#website","url":"https:\/\/www.sonusarts.com\/de\/","name":"SonusArts","description":"Guiding musicians to their full potential","potentialAction":[{"@type":"SearchAction","target":{"@type":"EntryPoint","urlTemplate":"https:\/\/www.sonusarts.com\/de\/?s={search_term_string}"},"query-input":{"@type":"PropertyValueSpecification","valueRequired":true,"valueName":"search_term_string"}}],"inLanguage":"de"}]}},"_links":{"self":[{"href":"https:\/\/www.sonusarts.com\/de\/wp-json\/wp\/v2\/pages\/370","targetHints":{"allow":["GET"]}}],"collection":[{"href":"https:\/\/www.sonusarts.com\/de\/wp-json\/wp\/v2\/pages"}],"about":[{"href":"https:\/\/www.sonusarts.com\/de\/wp-json\/wp\/v2\/types\/page"}],"author":[{"embeddable":true,"href":"https:\/\/www.sonusarts.com\/de\/wp-json\/wp\/v2\/users\/2"}],"replies":[{"embeddable":true,"href":"https:\/\/www.sonusarts.com\/de\/wp-json\/wp\/v2\/comments?post=370"}],"version-history":[{"count":120,"href":"https:\/\/www.sonusarts.com\/de\/wp-json\/wp\/v2\/pages\/370\/revisions"}],"predecessor-version":[{"id":3761,"href":"https:\/\/www.sonusarts.com\/de\/wp-json\/wp\/v2\/pages\/370\/revisions\/3761"}],"wp:attachment":[{"href":"https:\/\/www.sonusarts.com\/de\/wp-json\/wp\/v2\/media?parent=370"}],"curies":[{"name":"wp","href":"https:\/\/api.w.org\/{rel}","templated":true}]}}