{"id":611,"date":"2020-10-18T12:42:36","date_gmt":"2020-10-18T10:42:36","guid":{"rendered":"https:\/\/www.sonusarts.com\/?page_id=611"},"modified":"2024-01-12T02:38:25","modified_gmt":"2024-01-12T01:38:25","slug":"matvey-demin","status":"publish","type":"page","link":"https:\/\/www.sonusarts.com\/de\/artists\/matvey-demin\/","title":{"rendered":"Matvey Demin"},"content":{"rendered":"<p>[et_pb_section fb_built=&#8220;1&#8243; _builder_version=&#8220;4.16&#8243; _module_preset=&#8220;default&#8220; global_colors_info=&#8220;{}&#8220;][et_pb_row column_structure=&#8220;1_2,1_2&#8243; _builder_version=&#8220;4.16&#8243; _module_preset=&#8220;default&#8220; global_colors_info=&#8220;{}&#8220;][et_pb_column type=&#8220;1_2&#8243; _builder_version=&#8220;4.16&#8243; _module_preset=&#8220;default&#8220; global_colors_info=&#8220;{}&#8220;][et_pb_image src=&#8220;https:\/\/www.sonusarts.com\/wp-content\/uploads\/matvey_demin.jpg&#8220; alt=&#8220;Matvey Demin&#8220; title_text=&#8220;Matvey Demin&#8220; _builder_version=&#8220;4.16&#8243; _module_preset=&#8220;default&#8220; global_colors_info=&#8220;{}&#8220;][\/et_pb_image][et_pb_text _builder_version=&#8220;4.16&#8243; _module_preset=&#8220;default&#8220; global_colors_info=&#8220;{}&#8220;]<\/p>\n<p><a href=\"https:\/\/www.matveydemin.com\/\" target=\"_blank\" rel=\"noopener\">www.matveydemin.com<\/a><\/p>\n<p>[\/et_pb_text][\/et_pb_column][et_pb_column type=&#8220;1_2&#8243; _builder_version=&#8220;4.16&#8243; _module_preset=&#8220;default&#8220; global_colors_info=&#8220;{}&#8220;][et_pb_text _builder_version=&#8220;4.23.4&#8243; _module_preset=&#8220;default&#8220; hover_enabled=&#8220;0&#8243; global_colors_info=&#8220;{}&#8220; sticky_enabled=&#8220;0&#8243;]<\/p>\n<p><strong>SonusArts Artist<\/strong><\/p>\n<h1>Matvey Demin<\/h1>\n<p>Matvey Demin geh\u00f6rt zu den vielversprechendsten K\u00fcnstlern seiner Generation. Geboren 1993 in Sibirien, Russland, begann Matvey bei seiner Gro\u00dfmutter mit dem Fl\u00f6tenunterricht und setzte seine Ausbildung in Hannover und M\u00fcnchen bei Prof. Andrea Lieberknecht fort.<\/p>\n<p>Matvey ist der erste in der Geschichte, der den 1. Preis in der Kategorie Holzblasinstrumente des weltber\u00fchmten Tschaikowsky-Wettbewerbs in Moskau und St. Petersburg gewonnen hat. Er ist auch Preistr\u00e4ger solcher Wettbewerbe wie des internationalen &#8222;Aeolus&#8220;-Wettbewerbs, des Internationalen Musikwettbewerbs der ARD (M\u00fcnchen), des internationalen Fl\u00f6tenwettbewerbs in Krakau, des internationalen Unisa-Musikwettbewerbs und vieler anderer Wettbewerbe.<\/p>\n<p>Im Alter von 20 Jahren trat Matvey dem Tonhalle-Orchester Z\u00fcrich als Co-Principal Solo Flute bei, wo er unter der Leitung so prominenter Dirigenten wie Paavo J\u00e4rvi, David Zinman, Bernhard Haitink und Franz Welser-M\u00f6st arbeitete.<\/p>\n<p>Seit der Saison 2022\/2023 ist er Solofl\u00f6tist im SWR Sinfonieorchester Stuttgart unter der Leitung von Teodor Currentzis.<\/p>\n<p>Matvey trat als Solist mit dem Tonhalle-Orchester Z\u00fcrich, dem Mariinsky-Orchester, den D\u00fcsseldorfer Symphonikern und vielen anderen auf. Im Sommer 2019 trat er in Japan mit dem PMF Orchestra unter der Leitung von Maestro Valery Gergiev auf.<\/p>\n<p>Matvey ist in der Kammermusikszene aktiv und trat bei folgenden Festivals auf: Davos Festival (Schweiz), Emilia Romagna Festival (Italien), Samos Young Artists Festival (Griechenland), International Molyvos Festival (Griechenland), Povoa de Varzim Festival International de Musica (Portugal) und Internationales Fl\u00f6tenfestival &#8222;Flute Virtuosi&#8220; in Sankt-Petersburg am Mariinsky Theater.<\/p>\n<p>&nbsp;<\/p>\n<p>[\/et_pb_text][\/et_pb_column][\/et_pb_row][\/et_pb_section]<\/p>\n","protected":false},"excerpt":{"rendered":"<p>www.matveydemin.comSonusArts Artist Matvey Demin Matvey Demin geh\u00f6rt zu den vielversprechendsten K\u00fcnstlern seiner Generation. Geboren 1993 in Sibirien, Russland, begann Matvey bei seiner Gro\u00dfmutter mit dem Fl\u00f6tenunterricht und setzte seine Ausbildung in Hannover und M\u00fcnchen bei Prof. Andrea Lieberknecht fort. Matvey ist der erste in der Geschichte, der den 1. Preis in der Kategorie Holzblasinstrumente des [&hellip;]<\/p>\n","protected":false},"author":2,"featured_media":0,"parent":420,"menu_order":0,"comment_status":"closed","ping_status":"closed","template":"","meta":{"_et_pb_use_builder":"on","_et_pb_old_content":"","_et_gb_content_width":"","footnotes":""},"class_list":["post-611","page","type-page","status-publish","hentry"],"yoast_head":"<!-- This site is optimized with the Yoast SEO plugin v27.1.1 - https:\/\/yoast.com\/product\/yoast-seo-wordpress\/ -->\n<title>Matvey Demin - SonusArts<\/title>\n<meta name=\"robots\" content=\"index, follow, max-snippet:-1, max-image-preview:large, max-video-preview:-1\" \/>\n<link rel=\"canonical\" href=\"https:\/\/www.sonusarts.com\/de\/artists\/matvey-demin\/\" \/>\n<meta property=\"og:locale\" content=\"de_DE\" \/>\n<meta property=\"og:type\" content=\"article\" \/>\n<meta property=\"og:title\" content=\"Matvey Demin - SonusArts\" \/>\n<meta property=\"og:description\" content=\"www.matveydemin.comSonusArts Artist Matvey Demin Matvey Demin geh\u00f6rt zu den vielversprechendsten K\u00fcnstlern seiner Generation. Geboren 1993 in Sibirien, Russland, begann Matvey bei seiner Gro\u00dfmutter mit dem Fl\u00f6tenunterricht und setzte seine Ausbildung in Hannover und M\u00fcnchen bei Prof. Andrea Lieberknecht fort. Matvey ist der erste in der Geschichte, der den 1. Preis in der Kategorie Holzblasinstrumente des [&hellip;]\" \/>\n<meta property=\"og:url\" content=\"https:\/\/www.sonusarts.com\/de\/artists\/matvey-demin\/\" \/>\n<meta property=\"og:site_name\" content=\"SonusArts\" \/>\n<meta property=\"article:modified_time\" content=\"2024-01-12T01:38:25+00:00\" \/>\n<meta name=\"twitter:card\" content=\"summary_large_image\" \/>\n<meta name=\"twitter:label1\" content=\"Gesch\u00e4tzte Lesezeit\" \/>\n\t<meta name=\"twitter:data1\" content=\"2\u00a0Minuten\" \/>\n<script type=\"application\/ld+json\" class=\"yoast-schema-graph\">{\"@context\":\"https:\/\/schema.org\",\"@graph\":[{\"@type\":\"WebPage\",\"@id\":\"https:\/\/www.sonusarts.com\/de\/artists\/matvey-demin\/\",\"url\":\"https:\/\/www.sonusarts.com\/de\/artists\/matvey-demin\/\",\"name\":\"Matvey Demin - SonusArts\",\"isPartOf\":{\"@id\":\"https:\/\/www.sonusarts.com\/de\/#website\"},\"datePublished\":\"2020-10-18T10:42:36+00:00\",\"dateModified\":\"2024-01-12T01:38:25+00:00\",\"breadcrumb\":{\"@id\":\"https:\/\/www.sonusarts.com\/de\/artists\/matvey-demin\/#breadcrumb\"},\"inLanguage\":\"de\",\"potentialAction\":[{\"@type\":\"ReadAction\",\"target\":[\"https:\/\/www.sonusarts.com\/de\/artists\/matvey-demin\/\"]}]},{\"@type\":\"BreadcrumbList\",\"@id\":\"https:\/\/www.sonusarts.com\/de\/artists\/matvey-demin\/#breadcrumb\",\"itemListElement\":[{\"@type\":\"ListItem\",\"position\":1,\"name\":\"Home\",\"item\":\"https:\/\/www.sonusarts.com\/de\/\"},{\"@type\":\"ListItem\",\"position\":2,\"name\":\"Artists\",\"item\":\"https:\/\/www.sonusarts.com\/de\/artists\/\"},{\"@type\":\"ListItem\",\"position\":3,\"name\":\"Matvey Demin\"}]},{\"@type\":\"WebSite\",\"@id\":\"https:\/\/www.sonusarts.com\/de\/#website\",\"url\":\"https:\/\/www.sonusarts.com\/de\/\",\"name\":\"SonusArts\",\"description\":\"Guiding musicians to their full potential\",\"potentialAction\":[{\"@type\":\"SearchAction\",\"target\":{\"@type\":\"EntryPoint\",\"urlTemplate\":\"https:\/\/www.sonusarts.com\/de\/?s={search_term_string}\"},\"query-input\":{\"@type\":\"PropertyValueSpecification\",\"valueRequired\":true,\"valueName\":\"search_term_string\"}}],\"inLanguage\":\"de\"}]}<\/script>\n<!-- \/ Yoast SEO plugin. -->","yoast_head_json":{"title":"Matvey Demin - SonusArts","robots":{"index":"index","follow":"follow","max-snippet":"max-snippet:-1","max-image-preview":"max-image-preview:large","max-video-preview":"max-video-preview:-1"},"canonical":"https:\/\/www.sonusarts.com\/de\/artists\/matvey-demin\/","og_locale":"de_DE","og_type":"article","og_title":"Matvey Demin - SonusArts","og_description":"www.matveydemin.comSonusArts Artist Matvey Demin Matvey Demin geh\u00f6rt zu den vielversprechendsten K\u00fcnstlern seiner Generation. Geboren 1993 in Sibirien, Russland, begann Matvey bei seiner Gro\u00dfmutter mit dem Fl\u00f6tenunterricht und setzte seine Ausbildung in Hannover und M\u00fcnchen bei Prof. Andrea Lieberknecht fort. Matvey ist der erste in der Geschichte, der den 1. Preis in der Kategorie Holzblasinstrumente des [&hellip;]","og_url":"https:\/\/www.sonusarts.com\/de\/artists\/matvey-demin\/","og_site_name":"SonusArts","article_modified_time":"2024-01-12T01:38:25+00:00","twitter_card":"summary_large_image","twitter_misc":{"Gesch\u00e4tzte Lesezeit":"2\u00a0Minuten"},"schema":{"@context":"https:\/\/schema.org","@graph":[{"@type":"WebPage","@id":"https:\/\/www.sonusarts.com\/de\/artists\/matvey-demin\/","url":"https:\/\/www.sonusarts.com\/de\/artists\/matvey-demin\/","name":"Matvey Demin - SonusArts","isPartOf":{"@id":"https:\/\/www.sonusarts.com\/de\/#website"},"datePublished":"2020-10-18T10:42:36+00:00","dateModified":"2024-01-12T01:38:25+00:00","breadcrumb":{"@id":"https:\/\/www.sonusarts.com\/de\/artists\/matvey-demin\/#breadcrumb"},"inLanguage":"de","potentialAction":[{"@type":"ReadAction","target":["https:\/\/www.sonusarts.com\/de\/artists\/matvey-demin\/"]}]},{"@type":"BreadcrumbList","@id":"https:\/\/www.sonusarts.com\/de\/artists\/matvey-demin\/#breadcrumb","itemListElement":[{"@type":"ListItem","position":1,"name":"Home","item":"https:\/\/www.sonusarts.com\/de\/"},{"@type":"ListItem","position":2,"name":"Artists","item":"https:\/\/www.sonusarts.com\/de\/artists\/"},{"@type":"ListItem","position":3,"name":"Matvey Demin"}]},{"@type":"WebSite","@id":"https:\/\/www.sonusarts.com\/de\/#website","url":"https:\/\/www.sonusarts.com\/de\/","name":"SonusArts","description":"Guiding musicians to their full potential","potentialAction":[{"@type":"SearchAction","target":{"@type":"EntryPoint","urlTemplate":"https:\/\/www.sonusarts.com\/de\/?s={search_term_string}"},"query-input":{"@type":"PropertyValueSpecification","valueRequired":true,"valueName":"search_term_string"}}],"inLanguage":"de"}]}},"_links":{"self":[{"href":"https:\/\/www.sonusarts.com\/de\/wp-json\/wp\/v2\/pages\/611","targetHints":{"allow":["GET"]}}],"collection":[{"href":"https:\/\/www.sonusarts.com\/de\/wp-json\/wp\/v2\/pages"}],"about":[{"href":"https:\/\/www.sonusarts.com\/de\/wp-json\/wp\/v2\/types\/page"}],"author":[{"embeddable":true,"href":"https:\/\/www.sonusarts.com\/de\/wp-json\/wp\/v2\/users\/2"}],"replies":[{"embeddable":true,"href":"https:\/\/www.sonusarts.com\/de\/wp-json\/wp\/v2\/comments?post=611"}],"version-history":[{"count":6,"href":"https:\/\/www.sonusarts.com\/de\/wp-json\/wp\/v2\/pages\/611\/revisions"}],"predecessor-version":[{"id":3470,"href":"https:\/\/www.sonusarts.com\/de\/wp-json\/wp\/v2\/pages\/611\/revisions\/3470"}],"up":[{"embeddable":true,"href":"https:\/\/www.sonusarts.com\/de\/wp-json\/wp\/v2\/pages\/420"}],"wp:attachment":[{"href":"https:\/\/www.sonusarts.com\/de\/wp-json\/wp\/v2\/media?parent=611"}],"curies":[{"name":"wp","href":"https:\/\/api.w.org\/{rel}","templated":true}]}}