{"id":717,"date":"2020-10-26T21:19:11","date_gmt":"2020-10-26T20:19:11","guid":{"rendered":"https:\/\/www.sonusarts.com\/coaching-seung-yeun-huh-copy\/"},"modified":"2022-04-23T07:17:06","modified_gmt":"2022-04-23T05:17:06","slug":"coaching-mischa-greull","status":"publish","type":"page","link":"https:\/\/www.sonusarts.com\/de\/coaching\/coaching-mischa-greull\/","title":{"rendered":"Coaching Mischa Greull"},"content":{"rendered":"<p>[et_pb_section fb_built=&#8220;1&#8243; fullwidth=&#8220;on&#8220; disabled_on=&#8220;off|off|off&#8220; admin_label=&#8220;Hero&#8220; _builder_version=&#8220;4.16&#8243; background_color=&#8220;#1f1f1f&#8220; parallax=&#8220;on&#8220; custom_padding=&#8220;|||&#8220; transparent_background=&#8220;on&#8220; global_colors_info=&#8220;{}&#8220;][et_pb_fullwidth_header title=&#8220;Coaching und Workshops&#8220; text_orientation=&#8220;center&#8220; button_one_url=&#8220;#sa_offer&#8220; button_two_url=&#8220;#sa_contact&#8220; background_overlay_color=&#8220;rgba(50,50,50,0.45)&#8220; subhead_font_color=&#8220;#bebebe&#8220; _builder_version=&#8220;4.16&#8243; title_font=&#8220;Playfair Display||||&#8220; title_text_color=&#8220;#ffffff&#8220; title_font_size=&#8220;72px&#8220; title_line_height=&#8220;1.3em&#8220; content_font=&#8220;Montserrat||||&#8220; content_text_color=&#8220;#ffffff&#8220; content_font_size=&#8220;24px&#8220; content_line_height=&#8220;1.8em&#8220; subhead_font=&#8220;Montserrat||||&#8220; subhead_text_color=&#8220;#bebebe&#8220; subhead_line_height=&#8220;1.8em&#8220; background_color=&#8220;#0C71C3&#8243; background_enable_image=&#8220;off&#8220; custom_button_one=&#8220;on&#8220; button_one_text_size=&#8220;18px&#8220; button_one_text_color=&#8220;#ffffff&#8220; button_one_border_width=&#8220;2px&#8220; button_one_border_color=&#8220;#ffffff&#8220; button_one_border_radius=&#8220;0px&#8220; button_one_letter_spacing=&#8220;1px&#8220; button_one_font=&#8220;Montserrat|||on|&#8220; button_one_use_icon=&#8220;off&#8220; custom_button_two=&#8220;on&#8220; button_two_text_size=&#8220;18px&#8220; button_two_text_color=&#8220;#ffffff&#8220; button_two_border_width=&#8220;2px&#8220; button_two_border_color=&#8220;#ffffff&#8220; button_two_border_radius=&#8220;0px&#8220; button_two_letter_spacing=&#8220;1px&#8220; button_two_font=&#8220;Montserrat|||on|&#8220; button_two_use_icon=&#8220;off&#8220; animation_style=&#8220;zoom&#8220; animation_duration=&#8220;1500ms&#8220; animation_intensity_zoom=&#8220;4%&#8220; title_font_size_tablet=&#8220;&#8220; title_font_size_phone=&#8220;56px&#8220; title_font_size_last_edited=&#8220;on|phone&#8220; title_line_height_last_edited=&#8220;off|desktop&#8220; button_one_border_radius_hover=&#8220;0px&#8220; button_one_letter_spacing_hover=&#8220;1px&#8220; button_two_letter_spacing_hover=&#8220;1px&#8220; global_colors_info=&#8220;{}&#8220; button_one_text_size__hover_enabled=&#8220;off&#8220; button_two_text_size__hover_enabled=&#8220;off&#8220; button_one_text_color__hover_enabled=&#8220;off&#8220; button_two_text_color__hover_enabled=&#8220;off&#8220; button_one_border_width__hover_enabled=&#8220;off&#8220; button_two_border_width__hover_enabled=&#8220;off&#8220; button_one_border_color__hover_enabled=&#8220;off&#8220; button_two_border_color__hover_enabled=&#8220;off&#8220; button_one_border_radius__hover_enabled=&#8220;on&#8220; button_one_border_radius__hover=&#8220;0px&#8220; button_two_border_radius__hover_enabled=&#8220;off&#8220; button_one_letter_spacing__hover_enabled=&#8220;on&#8220; button_one_letter_spacing__hover=&#8220;1px&#8220; button_two_letter_spacing__hover_enabled=&#8220;on&#8220; button_two_letter_spacing__hover=&#8220;1px&#8220; button_one_bg_color__hover_enabled=&#8220;off&#8220; button_two_bg_color__hover_enabled=&#8220;off&#8220;][\/et_pb_fullwidth_header][\/et_pb_section][et_pb_section fb_built=&#8220;1&#8243; admin_label=&#8220;Welcome To Royal&#8220; module_id=&#8220;sa_offer&#8220; _builder_version=&#8220;4.16&#8243; background_color=&#8220;#ffffff&#8220; background_position=&#8220;top_left&#8220; collapsed=&#8220;off&#8220; global_colors_info=&#8220;{}&#8220;][et_pb_row column_structure=&#8220;1_2,1_2&#8243; _builder_version=&#8220;4.16&#8243; background_size=&#8220;initial&#8220; background_position=&#8220;top_left&#8220; background_repeat=&#8220;repeat&#8220; custom_margin=&#8220;|||&#8220; global_colors_info=&#8220;{}&#8220;][et_pb_column type=&#8220;1_2&#8243; _builder_version=&#8220;4.16&#8243; background_position=&#8220;top_left&#8220; custom_padding=&#8220;0px|||&#8220; global_colors_info=&#8220;{}&#8220; custom_padding__hover=&#8220;|||&#8220;][et_pb_text admin_label=&#8220;Individuelles Coaching&#8220; _builder_version=&#8220;4.16&#8243; text_font=&#8220;Montserrat||||&#8220; text_text_color=&#8220;#939393&#8243; text_font_size=&#8220;17px&#8220; text_line_height=&#8220;1.8em&#8220; header_font=&#8220;||||&#8220; background_size=&#8220;initial&#8220; background_position=&#8220;top_left&#8220; background_repeat=&#8220;repeat&#8220; max_width=&#8220;700px&#8220; animation_direction=&#8220;top&#8220; global_colors_info=&#8220;{}&#8220;]<\/p>\n<h2>Individuelles Coaching mit SonusArts<\/h2>\n<p class=\"sa-lead\">Erfolgreich sein: Entdecken und entwickeln Sie Ihre St\u00e4rken<\/p>\n<h3>Auftrittskompetenz f\u00fcr Musikerinnen und Musiker<\/h3>\n<p>Analyse, Beratung und Training der wichtigen Bereiche der Auftrittskompetenz unter Ber\u00fccksichtigung der wichtigen Aspekte.<\/p>\n<h3>Ziele setzten und erreichen<\/h3>\n<p>Im pers\u00f6nlichen Gespr\u00e4ch analysieren wir gemeinsam Ihre W\u00fcnsche und setzten Ziele fest. Sie erhalten massgeschneiderte Inhalte und L\u00f6sungen, die Ihre Entwicklung positiv beeinflussen k\u00f6nnen und sie Ihren Zielen n\u00e4herbringen. Dank reicher Erfahrung der Dozierenden im Konzertbetrieb ist es uns m\u00f6glich, auf Ihre St\u00e4rken und Schw\u00e4chen einzugehen.<\/p>\n<h3>Potential aussch\u00f6pfen<\/h3>\n<p>Musikerinnen und Musiker leiden nicht selten darunter, dass Sie Ihr Potential in der Konzertsituation nicht voll aussch\u00f6pfen k\u00f6nnen. Wir finden heraus, welche Fokussierung Ihnen hilft, Ihr ganzes Talent mit Mut und Leidenschaft auf die B\u00fchne zu bringen.<\/p>\n<h3>Lampenfieber<\/h3>\n<p>Leiden Sie an \u00fcberm\u00e4ssigem Lampenfieber vor oder w\u00e4hrend des Konzertierens? Es gibt viele M\u00f6glichkeiten, den negativen Stress mit physischen \u00dcbungen und mentalem Training in positive Kraft zu verwandeln.<\/p>\n<h3>Flow<\/h3>\n<p>Vermissen Sie den Flow, der es erm\u00f6glicht, ganz in der Musik aufzugehen? Stabil und gleichzeitig beweglich zu sein ist m\u00f6glich! Mit der richtigen Spannungsverteilung in Ihrem K\u00f6rper werden Sie es erleben und immer wieder anwenden k\u00f6nnen.<\/p>\n<h3>Mentale St\u00e4rke<\/h3>\n<p>Stimmt die Realit\u00e4t mit Ihrer Vision \u00fcberein? Mit einem angepassten Training werden Sie mental an Sicherheit gewinnen und k\u00f6nnen ihre St\u00e4rken im Konzert ausspielen.<\/p>\n<p>[\/et_pb_text][et_pb_blurb use_icon=&#8220;on&#8220; font_icon=&#8220;&#xe00a;||divi||400&#8243; icon_color=&#8220;#eeeeee&#8220; image_icon_width=&#8220;64px&#8220; _builder_version=&#8220;4.16&#8243; _module_preset=&#8220;default&#8220; custom_margin=&#8220;24px||0px||false|false&#8220; icon_font_size=&#8220;64px&#8220; global_colors_info=&#8220;{}&#8220;][\/et_pb_blurb][et_pb_text admin_label=&#8220;Workshops f\u00fcr Orchester&#8220; _builder_version=&#8220;4.16&#8243; text_font=&#8220;Montserrat||||&#8220; text_text_color=&#8220;#939393&#8243; text_font_size=&#8220;17px&#8220; text_line_height=&#8220;1.8em&#8220; header_font=&#8220;||||&#8220; background_size=&#8220;initial&#8220; background_position=&#8220;top_left&#8220; background_repeat=&#8220;repeat&#8220; max_width=&#8220;700px&#8220; animation_direction=&#8220;top&#8220; global_colors_info=&#8220;{}&#8220;]<\/p>\n<h2>Workshops f\u00fcr Orchester mit SonusArts<\/h2>\n<p class=\"sa-lead\">Eine Weiterbildung, die besonders gesch\u00e4tzt wird.<\/p>\n<h3>Pr\u00e4vention<\/h3>\n<p>Der Pr\u00e4vention von Musikerkrankheiten messen wir bei SonusArts gr\u00f6sste Bedeutung zu. Meist vermischen sich psychische und physische Stressmomente im Beruf und k\u00f6nnen zu ernsthaften St\u00f6rungen, Sch\u00e4digungen oder gar Krankheiten f\u00fchren. Dessen ist man sich heute bewusst, jedoch fehlt oft das Wissen, wie der Teufelskreis durchbrochen werden kann.<\/p>\n<h3>Physische Ressourcen nutzen<\/h3>\n<p>Ein detailliert gebildeter Fokus richtet sich im Workshop auf die <strong>Spannungsverteilung<\/strong> im muskulo-faszialen Bereich des menschlichen K\u00f6rpers, denn hier entstehen bei ung\u00fcnstiger Spielhaltung die meisten Schmerzen, die sich im ung\u00fcnstigen Falle bis zu einer Entz\u00fcndung verschlimmern. Im Workshop <strong>\u00abPhysische Ressourcen nutzen\u00bb<\/strong> erhalten die Musikerinnen und Musiker Zugang zu erprobten \u00dcbungen aus der Musikphysiologie. N\u00fctzliche Tipps f\u00fcr eine individuell angepasste Spielposition im Sitzen oder Stehen k\u00f6nnen grosse Erleichterungen in den belastenden Orchesteralltag bringen. Neben Entspannungs- und Atem\u00fcbungen kommen dabei auch die Bereiche <strong>Dehnung und Kr\u00e4ftigung der Haltemuskulatur<\/strong> ausf\u00fchrlich zum Zuge.<\/p>\n<p>[\/et_pb_text][\/et_pb_column][et_pb_column type=&#8220;1_2&#8243; _builder_version=&#8220;4.16&#8243; background_position=&#8220;top_left&#8220; custom_padding=&#8220;|||&#8220; global_colors_info=&#8220;{}&#8220; custom_padding__hover=&#8220;|||&#8220;][et_pb_text admin_label=&#8220;Workshops an Musikschulen&#8220; _builder_version=&#8220;4.16&#8243; text_font=&#8220;Montserrat||||&#8220; text_text_color=&#8220;#939393&#8243; text_font_size=&#8220;17px&#8220; text_line_height=&#8220;1.8em&#8220; header_font=&#8220;||||&#8220; background_size=&#8220;initial&#8220; background_position=&#8220;top_left&#8220; background_repeat=&#8220;repeat&#8220; max_width=&#8220;700px&#8220; animation_direction=&#8220;top&#8220; global_colors_info=&#8220;{}&#8220;]<\/p>\n<h2>Workshops an Musikschulen mit SonusArts<\/h2>\n<p class=\"sa-lead\">Weiterbildungsangebot f\u00fcr Lehrpersonen, Klassen und Ensembles<\/p>\n<h3>Locker, verkrampft oder dynamisch aktiv am Instrument?<\/h3>\n<p>Bereits im Kindes- und Jugendalter werden die Weichen f\u00fcr eine gute Spielposition am oder mit dem Musikinstrument gestellt. Gerade im Wachstum befindliche Menschen brauchen die beste Beratung in der von Ver\u00e4nderungen gepr\u00e4gten Situation. Um dogmatische und stereotype Haltungen zu verhindern braucht es Anpassungsf\u00e4higkeit und Wissen, wie der K\u00f6rper in seiner Entwicklung optimal unterst\u00fctzt werden kann. Hier bieten die Erkenntnisse aus der Musikphysiologie wertvolle Inputs. Sie helfen sowohl Sch\u00fclern als auch Lehrpersonen, zus\u00e4tzliche Motivation und Freude beim \u00dcben und Konzertieren zu finden.<br \/> Mit einfachen und individuell angepassten \u00dcbungen kann die K\u00f6rperwahrnehmung geschult und die dynamische Spielposition gewinnbringend f\u00fcrs Musizieren eingesetzt werden.<\/p>\n<h3>Feedbackkultur entwickeln<\/h3>\n<p>Der Mensch mit seinen St\u00e4rken wird in den Fokus ger\u00fcckt. Lob f\u00fcr Gelungenes und Tipps f\u00fcr Verbesserungen. Ein simples, aber wirksames Konzept, bei welchem der Sch\u00fcler sich immer auch selbst Feedback geben darf. Aus Fehlern lernen wir, was noch zu verbessern ist und in einem positiven Umfeld lernen die Musizierenden, ihre St\u00e4rken zu entdecken und weiter zu entwickeln.<\/p>\n<p>[\/et_pb_text][et_pb_blurb use_icon=&#8220;on&#8220; font_icon=&#8220;&#xe00a;||divi||400&#8243; icon_color=&#8220;#eeeeee&#8220; image_icon_width=&#8220;64px&#8220; _builder_version=&#8220;4.16&#8243; _module_preset=&#8220;default&#8220; custom_margin=&#8220;24px||0px||false|false&#8220; icon_font_size=&#8220;64px&#8220; global_colors_info=&#8220;{}&#8220;][\/et_pb_blurb][et_pb_text _builder_version=&#8220;4.16&#8243; _module_preset=&#8220;default&#8220; global_colors_info=&#8220;{}&#8220;]<\/p>\n<p><strong>F\u00fcr SonusArts ist es selbstverst\u00e4ndlich, Ihre pers\u00f6nliche Privatsph\u00e4re zu respektieren und zu sch\u00fctzen. Wir garantieren bei jeder Beratung absolute Diskretion.<\/strong><\/p>\n<p>[\/et_pb_text][et_pb_button button_url=&#8220;@ET-DC@eyJkeW5hbWljIjp0cnVlLCJjb250ZW50IjoicG9zdF9saW5rX3VybF9wYWdlIiwic2V0dGluZ3MiOnsicG9zdF9pZCI6IjU1MiJ9fQ==@&#8220; button_text=&#8220;Kontakt aufnehmen&#8220; _builder_version=&#8220;4.16&#8243; _dynamic_attributes=&#8220;button_url&#8220; _module_preset=&#8220;default&#8220; global_colors_info=&#8220;{}&#8220;][\/et_pb_button][\/et_pb_column][\/et_pb_row][\/et_pb_section]<\/p>\n","protected":false},"excerpt":{"rendered":"<p>Individuelles Coaching mit SonusArts Erfolgreich sein: Entdecken und entwickeln Sie Ihre St\u00e4rken Auftrittskompetenz f\u00fcr Musikerinnen und Musiker Analyse, Beratung und Training der wichtigen Bereiche der Auftrittskompetenz unter Ber\u00fccksichtigung der wichtigen Aspekte. Ziele setzten und erreichen Im pers\u00f6nlichen Gespr\u00e4ch analysieren wir gemeinsam Ihre W\u00fcnsche und setzten Ziele fest. Sie erhalten massgeschneiderte Inhalte und L\u00f6sungen, die Ihre [&hellip;]<\/p>\n","protected":false},"author":2,"featured_media":0,"parent":381,"menu_order":0,"comment_status":"closed","ping_status":"open","template":"","meta":{"_et_pb_use_builder":"on","_et_pb_old_content":"","_et_gb_content_width":"","footnotes":""},"class_list":["post-717","page","type-page","status-publish","hentry"],"yoast_head":"<!-- This site is optimized with the Yoast SEO plugin v27.1.1 - https:\/\/yoast.com\/product\/yoast-seo-wordpress\/ -->\n<title>SonusArts \u2013 Individuelles Coaching f\u00fcr Musikstudenten und Berufsmusiker<\/title>\n<meta name=\"description\" content=\"Seung-Yeun Huh und Mischa Greull \u2013 selbst erfahrene und erfolgreiche Musiker \u2013 coachen angehende und etablierte Berufsmusiker in einem individuellen Rahmen.\" \/>\n<meta name=\"robots\" content=\"index, follow, max-snippet:-1, max-image-preview:large, max-video-preview:-1\" \/>\n<link rel=\"canonical\" href=\"https:\/\/www.sonusarts.com\/de\/coaching\/coaching-mischa-greull\/\" \/>\n<meta property=\"og:locale\" content=\"de_DE\" \/>\n<meta property=\"og:type\" content=\"article\" \/>\n<meta property=\"og:title\" content=\"SonusArts \u2013 Individuelles Coaching f\u00fcr Musikstudenten und Berufsmusiker\" \/>\n<meta property=\"og:description\" content=\"Seung-Yeun Huh und Mischa Greull \u2013 selbst erfahrene und erfolgreiche Musiker \u2013 coachen angehende und etablierte Berufsmusiker in einem individuellen Rahmen.\" \/>\n<meta property=\"og:url\" content=\"https:\/\/www.sonusarts.com\/de\/coaching\/coaching-mischa-greull\/\" \/>\n<meta property=\"og:site_name\" content=\"SonusArts\" \/>\n<meta property=\"article:modified_time\" content=\"2022-04-23T05:17:06+00:00\" \/>\n<meta name=\"twitter:card\" content=\"summary_large_image\" \/>\n<meta name=\"twitter:label1\" content=\"Gesch\u00e4tzte Lesezeit\" \/>\n\t<meta name=\"twitter:data1\" content=\"7\u00a0Minuten\" \/>\n<script type=\"application\/ld+json\" class=\"yoast-schema-graph\">{\"@context\":\"https:\/\/schema.org\",\"@graph\":[{\"@type\":\"WebPage\",\"@id\":\"https:\/\/www.sonusarts.com\/de\/coaching\/coaching-mischa-greull\/\",\"url\":\"https:\/\/www.sonusarts.com\/de\/coaching\/coaching-mischa-greull\/\",\"name\":\"SonusArts \u2013 Individuelles Coaching f\u00fcr Musikstudenten und Berufsmusiker\",\"isPartOf\":{\"@id\":\"https:\/\/www.sonusarts.com\/de\/#website\"},\"datePublished\":\"2020-10-26T20:19:11+00:00\",\"dateModified\":\"2022-04-23T05:17:06+00:00\",\"description\":\"Seung-Yeun Huh und Mischa Greull \u2013 selbst erfahrene und erfolgreiche Musiker \u2013 coachen angehende und etablierte Berufsmusiker in einem individuellen Rahmen.\",\"breadcrumb\":{\"@id\":\"https:\/\/www.sonusarts.com\/de\/coaching\/coaching-mischa-greull\/#breadcrumb\"},\"inLanguage\":\"de\",\"potentialAction\":[{\"@type\":\"ReadAction\",\"target\":[\"https:\/\/www.sonusarts.com\/de\/coaching\/coaching-mischa-greull\/\"]}]},{\"@type\":\"BreadcrumbList\",\"@id\":\"https:\/\/www.sonusarts.com\/de\/coaching\/coaching-mischa-greull\/#breadcrumb\",\"itemListElement\":[{\"@type\":\"ListItem\",\"position\":1,\"name\":\"Home\",\"item\":\"https:\/\/www.sonusarts.com\/de\/\"},{\"@type\":\"ListItem\",\"position\":2,\"name\":\"Coaching\",\"item\":\"https:\/\/www.sonusarts.com\/de\/coaching\/\"},{\"@type\":\"ListItem\",\"position\":3,\"name\":\"Coaching Mischa Greull\"}]},{\"@type\":\"WebSite\",\"@id\":\"https:\/\/www.sonusarts.com\/de\/#website\",\"url\":\"https:\/\/www.sonusarts.com\/de\/\",\"name\":\"SonusArts\",\"description\":\"Guiding musicians to their full potential\",\"potentialAction\":[{\"@type\":\"SearchAction\",\"target\":{\"@type\":\"EntryPoint\",\"urlTemplate\":\"https:\/\/www.sonusarts.com\/de\/?s={search_term_string}\"},\"query-input\":{\"@type\":\"PropertyValueSpecification\",\"valueRequired\":true,\"valueName\":\"search_term_string\"}}],\"inLanguage\":\"de\"}]}<\/script>\n<!-- \/ Yoast SEO plugin. -->","yoast_head_json":{"title":"SonusArts \u2013 Individuelles Coaching f\u00fcr Musikstudenten und Berufsmusiker","description":"Seung-Yeun Huh und Mischa Greull \u2013 selbst erfahrene und erfolgreiche Musiker \u2013 coachen angehende und etablierte Berufsmusiker in einem individuellen Rahmen.","robots":{"index":"index","follow":"follow","max-snippet":"max-snippet:-1","max-image-preview":"max-image-preview:large","max-video-preview":"max-video-preview:-1"},"canonical":"https:\/\/www.sonusarts.com\/de\/coaching\/coaching-mischa-greull\/","og_locale":"de_DE","og_type":"article","og_title":"SonusArts \u2013 Individuelles Coaching f\u00fcr Musikstudenten und Berufsmusiker","og_description":"Seung-Yeun Huh und Mischa Greull \u2013 selbst erfahrene und erfolgreiche Musiker \u2013 coachen angehende und etablierte Berufsmusiker in einem individuellen Rahmen.","og_url":"https:\/\/www.sonusarts.com\/de\/coaching\/coaching-mischa-greull\/","og_site_name":"SonusArts","article_modified_time":"2022-04-23T05:17:06+00:00","twitter_card":"summary_large_image","twitter_misc":{"Gesch\u00e4tzte Lesezeit":"7\u00a0Minuten"},"schema":{"@context":"https:\/\/schema.org","@graph":[{"@type":"WebPage","@id":"https:\/\/www.sonusarts.com\/de\/coaching\/coaching-mischa-greull\/","url":"https:\/\/www.sonusarts.com\/de\/coaching\/coaching-mischa-greull\/","name":"SonusArts \u2013 Individuelles Coaching f\u00fcr Musikstudenten und Berufsmusiker","isPartOf":{"@id":"https:\/\/www.sonusarts.com\/de\/#website"},"datePublished":"2020-10-26T20:19:11+00:00","dateModified":"2022-04-23T05:17:06+00:00","description":"Seung-Yeun Huh und Mischa Greull \u2013 selbst erfahrene und erfolgreiche Musiker \u2013 coachen angehende und etablierte Berufsmusiker in einem individuellen Rahmen.","breadcrumb":{"@id":"https:\/\/www.sonusarts.com\/de\/coaching\/coaching-mischa-greull\/#breadcrumb"},"inLanguage":"de","potentialAction":[{"@type":"ReadAction","target":["https:\/\/www.sonusarts.com\/de\/coaching\/coaching-mischa-greull\/"]}]},{"@type":"BreadcrumbList","@id":"https:\/\/www.sonusarts.com\/de\/coaching\/coaching-mischa-greull\/#breadcrumb","itemListElement":[{"@type":"ListItem","position":1,"name":"Home","item":"https:\/\/www.sonusarts.com\/de\/"},{"@type":"ListItem","position":2,"name":"Coaching","item":"https:\/\/www.sonusarts.com\/de\/coaching\/"},{"@type":"ListItem","position":3,"name":"Coaching Mischa Greull"}]},{"@type":"WebSite","@id":"https:\/\/www.sonusarts.com\/de\/#website","url":"https:\/\/www.sonusarts.com\/de\/","name":"SonusArts","description":"Guiding musicians to their full potential","potentialAction":[{"@type":"SearchAction","target":{"@type":"EntryPoint","urlTemplate":"https:\/\/www.sonusarts.com\/de\/?s={search_term_string}"},"query-input":{"@type":"PropertyValueSpecification","valueRequired":true,"valueName":"search_term_string"}}],"inLanguage":"de"}]}},"_links":{"self":[{"href":"https:\/\/www.sonusarts.com\/de\/wp-json\/wp\/v2\/pages\/717","targetHints":{"allow":["GET"]}}],"collection":[{"href":"https:\/\/www.sonusarts.com\/de\/wp-json\/wp\/v2\/pages"}],"about":[{"href":"https:\/\/www.sonusarts.com\/de\/wp-json\/wp\/v2\/types\/page"}],"author":[{"embeddable":true,"href":"https:\/\/www.sonusarts.com\/de\/wp-json\/wp\/v2\/users\/2"}],"replies":[{"embeddable":true,"href":"https:\/\/www.sonusarts.com\/de\/wp-json\/wp\/v2\/comments?post=717"}],"version-history":[{"count":19,"href":"https:\/\/www.sonusarts.com\/de\/wp-json\/wp\/v2\/pages\/717\/revisions"}],"predecessor-version":[{"id":2681,"href":"https:\/\/www.sonusarts.com\/de\/wp-json\/wp\/v2\/pages\/717\/revisions\/2681"}],"up":[{"embeddable":true,"href":"https:\/\/www.sonusarts.com\/de\/wp-json\/wp\/v2\/pages\/381"}],"wp:attachment":[{"href":"https:\/\/www.sonusarts.com\/de\/wp-json\/wp\/v2\/media?parent=717"}],"curies":[{"name":"wp","href":"https:\/\/api.w.org\/{rel}","templated":true}]}}