{"id":1452,"date":"2021-01-23T15:02:35","date_gmt":"2021-01-23T14:02:35","guid":{"rendered":"https:\/\/www.sonusarts.com\/management\/donghwan-yoon\/"},"modified":"2022-03-25T22:47:22","modified_gmt":"2022-03-25T21:47:22","slug":"donghwan-yoon","status":"publish","type":"page","link":"https:\/\/www.sonusarts.com\/en\/artists\/donghwan-yoon\/","title":{"rendered":"Donghwan Yoon"},"content":{"rendered":"<p>[et_pb_section fb_built=&#8221;1&#8243; _builder_version=&#8221;4.6.6&#8243; _module_preset=&#8221;default&#8221; global_colors_info=&#8221;{}&#8221;][et_pb_row column_structure=&#8221;1_2,1_2&#8243; _builder_version=&#8221;4.6.6&#8243; _module_preset=&#8221;default&#8221; global_colors_info=&#8221;{}&#8221;][et_pb_column type=&#8221;1_2&#8243; _builder_version=&#8221;4.6.6&#8243; _module_preset=&#8221;default&#8221; global_colors_info=&#8221;{}&#8221;][et_pb_image src=&#8221;https:\/\/www.sonusarts.com\/wp-content\/uploads\/donghwan_yoon_800x1200.jpg&#8221; alt=&#8221;Donghwan Yoon&#8221; title_text=&#8221;Donghwan Yoon&#8221; _builder_version=&#8221;4.8.1&#8243; _module_preset=&#8221;default&#8221; global_colors_info=&#8221;{}&#8221;][\/et_pb_image][\/et_pb_column][et_pb_column type=&#8221;1_2&#8243; _builder_version=&#8221;4.6.6&#8243; _module_preset=&#8221;default&#8221; global_colors_info=&#8221;{}&#8221;][et_pb_text _builder_version=&#8221;4.8.1&#8243; _module_preset=&#8221;default&#8221; global_colors_info=&#8221;{}&#8221;]<strong>SonusArts Artist<\/strong><\/p>\n<h1>Donghwan Yoon<\/h1>\n<p>Violinist Donghwan Yoon is named the prizewinner of the \u201cEmerging Artists Award\u201d by the Korea Music Journal, and he was selected as an artist for the \u2018Samsung Rising Star\u2019 Series in 2016. As a soloist, he performed in Florence (Italy), Apeldoorn (Netherlands), Bonn, Cologne (Germany), and at the \u201cKlassik Fest 2009\u201d in Switzerland, and in 2011, he was invited to perform at the Klassik Fest and the Zurich Arts Festival. The following year in 2012, he was chosen as the featured artist for the \u201cSurprise Concert\u201d at the Zurich Tonhalle, and that performance was recorded live.<\/p>\n<p>Donghwan Yoon settled in Seoul, Korea, and launched his career there with his highly praised recital at the Seoul Arts Center in February 2015. He performs actively as a member of the Korean Chamber Orchestra and guest concertmaster of the Pohang Symphony Orchestra and Chungnam Symphony Orchestra, as well as a member of the ZHdK Strings.<\/p>\n<p>He has performed such renowned musicians as Shlomo Mintz, Sarah Chang, Arto Noras, Ilya Gringolts, Rudolf Koelman, Elina V\u00e4h\u00e4l\u00e4.<\/p>\n<p>Currently He is teaching at Yonsei University in Korea.<\/p>\n<p>Donghwan Yoon performs on a 1712 Carlo Giuseppe Testore violin of Milano.[\/et_pb_text][\/et_pb_column][\/et_pb_row][et_pb_row column_structure=&#8221;1_4,1_4,1_4,1_4&#8243; _builder_version=&#8221;4.14.7&#8243; _module_preset=&#8221;default&#8221; global_colors_info=&#8221;{}&#8221;][et_pb_column type=&#8221;1_4&#8243; _builder_version=&#8221;4.14.7&#8243; _module_preset=&#8221;default&#8221; global_colors_info=&#8221;{}&#8221;][et_pb_image src=&#8221;https:\/\/www.sonusarts.com\/wp-content\/uploads\/Donghwan-Yoon-Poster.jpg&#8221; alt=&#8221;Donghwan Yoon Poster&#8221; title_text=&#8221;Donghwan Yoon Poster&#8221; _builder_version=&#8221;4.14.7&#8243; _module_preset=&#8221;default&#8221; global_colors_info=&#8221;{}&#8221;][\/et_pb_image][\/et_pb_column][et_pb_column type=&#8221;1_4&#8243; _builder_version=&#8221;4.14.7&#8243; _module_preset=&#8221;default&#8221; global_colors_info=&#8221;{}&#8221;][et_pb_image src=&#8221;https:\/\/www.sonusarts.com\/wp-content\/uploads\/IMG_3710.jpg&#8221; alt=&#8221;Donghwan Yoon&#8221; title_text=&#8221;IMG_3710&#8243; _builder_version=&#8221;4.14.7&#8243; _module_preset=&#8221;default&#8221; global_colors_info=&#8221;{}&#8221;][\/et_pb_image][\/et_pb_column][et_pb_column type=&#8221;1_4&#8243; _builder_version=&#8221;4.14.7&#8243; _module_preset=&#8221;default&#8221; global_colors_info=&#8221;{}&#8221;][\/et_pb_column][et_pb_column type=&#8221;1_4&#8243; _builder_version=&#8221;4.14.7&#8243; _module_preset=&#8221;default&#8221; global_colors_info=&#8221;{}&#8221;][\/et_pb_column][\/et_pb_row][\/et_pb_section]<\/p>\n","protected":false},"excerpt":{"rendered":"<p>SonusArts Artist Donghwan Yoon Violinist Donghwan Yoon is named the prizewinner of the \u201cEmerging Artists Award\u201d by the Korea Music Journal, and he was selected as an artist for the \u2018Samsung Rising Star\u2019 Series in 2016. As a soloist, he performed in Florence (Italy), Apeldoorn (Netherlands), Bonn, Cologne (Germany), and at the \u201cKlassik Fest 2009\u201d [&hellip;]<\/p>\n","protected":false},"author":2,"featured_media":0,"parent":505,"menu_order":0,"comment_status":"closed","ping_status":"closed","template":"","meta":{"_et_pb_use_builder":"on","_et_pb_old_content":"","_et_gb_content_width":"","footnotes":""},"class_list":["post-1452","page","type-page","status-publish","hentry"],"yoast_head":"<!-- This site is optimized with the Yoast SEO plugin v27.1.1 - https:\/\/yoast.com\/product\/yoast-seo-wordpress\/ -->\n<title>Donghwan Yoon - SonusArts<\/title>\n<meta name=\"robots\" content=\"index, follow, max-snippet:-1, max-image-preview:large, max-video-preview:-1\" \/>\n<link rel=\"canonical\" href=\"https:\/\/www.sonusarts.com\/en\/artists\/donghwan-yoon\/\" \/>\n<meta property=\"og:locale\" content=\"en_US\" \/>\n<meta property=\"og:type\" content=\"article\" \/>\n<meta property=\"og:title\" content=\"Donghwan Yoon - SonusArts\" \/>\n<meta property=\"og:description\" content=\"SonusArts Artist Donghwan Yoon Violinist Donghwan Yoon is named the prizewinner of the \u201cEmerging Artists Award\u201d by the Korea Music Journal, and he was selected as an artist for the \u2018Samsung Rising Star\u2019 Series in 2016. As a soloist, he performed in Florence (Italy), Apeldoorn (Netherlands), Bonn, Cologne (Germany), and at the \u201cKlassik Fest 2009\u201d [&hellip;]\" \/>\n<meta property=\"og:url\" content=\"https:\/\/www.sonusarts.com\/en\/artists\/donghwan-yoon\/\" \/>\n<meta property=\"og:site_name\" content=\"SonusArts\" \/>\n<meta property=\"article:modified_time\" content=\"2022-03-25T21:47:22+00:00\" \/>\n<meta name=\"twitter:card\" content=\"summary_large_image\" \/>\n<meta name=\"twitter:label1\" content=\"Est. reading time\" \/>\n\t<meta name=\"twitter:data1\" content=\"2 minutes\" \/>\n<script type=\"application\/ld+json\" class=\"yoast-schema-graph\">{\"@context\":\"https:\/\/schema.org\",\"@graph\":[{\"@type\":\"WebPage\",\"@id\":\"https:\/\/www.sonusarts.com\/en\/artists\/donghwan-yoon\/\",\"url\":\"https:\/\/www.sonusarts.com\/en\/artists\/donghwan-yoon\/\",\"name\":\"Donghwan Yoon - SonusArts\",\"isPartOf\":{\"@id\":\"https:\/\/www.sonusarts.com\/en\/#website\"},\"datePublished\":\"2021-01-23T14:02:35+00:00\",\"dateModified\":\"2022-03-25T21:47:22+00:00\",\"breadcrumb\":{\"@id\":\"https:\/\/www.sonusarts.com\/en\/artists\/donghwan-yoon\/#breadcrumb\"},\"inLanguage\":\"en-US\",\"potentialAction\":[{\"@type\":\"ReadAction\",\"target\":[\"https:\/\/www.sonusarts.com\/en\/artists\/donghwan-yoon\/\"]}]},{\"@type\":\"BreadcrumbList\",\"@id\":\"https:\/\/www.sonusarts.com\/en\/artists\/donghwan-yoon\/#breadcrumb\",\"itemListElement\":[{\"@type\":\"ListItem\",\"position\":1,\"name\":\"Home\",\"item\":\"https:\/\/www.sonusarts.com\/en\/\"},{\"@type\":\"ListItem\",\"position\":2,\"name\":\"Artists\",\"item\":\"https:\/\/www.sonusarts.com\/en\/artists\/\"},{\"@type\":\"ListItem\",\"position\":3,\"name\":\"Donghwan Yoon\"}]},{\"@type\":\"WebSite\",\"@id\":\"https:\/\/www.sonusarts.com\/en\/#website\",\"url\":\"https:\/\/www.sonusarts.com\/en\/\",\"name\":\"SonusArts\",\"description\":\"Guiding musicians to their full potential\",\"potentialAction\":[{\"@type\":\"SearchAction\",\"target\":{\"@type\":\"EntryPoint\",\"urlTemplate\":\"https:\/\/www.sonusarts.com\/en\/?s={search_term_string}\"},\"query-input\":{\"@type\":\"PropertyValueSpecification\",\"valueRequired\":true,\"valueName\":\"search_term_string\"}}],\"inLanguage\":\"en-US\"}]}<\/script>\n<!-- \/ Yoast SEO plugin. -->","yoast_head_json":{"title":"Donghwan Yoon - SonusArts","robots":{"index":"index","follow":"follow","max-snippet":"max-snippet:-1","max-image-preview":"max-image-preview:large","max-video-preview":"max-video-preview:-1"},"canonical":"https:\/\/www.sonusarts.com\/en\/artists\/donghwan-yoon\/","og_locale":"en_US","og_type":"article","og_title":"Donghwan Yoon - SonusArts","og_description":"SonusArts Artist Donghwan Yoon Violinist Donghwan Yoon is named the prizewinner of the \u201cEmerging Artists Award\u201d by the Korea Music Journal, and he was selected as an artist for the \u2018Samsung Rising Star\u2019 Series in 2016. As a soloist, he performed in Florence (Italy), Apeldoorn (Netherlands), Bonn, Cologne (Germany), and at the \u201cKlassik Fest 2009\u201d [&hellip;]","og_url":"https:\/\/www.sonusarts.com\/en\/artists\/donghwan-yoon\/","og_site_name":"SonusArts","article_modified_time":"2022-03-25T21:47:22+00:00","twitter_card":"summary_large_image","twitter_misc":{"Est. reading time":"2 minutes"},"schema":{"@context":"https:\/\/schema.org","@graph":[{"@type":"WebPage","@id":"https:\/\/www.sonusarts.com\/en\/artists\/donghwan-yoon\/","url":"https:\/\/www.sonusarts.com\/en\/artists\/donghwan-yoon\/","name":"Donghwan Yoon - SonusArts","isPartOf":{"@id":"https:\/\/www.sonusarts.com\/en\/#website"},"datePublished":"2021-01-23T14:02:35+00:00","dateModified":"2022-03-25T21:47:22+00:00","breadcrumb":{"@id":"https:\/\/www.sonusarts.com\/en\/artists\/donghwan-yoon\/#breadcrumb"},"inLanguage":"en-US","potentialAction":[{"@type":"ReadAction","target":["https:\/\/www.sonusarts.com\/en\/artists\/donghwan-yoon\/"]}]},{"@type":"BreadcrumbList","@id":"https:\/\/www.sonusarts.com\/en\/artists\/donghwan-yoon\/#breadcrumb","itemListElement":[{"@type":"ListItem","position":1,"name":"Home","item":"https:\/\/www.sonusarts.com\/en\/"},{"@type":"ListItem","position":2,"name":"Artists","item":"https:\/\/www.sonusarts.com\/en\/artists\/"},{"@type":"ListItem","position":3,"name":"Donghwan Yoon"}]},{"@type":"WebSite","@id":"https:\/\/www.sonusarts.com\/en\/#website","url":"https:\/\/www.sonusarts.com\/en\/","name":"SonusArts","description":"Guiding musicians to their full potential","potentialAction":[{"@type":"SearchAction","target":{"@type":"EntryPoint","urlTemplate":"https:\/\/www.sonusarts.com\/en\/?s={search_term_string}"},"query-input":{"@type":"PropertyValueSpecification","valueRequired":true,"valueName":"search_term_string"}}],"inLanguage":"en-US"}]}},"_links":{"self":[{"href":"https:\/\/www.sonusarts.com\/en\/wp-json\/wp\/v2\/pages\/1452","targetHints":{"allow":["GET"]}}],"collection":[{"href":"https:\/\/www.sonusarts.com\/en\/wp-json\/wp\/v2\/pages"}],"about":[{"href":"https:\/\/www.sonusarts.com\/en\/wp-json\/wp\/v2\/types\/page"}],"author":[{"embeddable":true,"href":"https:\/\/www.sonusarts.com\/en\/wp-json\/wp\/v2\/users\/2"}],"replies":[{"embeddable":true,"href":"https:\/\/www.sonusarts.com\/en\/wp-json\/wp\/v2\/comments?post=1452"}],"version-history":[{"count":11,"href":"https:\/\/www.sonusarts.com\/en\/wp-json\/wp\/v2\/pages\/1452\/revisions"}],"predecessor-version":[{"id":2615,"href":"https:\/\/www.sonusarts.com\/en\/wp-json\/wp\/v2\/pages\/1452\/revisions\/2615"}],"up":[{"embeddable":true,"href":"https:\/\/www.sonusarts.com\/en\/wp-json\/wp\/v2\/pages\/505"}],"wp:attachment":[{"href":"https:\/\/www.sonusarts.com\/en\/wp-json\/wp\/v2\/media?parent=1452"}],"curies":[{"name":"wp","href":"https:\/\/api.w.org\/{rel}","templated":true}]}}